{"id":9147,"date":"2024-05-22T10:57:39","date_gmt":"2024-05-22T08:57:39","guid":{"rendered":"https:\/\/salone.mg\/?post_type=product&#038;p=9147"},"modified":"2025-07-11T13:21:33","modified_gmt":"2025-07-11T11:21:33","slug":"vinaigre-1l-rouge-salone-6","status":"publish","type":"product","link":"https:\/\/salone.mg\/en\/product\/vinaigre-1l-rouge-salone-6\/","title":{"rendered":"Vinaigre 1L Rouge SALONE 6\u00b0"},"content":{"rendered":"<div class=\"flex-1 overflow-hidden\">\n<div class=\"h-full\">\n<div class=\"react-scroll-to-bottom--css-lticb-79elbk h-full\">\n<div class=\"react-scroll-to-bottom--css-lticb-1n7m0yu\">\n<div class=\"flex flex-col text-sm md:pb-9\">\n<div class=\"w-full text-token-text-primary\" dir=\"auto\" data-testid=\"conversation-turn-49\" data-scroll-anchor=\"true\">\n<div class=\"text-base py-[18px] px-3 md:px-4 m-auto md:px-5 lg:px-1 xl:px-5\">\n<div class=\"mx-auto flex flex-1 gap-4 text-base md:gap-5 lg:gap-6 md:max-w-3xl\">\n<div class=\"group\/conversation-turn relative flex w-full min-w-0 flex-col agent-turn\">\n<div class=\"flex-col gap-1 md:gap-3\">\n<div class=\"flex max-w-full flex-col flex-grow\">\n<div class=\"min-h-[20px] text-message flex w-full flex-col items-end gap-2 whitespace-pre-wrap break-words [.text-message+&amp;]:mt-5 overflow-x-auto\" dir=\"auto\" data-message-author-role=\"assistant\" data-message-id=\"fda5b5fb-9621-494c-9602-35e70019bba8\">\n<div class=\"flex w-full flex-col gap-1 empty:hidden first:pt-[3px]\">\n<div class=\"markdown prose w-full break-words dark:prose-invert light\">\n<p><strong>Vinaigre Rouge Salone 6\u00b0 &#8211; 1 L<\/strong><\/p>\n<p>Ajoutez une touche de saveur \u00e0 vos plats avec le vinaigre rouge Salone 6\u00b0. Chaque bouteille de 1 L est parfaite pour rehausser vos condiments, marinades et plats faits maison.<\/p>\n<p><strong>Caract\u00e9ristiques :<\/strong><\/p>\n<ul>\n<li><strong>Poids net<\/strong> : 1 L<\/li>\n<li><strong>Cat\u00e9gorie<\/strong> : Condiments<\/li>\n<li><strong>Conditionnement<\/strong> : Pack de 6 bouteilles<\/li>\n<\/ul>\n<p><strong>Mode de conservation :<\/strong><\/p>\n<ul>\n<li>Conservez dans un endroit sec, \u00e0 l\u2019abri de la lumi\u00e8re directe et des temp\u00e9ratures \u00e9lev\u00e9es.<\/li>\n<\/ul>\n<p>Le vinaigre rouge Salone 6\u00b0 en pack de 6 bouteilles de 1 L est id\u00e9al pour ceux qui cherchent \u00e0 ajouter de l\u2019acidit\u00e9 et de la profondeur \u00e0 leurs recettes. Son conditionnement pratique assure que vous en ayez toujours sous la main pour toutes vos cr\u00e9ations culinaires.<\/p>\n<\/div>\n<\/div>\n<\/div>\n<\/div>\n<\/div>\n<\/div>\n<\/div>\n<\/div>\n<\/div>\n<\/div>\n<\/div>\n<\/div>\n<\/div>\n<\/div>\n","protected":false},"excerpt":{"rendered":"<p>Vinaigre Rouge Salone 6\u00b0 &#8211; 1 L Ajoutez une touche de saveur \u00e0 vos plats avec le vinaigre rouge Salone 6\u00b0. Chaque bouteille de 1 L est parfaite pour rehausser vos condiments, marinades et plats faits maison. Caract\u00e9ristiques : Poids net : 1 L Cat\u00e9gorie : Condiments Conditionnement : Pack de 6 bouteilles Mode de [&hellip;]<\/p>\n","protected":false},"featured_media":8346,"comment_status":"open","ping_status":"closed","template":"","meta":{"_acf_changed":false,"om_disable_all_campaigns":false,"inline_featured_image":false,"_monsterinsights_skip_tracking":false,"_monsterinsights_sitenote_active":false,"_monsterinsights_sitenote_note":"","_monsterinsights_sitenote_category":0,"_uf_show_specific_survey":0,"_uf_disable_surveys":false},"product_cat":[44],"product_tag":[],"class_list":{"0":"post-9147","1":"product","2":"type-product","3":"status-publish","4":"has-post-thumbnail","6":"product_cat-condiment","8":"first","9":"instock","10":"shipping-taxable","11":"product-type-simple"},"acf":[],"yoast_head":"<!-- This site is optimized with the Yoast SEO plugin v27.4 - https:\/\/yoast.com\/product\/yoast-seo-wordpress\/ -->\n<title>Vinaigre 1L Rouge SALONE 6\u00b0 - Salone<\/title>\n<meta name=\"description\" content=\"Vinaigre Rouge Salone 6\u00b0 1 L, id\u00e9al pour vos recettes et marinades. Pack de 6 bouteilles. Conservez \u00e0 l\u2019abri de la lumi\u00e8re et des temp\u00e9ratures \u00e9lev\u00e9es.\" \/>\n<meta name=\"robots\" content=\"index, follow, max-snippet:-1, max-image-preview:large, max-video-preview:-1\" \/>\n<link rel=\"canonical\" href=\"https:\/\/salone.mg\/en\/product\/vinaigre-1l-rouge-salone-6\/\" \/>\n<meta property=\"og:locale\" content=\"en_US\" \/>\n<meta property=\"og:type\" content=\"article\" \/>\n<meta property=\"og:title\" content=\"Vinaigre 1L Rouge SALONE 6\u00b0 - Salone\" \/>\n<meta property=\"og:description\" content=\"Vinaigre Rouge Salone 6\u00b0 1 L, id\u00e9al pour vos recettes et marinades. Pack de 6 bouteilles. Conservez \u00e0 l\u2019abri de la lumi\u00e8re et des temp\u00e9ratures \u00e9lev\u00e9es.\" \/>\n<meta property=\"og:url\" content=\"https:\/\/salone.mg\/en\/product\/vinaigre-1l-rouge-salone-6\/\" \/>\n<meta property=\"og:site_name\" content=\"Salone\" \/>\n<meta property=\"article:modified_time\" content=\"2025-07-11T11:21:33+00:00\" \/>\n<meta property=\"og:image\" content=\"https:\/\/salone.mg\/wp-content\/uploads\/2024\/03\/SAL-CONDVIN-PACK-ROUGE-1L-copie.png?v=1713265335\" \/>\n\t<meta property=\"og:image:width\" content=\"2560\" \/>\n\t<meta property=\"og:image:height\" content=\"2560\" \/>\n\t<meta property=\"og:image:type\" content=\"image\/png\" \/>\n<meta name=\"twitter:card\" content=\"summary_large_image\" \/>\n<meta name=\"twitter:label1\" content=\"Est. reading time\" \/>\n\t<meta name=\"twitter:data1\" content=\"1 minute\" \/>\n<script type=\"application\/ld+json\" class=\"yoast-schema-graph\">{\"@context\":\"https:\\\/\\\/schema.org\",\"@graph\":[{\"@type\":\"WebPage\",\"@id\":\"https:\\\/\\\/salone.mg\\\/produit\\\/vinaigre-1l-rouge-salone-6\\\/\",\"url\":\"https:\\\/\\\/salone.mg\\\/produit\\\/vinaigre-1l-rouge-salone-6\\\/\",\"name\":\"Vinaigre 1L Rouge SALONE 6\u00b0 - Salone\",\"isPartOf\":{\"@id\":\"https:\\\/\\\/salone.mg\\\/#website\"},\"primaryImageOfPage\":{\"@id\":\"https:\\\/\\\/salone.mg\\\/produit\\\/vinaigre-1l-rouge-salone-6\\\/#primaryimage\"},\"image\":{\"@id\":\"https:\\\/\\\/salone.mg\\\/produit\\\/vinaigre-1l-rouge-salone-6\\\/#primaryimage\"},\"thumbnailUrl\":\"https:\\\/\\\/salone.mg\\\/wp-content\\\/uploads\\\/2024\\\/03\\\/SAL-CONDVIN-PACK-ROUGE-1L-copie-scaled.png?v=1713265335\",\"datePublished\":\"2024-05-22T08:57:39+00:00\",\"dateModified\":\"2025-07-11T11:21:33+00:00\",\"description\":\"Vinaigre Rouge Salone 6\u00b0 1 L, id\u00e9al pour vos recettes et marinades. Pack de 6 bouteilles. Conservez \u00e0 l\u2019abri de la lumi\u00e8re et des temp\u00e9ratures \u00e9lev\u00e9es.\",\"breadcrumb\":{\"@id\":\"https:\\\/\\\/salone.mg\\\/produit\\\/vinaigre-1l-rouge-salone-6\\\/#breadcrumb\"},\"inLanguage\":\"en-US\",\"potentialAction\":[{\"@type\":\"ReadAction\",\"target\":[\"https:\\\/\\\/salone.mg\\\/produit\\\/vinaigre-1l-rouge-salone-6\\\/\"]}]},{\"@type\":\"ImageObject\",\"inLanguage\":\"en-US\",\"@id\":\"https:\\\/\\\/salone.mg\\\/produit\\\/vinaigre-1l-rouge-salone-6\\\/#primaryimage\",\"url\":\"https:\\\/\\\/salone.mg\\\/wp-content\\\/uploads\\\/2024\\\/03\\\/SAL-CONDVIN-PACK-ROUGE-1L-copie-scaled.png?v=1713265335\",\"contentUrl\":\"https:\\\/\\\/salone.mg\\\/wp-content\\\/uploads\\\/2024\\\/03\\\/SAL-CONDVIN-PACK-ROUGE-1L-copie-scaled.png?v=1713265335\",\"width\":2560,\"height\":2560,\"caption\":\"Bouteille de Vinaigre rouge 1L.\"},{\"@type\":\"BreadcrumbList\",\"@id\":\"https:\\\/\\\/salone.mg\\\/produit\\\/vinaigre-1l-rouge-salone-6\\\/#breadcrumb\",\"itemListElement\":[{\"@type\":\"ListItem\",\"position\":1,\"name\":\"Accueil\",\"item\":\"https:\\\/\\\/salone.mg\\\/\"},{\"@type\":\"ListItem\",\"position\":2,\"name\":\"Salone : Nouilles, Caf\u00e9s, Condiments, Aides Culinaires et Chips\",\"item\":\"https:\\\/\\\/salone.mg\\\/nos-produits\\\/\"},{\"@type\":\"ListItem\",\"position\":3,\"name\":\"Vinaigre 1L Rouge SALONE 6\u00b0\"}]},{\"@type\":\"WebSite\",\"@id\":\"https:\\\/\\\/salone.mg\\\/#website\",\"url\":\"https:\\\/\\\/salone.mg\\\/\",\"name\":\"Salone\",\"description\":\"L&#039;excellence des saveurs au service de vos papilles\",\"publisher\":{\"@id\":\"https:\\\/\\\/salone.mg\\\/#organization\"},\"potentialAction\":[{\"@type\":\"SearchAction\",\"target\":{\"@type\":\"EntryPoint\",\"urlTemplate\":\"https:\\\/\\\/salone.mg\\\/?s={search_term_string}\"},\"query-input\":{\"@type\":\"PropertyValueSpecification\",\"valueRequired\":true,\"valueName\":\"search_term_string\"}}],\"inLanguage\":\"en-US\"},{\"@type\":\"Organization\",\"@id\":\"https:\\\/\\\/salone.mg\\\/#organization\",\"name\":\"Salone\",\"url\":\"https:\\\/\\\/salone.mg\\\/\",\"logo\":{\"@type\":\"ImageObject\",\"inLanguage\":\"en-US\",\"@id\":\"https:\\\/\\\/salone.mg\\\/#\\\/schema\\\/logo\\\/image\\\/\",\"url\":\"https:\\\/\\\/salone.mg\\\/wp-content\\\/uploads\\\/2024\\\/03\\\/logo-nobg-.png\",\"contentUrl\":\"https:\\\/\\\/salone.mg\\\/wp-content\\\/uploads\\\/2024\\\/03\\\/logo-nobg-.png\",\"width\":363,\"height\":294,\"caption\":\"Salone\"},\"image\":{\"@id\":\"https:\\\/\\\/salone.mg\\\/#\\\/schema\\\/logo\\\/image\\\/\"}}]}<\/script>\n<!-- \/ Yoast SEO plugin. -->","yoast_head_json":{"title":"Vinaigre 1L Rouge SALONE 6\u00b0 - Salone","description":"Vinaigre Rouge Salone 6\u00b0 1 L, id\u00e9al pour vos recettes et marinades. Pack de 6 bouteilles. Conservez \u00e0 l\u2019abri de la lumi\u00e8re et des temp\u00e9ratures \u00e9lev\u00e9es.","robots":{"index":"index","follow":"follow","max-snippet":"max-snippet:-1","max-image-preview":"max-image-preview:large","max-video-preview":"max-video-preview:-1"},"canonical":"https:\/\/salone.mg\/en\/product\/vinaigre-1l-rouge-salone-6\/","og_locale":"en_US","og_type":"article","og_title":"Vinaigre 1L Rouge SALONE 6\u00b0 - Salone","og_description":"Vinaigre Rouge Salone 6\u00b0 1 L, id\u00e9al pour vos recettes et marinades. Pack de 6 bouteilles. Conservez \u00e0 l\u2019abri de la lumi\u00e8re et des temp\u00e9ratures \u00e9lev\u00e9es.","og_url":"https:\/\/salone.mg\/en\/product\/vinaigre-1l-rouge-salone-6\/","og_site_name":"Salone","article_modified_time":"2025-07-11T11:21:33+00:00","og_image":[{"width":2560,"height":2560,"url":"https:\/\/salone.mg\/wp-content\/uploads\/2024\/03\/SAL-CONDVIN-PACK-ROUGE-1L-copie.png?v=1713265335","type":"image\/png"}],"twitter_card":"summary_large_image","twitter_misc":{"Est. reading time":"1 minute"},"schema":{"@context":"https:\/\/schema.org","@graph":[{"@type":"WebPage","@id":"https:\/\/salone.mg\/produit\/vinaigre-1l-rouge-salone-6\/","url":"https:\/\/salone.mg\/produit\/vinaigre-1l-rouge-salone-6\/","name":"Vinaigre 1L Rouge SALONE 6\u00b0 - Salone","isPartOf":{"@id":"https:\/\/salone.mg\/#website"},"primaryImageOfPage":{"@id":"https:\/\/salone.mg\/produit\/vinaigre-1l-rouge-salone-6\/#primaryimage"},"image":{"@id":"https:\/\/salone.mg\/produit\/vinaigre-1l-rouge-salone-6\/#primaryimage"},"thumbnailUrl":"https:\/\/salone.mg\/wp-content\/uploads\/2024\/03\/SAL-CONDVIN-PACK-ROUGE-1L-copie-scaled.png?v=1713265335","datePublished":"2024-05-22T08:57:39+00:00","dateModified":"2025-07-11T11:21:33+00:00","description":"Vinaigre Rouge Salone 6\u00b0 1 L, id\u00e9al pour vos recettes et marinades. Pack de 6 bouteilles. Conservez \u00e0 l\u2019abri de la lumi\u00e8re et des temp\u00e9ratures \u00e9lev\u00e9es.","breadcrumb":{"@id":"https:\/\/salone.mg\/produit\/vinaigre-1l-rouge-salone-6\/#breadcrumb"},"inLanguage":"en-US","potentialAction":[{"@type":"ReadAction","target":["https:\/\/salone.mg\/produit\/vinaigre-1l-rouge-salone-6\/"]}]},{"@type":"ImageObject","inLanguage":"en-US","@id":"https:\/\/salone.mg\/produit\/vinaigre-1l-rouge-salone-6\/#primaryimage","url":"https:\/\/salone.mg\/wp-content\/uploads\/2024\/03\/SAL-CONDVIN-PACK-ROUGE-1L-copie-scaled.png?v=1713265335","contentUrl":"https:\/\/salone.mg\/wp-content\/uploads\/2024\/03\/SAL-CONDVIN-PACK-ROUGE-1L-copie-scaled.png?v=1713265335","width":2560,"height":2560,"caption":"Bouteille de Vinaigre rouge 1L."},{"@type":"BreadcrumbList","@id":"https:\/\/salone.mg\/produit\/vinaigre-1l-rouge-salone-6\/#breadcrumb","itemListElement":[{"@type":"ListItem","position":1,"name":"Accueil","item":"https:\/\/salone.mg\/"},{"@type":"ListItem","position":2,"name":"Salone : Nouilles, Caf\u00e9s, Condiments, Aides Culinaires et Chips","item":"https:\/\/salone.mg\/nos-produits\/"},{"@type":"ListItem","position":3,"name":"Vinaigre 1L Rouge SALONE 6\u00b0"}]},{"@type":"WebSite","@id":"https:\/\/salone.mg\/#website","url":"https:\/\/salone.mg\/","name":"Salone","description":"L&#039;excellence des saveurs au service de vos papilles","publisher":{"@id":"https:\/\/salone.mg\/#organization"},"potentialAction":[{"@type":"SearchAction","target":{"@type":"EntryPoint","urlTemplate":"https:\/\/salone.mg\/?s={search_term_string}"},"query-input":{"@type":"PropertyValueSpecification","valueRequired":true,"valueName":"search_term_string"}}],"inLanguage":"en-US"},{"@type":"Organization","@id":"https:\/\/salone.mg\/#organization","name":"Salone","url":"https:\/\/salone.mg\/","logo":{"@type":"ImageObject","inLanguage":"en-US","@id":"https:\/\/salone.mg\/#\/schema\/logo\/image\/","url":"https:\/\/salone.mg\/wp-content\/uploads\/2024\/03\/logo-nobg-.png","contentUrl":"https:\/\/salone.mg\/wp-content\/uploads\/2024\/03\/logo-nobg-.png","width":363,"height":294,"caption":"Salone"},"image":{"@id":"https:\/\/salone.mg\/#\/schema\/logo\/image\/"}}]}},"jetpack_sharing_enabled":true,"_links":{"self":[{"href":"https:\/\/salone.mg\/en\/wp-json\/wp\/v2\/product\/9147","targetHints":{"allow":["GET"]}}],"collection":[{"href":"https:\/\/salone.mg\/en\/wp-json\/wp\/v2\/product"}],"about":[{"href":"https:\/\/salone.mg\/en\/wp-json\/wp\/v2\/types\/product"}],"replies":[{"embeddable":true,"href":"https:\/\/salone.mg\/en\/wp-json\/wp\/v2\/comments?post=9147"}],"wp:featuredmedia":[{"embeddable":true,"href":"https:\/\/salone.mg\/en\/wp-json\/wp\/v2\/media\/8346"}],"wp:attachment":[{"href":"https:\/\/salone.mg\/en\/wp-json\/wp\/v2\/media?parent=9147"}],"wp:term":[{"taxonomy":"product_cat","embeddable":true,"href":"https:\/\/salone.mg\/en\/wp-json\/wp\/v2\/product_cat?post=9147"},{"taxonomy":"product_tag","embeddable":true,"href":"https:\/\/salone.mg\/en\/wp-json\/wp\/v2\/product_tag?post=9147"}],"curies":[{"name":"wp","href":"https:\/\/api.w.org\/{rel}","templated":true}]}}