{"id":8986,"date":"2024-05-10T13:20:09","date_gmt":"2024-05-10T11:20:09","guid":{"rendered":"https:\/\/salone.mg\/?post_type=product&#038;p=8986"},"modified":"2024-08-12T14:42:21","modified_gmt":"2024-08-12T12:42:21","slug":"scafe-robusta-20g","status":"publish","type":"product","link":"https:\/\/salone.mg\/en\/product\/scafe-robusta-20g\/","title":{"rendered":"S&rsquo;Caf\u00e9 20gr (Pack de 30 scht)"},"content":{"rendered":"<div class=\"flex-1 overflow-hidden\">\n<div class=\"h-full\">\n<div class=\"react-scroll-to-bottom--css-lticb-79elbk h-full\">\n<div class=\"react-scroll-to-bottom--css-lticb-1n7m0yu\">\n<div class=\"flex flex-col text-sm md:pb-9\">\n<div class=\"w-full text-token-text-primary\" dir=\"auto\" data-testid=\"conversation-turn-37\" data-scroll-anchor=\"true\">\n<div class=\"text-base py-[18px] px-3 md:px-4 m-auto md:px-5 lg:px-1 xl:px-5\">\n<div class=\"mx-auto flex flex-1 gap-4 text-base md:gap-5 lg:gap-6 md:max-w-3xl\">\n<div class=\"group\/conversation-turn relative flex w-full min-w-0 flex-col agent-turn\">\n<div class=\"flex-col gap-1 md:gap-3\">\n<div class=\"flex max-w-full flex-col flex-grow\">\n<div class=\"min-h-[20px] text-message flex w-full flex-col items-end gap-2 whitespace-pre-wrap break-words [.text-message+&amp;]:mt-5 overflow-x-auto\" dir=\"auto\" data-message-author-role=\"assistant\" data-message-id=\"52f907f9-f016-4bc0-bdec-cc41b1faa080\">\n<div class=\"flex w-full flex-col gap-1 empty:hidden first:pt-[3px]\">\n<div class=\"markdown prose w-full break-words dark:prose-invert light\">\n<p><strong>S\u2019Caf\u00e9 20 g (Pack de 30 sachets)<\/strong><\/p>\n<p>Savourez l&rsquo;intensit\u00e9 du caf\u00e9 S\u2019Caf\u00e9, 100 % origine Madagascar, dans un format pratique de 20 g. Chaque sachet est parfait pour une tasse de caf\u00e9 riche et aromatique, id\u00e9al pour vos moments caf\u00e9.<\/p>\n<p><strong>Caract\u00e9ristiques :<\/strong><\/p>\n<ul>\n<li><strong>Poids net<\/strong> : 20 g par sachet<\/li>\n<li><strong>Ingr\u00e9dients<\/strong> : 100 % caf\u00e9 d\u2019origine Madagascar<\/li>\n<li><strong>Cat\u00e9gorie<\/strong> : Caf\u00e9s<\/li>\n<li><strong>Conditionnement<\/strong> : Sac de 30 sachets<\/li>\n<\/ul>\n<p><strong>Mode de conservation :<\/strong><\/p>\n<ul>\n<li>Conservez le caf\u00e9 moulu dans un endroit sec, \u00e0 temp\u00e9rature ambiante et \u00e0 l\u2019abri de l\u2019humidit\u00e9.<\/li>\n<\/ul>\n<p><strong>Mode de pr\u00e9paration :<\/strong><\/p>\n<ol>\n<li>Scellez le caf\u00e9 moulu dans un r\u00e9cipient herm\u00e9tique ou dans son emballage d\u2019origine scell\u00e9 sous vide.<\/li>\n<li>Utilisez de l\u2019eau fra\u00eeche et filtr\u00e9e ainsi qu\u2019une machine \u00e0 caf\u00e9 propre pour de meilleurs r\u00e9sultats.<\/li>\n<li>Pour 50 ml de caf\u00e9 avec un corsage standard, utilisez une cuill\u00e8re \u00e0 caf\u00e9 (environ 8 g) de caf\u00e9 moulu par tasse. Ajustez la dose selon vos pr\u00e9f\u00e9rences.<\/li>\n<\/ol>\n<p>Le S\u2019Caf\u00e9 20 g en pack de 30 sachets est id\u00e9al pour les amateurs de caf\u00e9 qui recherchent une exp\u00e9rience constante et savoureuse. Parfait pour une utilisation quotidienne, il assure une qualit\u00e9 irr\u00e9prochable \u00e0 chaque tasse.<\/p>\n<\/div>\n<\/div>\n<\/div>\n<\/div>\n<\/div>\n<\/div>\n<\/div>\n<\/div>\n<\/div>\n<\/div>\n<\/div>\n<\/div>\n<\/div>\n<\/div>","protected":false},"excerpt":{"rendered":"<p>S\u2019Caf\u00e9 20 g (Pack de 30 sachets) Savourez l&rsquo;intensit\u00e9 du caf\u00e9 S\u2019Caf\u00e9, 100 % origine Madagascar, dans un format pratique de 20 g. Chaque sachet est parfait pour une tasse de caf\u00e9 riche et aromatique, id\u00e9al pour vos moments caf\u00e9. Caract\u00e9ristiques : Poids net : 20 g par sachet Ingr\u00e9dients : 100 % caf\u00e9 d\u2019origine [&hellip;]<\/p>","protected":false},"featured_media":9283,"comment_status":"open","ping_status":"closed","template":"","meta":{"_acf_changed":false,"om_disable_all_campaigns":false,"inline_featured_image":false,"_monsterinsights_skip_tracking":false,"_monsterinsights_sitenote_active":false,"_monsterinsights_sitenote_note":"","_monsterinsights_sitenote_category":0,"_uf_show_specific_survey":0,"_uf_disable_surveys":false},"product_cat":[37],"product_tag":[],"class_list":{"0":"post-8986","1":"product","2":"type-product","3":"status-publish","4":"has-post-thumbnail","6":"product_cat-cafe","8":"first","9":"instock","10":"shipping-taxable","11":"product-type-simple"},"acf":[],"yoast_head":"<!-- This site is optimized with the Yoast SEO plugin v24.2 - https:\/\/yoast.com\/wordpress\/plugins\/seo\/ -->\n<title>S&#039;Caf\u00e9 20gr (Pack de 30 scht) - Salone<\/title>\n<meta name=\"description\" content=\"S\u2019Caf\u00e9 20 g, 100 % origine Madagascar. Pack de 30 sachets. Conservez au sec pour une saveur optimale. Id\u00e9al pour des caf\u00e9s d\u00e9licieux \u00e0 chaque tasse.\" \/>\n<meta name=\"robots\" content=\"index, follow, max-snippet:-1, max-image-preview:large, max-video-preview:-1\" \/>\n<link rel=\"canonical\" href=\"https:\/\/salone.mg\/en\/product\/scafe-robusta-20g\/\" \/>\n<meta property=\"og:locale\" content=\"en_US\" \/>\n<meta property=\"og:type\" content=\"article\" \/>\n<meta property=\"og:title\" content=\"S&#039;Caf\u00e9 20gr (Pack de 30 scht) - Salone\" \/>\n<meta property=\"og:description\" content=\"S\u2019Caf\u00e9 20 g, 100 % origine Madagascar. Pack de 30 sachets. Conservez au sec pour une saveur optimale. Id\u00e9al pour des caf\u00e9s d\u00e9licieux \u00e0 chaque tasse.\" \/>\n<meta property=\"og:url\" content=\"https:\/\/salone.mg\/en\/product\/scafe-robusta-20g\/\" \/>\n<meta property=\"og:site_name\" content=\"Salone\" \/>\n<meta property=\"article:modified_time\" content=\"2024-08-12T12:42:21+00:00\" \/>\n<meta property=\"og:image\" content=\"https:\/\/salone.mg\/wp-content\/uploads\/2024\/05\/20g-robusta.png\" \/>\n\t<meta property=\"og:image:width\" content=\"500\" \/>\n\t<meta property=\"og:image:height\" content=\"500\" \/>\n\t<meta property=\"og:image:type\" content=\"image\/png\" \/>\n<meta name=\"twitter:card\" content=\"summary_large_image\" \/>\n<meta name=\"twitter:label1\" content=\"Est. reading time\" \/>\n\t<meta name=\"twitter:data1\" content=\"2 minutes\" \/>\n<script type=\"application\/ld+json\" class=\"yoast-schema-graph\">{\"@context\":\"https:\/\/schema.org\",\"@graph\":[{\"@type\":\"WebPage\",\"@id\":\"https:\/\/salone.mg\/produit\/scafe-robusta-20g\/\",\"url\":\"https:\/\/salone.mg\/produit\/scafe-robusta-20g\/\",\"name\":\"S'Caf\u00e9 20gr (Pack de 30 scht) - Salone\",\"isPartOf\":{\"@id\":\"https:\/\/salone.mg\/#website\"},\"primaryImageOfPage\":{\"@id\":\"https:\/\/salone.mg\/produit\/scafe-robusta-20g\/#primaryimage\"},\"image\":{\"@id\":\"https:\/\/salone.mg\/produit\/scafe-robusta-20g\/#primaryimage\"},\"thumbnailUrl\":\"https:\/\/salone.mg\/wp-content\/uploads\/2024\/05\/20g-robusta.png\",\"datePublished\":\"2024-05-10T11:20:09+00:00\",\"dateModified\":\"2024-08-12T12:42:21+00:00\",\"description\":\"S\u2019Caf\u00e9 20 g, 100 % origine Madagascar. Pack de 30 sachets. Conservez au sec pour une saveur optimale. Id\u00e9al pour des caf\u00e9s d\u00e9licieux \u00e0 chaque tasse.\",\"breadcrumb\":{\"@id\":\"https:\/\/salone.mg\/produit\/scafe-robusta-20g\/#breadcrumb\"},\"inLanguage\":\"en-US\",\"potentialAction\":[{\"@type\":\"ReadAction\",\"target\":[\"https:\/\/salone.mg\/produit\/scafe-robusta-20g\/\"]}]},{\"@type\":\"ImageObject\",\"inLanguage\":\"en-US\",\"@id\":\"https:\/\/salone.mg\/produit\/scafe-robusta-20g\/#primaryimage\",\"url\":\"https:\/\/salone.mg\/wp-content\/uploads\/2024\/05\/20g-robusta.png\",\"contentUrl\":\"https:\/\/salone.mg\/wp-content\/uploads\/2024\/05\/20g-robusta.png\",\"width\":500,\"height\":500,\"caption\":\"Paquet de caf\u00e9 moulu Salone, de 20 g, avec des grains de caf\u00e9 et une tasse de caf\u00e9 illustr\u00e9s sur l'emballage.\"},{\"@type\":\"BreadcrumbList\",\"@id\":\"https:\/\/salone.mg\/produit\/scafe-robusta-20g\/#breadcrumb\",\"itemListElement\":[{\"@type\":\"ListItem\",\"position\":1,\"name\":\"Accueil\",\"item\":\"https:\/\/salone.mg\/\"},{\"@type\":\"ListItem\",\"position\":2,\"name\":\"Salone : Nouilles, Caf\u00e9s, Condiments, Aides Culinaires et Chips\",\"item\":\"https:\/\/salone.mg\/nos-produits\/\"},{\"@type\":\"ListItem\",\"position\":3,\"name\":\"S&#8217;Caf\u00e9 20gr (Pack de 30 scht)\"}]},{\"@type\":\"WebSite\",\"@id\":\"https:\/\/salone.mg\/#website\",\"url\":\"https:\/\/salone.mg\/\",\"name\":\"Salone\",\"description\":\"L&#039;excellence des saveurs au service de vos papilles\",\"publisher\":{\"@id\":\"https:\/\/salone.mg\/#organization\"},\"potentialAction\":[{\"@type\":\"SearchAction\",\"target\":{\"@type\":\"EntryPoint\",\"urlTemplate\":\"https:\/\/salone.mg\/?s={search_term_string}\"},\"query-input\":{\"@type\":\"PropertyValueSpecification\",\"valueRequired\":true,\"valueName\":\"search_term_string\"}}],\"inLanguage\":\"en-US\"},{\"@type\":\"Organization\",\"@id\":\"https:\/\/salone.mg\/#organization\",\"name\":\"Salone\",\"url\":\"https:\/\/salone.mg\/\",\"logo\":{\"@type\":\"ImageObject\",\"inLanguage\":\"en-US\",\"@id\":\"https:\/\/salone.mg\/#\/schema\/logo\/image\/\",\"url\":\"https:\/\/salone.mg\/wp-content\/uploads\/2024\/03\/logo-nobg-.png\",\"contentUrl\":\"https:\/\/salone.mg\/wp-content\/uploads\/2024\/03\/logo-nobg-.png\",\"width\":363,\"height\":294,\"caption\":\"Salone\"},\"image\":{\"@id\":\"https:\/\/salone.mg\/#\/schema\/logo\/image\/\"}}]}<\/script>\n<!-- \/ Yoast SEO plugin. -->","yoast_head_json":{"title":"S'Caf\u00e9 20gr (Pack de 30 scht) - Salone","description":"S\u2019Caf\u00e9 20 g, 100 % origine Madagascar. Pack de 30 sachets. Conservez au sec pour une saveur optimale. Id\u00e9al pour des caf\u00e9s d\u00e9licieux \u00e0 chaque tasse.","robots":{"index":"index","follow":"follow","max-snippet":"max-snippet:-1","max-image-preview":"max-image-preview:large","max-video-preview":"max-video-preview:-1"},"canonical":"https:\/\/salone.mg\/en\/product\/scafe-robusta-20g\/","og_locale":"en_US","og_type":"article","og_title":"S'Caf\u00e9 20gr (Pack de 30 scht) - Salone","og_description":"S\u2019Caf\u00e9 20 g, 100 % origine Madagascar. Pack de 30 sachets. Conservez au sec pour une saveur optimale. Id\u00e9al pour des caf\u00e9s d\u00e9licieux \u00e0 chaque tasse.","og_url":"https:\/\/salone.mg\/en\/product\/scafe-robusta-20g\/","og_site_name":"Salone","article_modified_time":"2024-08-12T12:42:21+00:00","og_image":[{"width":500,"height":500,"url":"https:\/\/salone.mg\/wp-content\/uploads\/2024\/05\/20g-robusta.png","type":"image\/png"}],"twitter_card":"summary_large_image","twitter_misc":{"Est. reading time":"2 minutes"},"schema":{"@context":"https:\/\/schema.org","@graph":[{"@type":"WebPage","@id":"https:\/\/salone.mg\/produit\/scafe-robusta-20g\/","url":"https:\/\/salone.mg\/produit\/scafe-robusta-20g\/","name":"S'Caf\u00e9 20gr (Pack de 30 scht) - Salone","isPartOf":{"@id":"https:\/\/salone.mg\/#website"},"primaryImageOfPage":{"@id":"https:\/\/salone.mg\/produit\/scafe-robusta-20g\/#primaryimage"},"image":{"@id":"https:\/\/salone.mg\/produit\/scafe-robusta-20g\/#primaryimage"},"thumbnailUrl":"https:\/\/salone.mg\/wp-content\/uploads\/2024\/05\/20g-robusta.png","datePublished":"2024-05-10T11:20:09+00:00","dateModified":"2024-08-12T12:42:21+00:00","description":"S\u2019Caf\u00e9 20 g, 100 % origine Madagascar. Pack de 30 sachets. Conservez au sec pour une saveur optimale. Id\u00e9al pour des caf\u00e9s d\u00e9licieux \u00e0 chaque tasse.","breadcrumb":{"@id":"https:\/\/salone.mg\/produit\/scafe-robusta-20g\/#breadcrumb"},"inLanguage":"en-US","potentialAction":[{"@type":"ReadAction","target":["https:\/\/salone.mg\/produit\/scafe-robusta-20g\/"]}]},{"@type":"ImageObject","inLanguage":"en-US","@id":"https:\/\/salone.mg\/produit\/scafe-robusta-20g\/#primaryimage","url":"https:\/\/salone.mg\/wp-content\/uploads\/2024\/05\/20g-robusta.png","contentUrl":"https:\/\/salone.mg\/wp-content\/uploads\/2024\/05\/20g-robusta.png","width":500,"height":500,"caption":"Paquet de caf\u00e9 moulu Salone, de 20 g, avec des grains de caf\u00e9 et une tasse de caf\u00e9 illustr\u00e9s sur l'emballage."},{"@type":"BreadcrumbList","@id":"https:\/\/salone.mg\/produit\/scafe-robusta-20g\/#breadcrumb","itemListElement":[{"@type":"ListItem","position":1,"name":"Accueil","item":"https:\/\/salone.mg\/"},{"@type":"ListItem","position":2,"name":"Salone : Nouilles, Caf\u00e9s, Condiments, Aides Culinaires et Chips","item":"https:\/\/salone.mg\/nos-produits\/"},{"@type":"ListItem","position":3,"name":"S&#8217;Caf\u00e9 20gr (Pack de 30 scht)"}]},{"@type":"WebSite","@id":"https:\/\/salone.mg\/#website","url":"https:\/\/salone.mg\/","name":"Salone","description":"L&#039;excellence des saveurs au service de vos papilles","publisher":{"@id":"https:\/\/salone.mg\/#organization"},"potentialAction":[{"@type":"SearchAction","target":{"@type":"EntryPoint","urlTemplate":"https:\/\/salone.mg\/?s={search_term_string}"},"query-input":{"@type":"PropertyValueSpecification","valueRequired":true,"valueName":"search_term_string"}}],"inLanguage":"en-US"},{"@type":"Organization","@id":"https:\/\/salone.mg\/#organization","name":"Salone","url":"https:\/\/salone.mg\/","logo":{"@type":"ImageObject","inLanguage":"en-US","@id":"https:\/\/salone.mg\/#\/schema\/logo\/image\/","url":"https:\/\/salone.mg\/wp-content\/uploads\/2024\/03\/logo-nobg-.png","contentUrl":"https:\/\/salone.mg\/wp-content\/uploads\/2024\/03\/logo-nobg-.png","width":363,"height":294,"caption":"Salone"},"image":{"@id":"https:\/\/salone.mg\/#\/schema\/logo\/image\/"}}]}},"jetpack_sharing_enabled":true,"_links":{"self":[{"href":"https:\/\/salone.mg\/en\/wp-json\/wp\/v2\/product\/8986","targetHints":{"allow":["GET"]}}],"collection":[{"href":"https:\/\/salone.mg\/en\/wp-json\/wp\/v2\/product"}],"about":[{"href":"https:\/\/salone.mg\/en\/wp-json\/wp\/v2\/types\/product"}],"replies":[{"embeddable":true,"href":"https:\/\/salone.mg\/en\/wp-json\/wp\/v2\/comments?post=8986"}],"wp:featuredmedia":[{"embeddable":true,"href":"https:\/\/salone.mg\/en\/wp-json\/wp\/v2\/media\/9283"}],"wp:attachment":[{"href":"https:\/\/salone.mg\/en\/wp-json\/wp\/v2\/media?parent=8986"}],"wp:term":[{"taxonomy":"product_cat","embeddable":true,"href":"https:\/\/salone.mg\/en\/wp-json\/wp\/v2\/product_cat?post=8986"},{"taxonomy":"product_tag","embeddable":true,"href":"https:\/\/salone.mg\/en\/wp-json\/wp\/v2\/product_tag?post=8986"}],"curies":[{"name":"wp","href":"https:\/\/api.w.org\/{rel}","templated":true}]}}