{"id":8490,"date":"2024-04-25T13:56:17","date_gmt":"2024-04-25T11:56:17","guid":{"rendered":"https:\/\/salone.mg\/?post_type=product&#038;p=8490"},"modified":"2024-08-16T10:01:12","modified_gmt":"2024-08-16T08:01:12","slug":"sucre-dosette","status":"publish","type":"product","link":"https:\/\/salone.mg\/en\/product\/sucre-dosette\/","title":{"rendered":"SUCRE DOSETTE p100"},"content":{"rendered":"<p><strong>Sucre Dosette &#8211; 100 x 8 g<\/strong><\/p>\n<p>Simplifiez votre quotidien avec notre sucre dosette ! Chaque carton contient 20 paquets, chacun renfermant 100 dosettes de 8 g de sucre en poudre, parfait pour sucrer vos boissons chaudes ou froides. Chaque dosette est pratique et facile \u00e0 utiliser, garantissant une dose parfaite \u00e0 chaque fois.<\/p>\n<p><strong>Caract\u00e9ristiques :<\/strong><\/p>\n<ul>\n<li><strong>Poids net<\/strong> : 8 g par dosette<\/li>\n<li><strong>Conditionnement<\/strong> : Carton de 20 paquets, chaque paquet contient 100 dosettes<\/li>\n<li><strong>Ingr\u00e9dients<\/strong> : Sucre en poudre<\/li>\n<li><strong>Conservation<\/strong> : \u00c0 conserver dans un endroit frais et sec, \u00e0 l\u2019abri de l\u2019humidit\u00e9<\/li>\n<\/ul>\n<p>Que vous soyez \u00e0 la maison ou au bureau, ces dosettes offrent une solution pratique pour sucrer vos boissons en toute simplicit\u00e9. Ajoutez du confort et de la douceur \u00e0 vos moments de d\u00e9tente avec notre sucre dosette.<\/p>","protected":false},"excerpt":{"rendered":"<p>Sucre Dosette &#8211; 100 x 8 g Simplifiez votre quotidien avec notre sucre dosette ! Chaque carton contient 20 paquets, chacun renfermant 100 dosettes de 8 g de sucre en poudre, parfait pour sucrer vos boissons chaudes ou froides. Chaque dosette est pratique et facile \u00e0 utiliser, garantissant une dose parfaite \u00e0 chaque fois. Caract\u00e9ristiques [&hellip;]<\/p>","protected":false},"featured_media":9177,"comment_status":"open","ping_status":"closed","template":"","meta":{"_acf_changed":false,"om_disable_all_campaigns":false,"inline_featured_image":false,"_monsterinsights_skip_tracking":false,"_monsterinsights_sitenote_active":false,"_monsterinsights_sitenote_note":"","_monsterinsights_sitenote_category":0,"_uf_show_specific_survey":0,"_uf_disable_surveys":false},"product_cat":[77],"product_tag":[],"class_list":{"0":"post-8490","1":"product","2":"type-product","3":"status-publish","4":"has-post-thumbnail","6":"product_cat-sucre","8":"first","9":"instock","10":"shipping-taxable","11":"product-type-simple"},"acf":[],"yoast_head":"<!-- This site is optimized with the Yoast SEO plugin v24.2 - https:\/\/yoast.com\/wordpress\/plugins\/seo\/ -->\n<title>SUCRE DOSETTE p100 - D\u00e9couvrez le Pack Salone<\/title>\n<meta name=\"description\" content=\"Sucre en dosettes pratiques, 100 x 8 g par carton de 20. Id\u00e9al pour sucrer vos boissons facilement et garder toute la douceur intacte.\" \/>\n<meta name=\"robots\" content=\"index, follow, max-snippet:-1, max-image-preview:large, max-video-preview:-1\" \/>\n<link rel=\"canonical\" href=\"https:\/\/salone.mg\/en\/product\/sucre-dosette\/\" \/>\n<meta property=\"og:locale\" content=\"en_US\" \/>\n<meta property=\"og:type\" content=\"article\" \/>\n<meta property=\"og:title\" content=\"SUCRE DOSETTE p100 - D\u00e9couvrez le Pack Salone\" \/>\n<meta property=\"og:description\" content=\"Sucre en dosettes pratiques, 100 x 8 g par carton de 20. Id\u00e9al pour sucrer vos boissons facilement et garder toute la douceur intacte.\" \/>\n<meta property=\"og:url\" content=\"https:\/\/salone.mg\/en\/product\/sucre-dosette\/\" \/>\n<meta property=\"og:site_name\" content=\"Salone\" \/>\n<meta property=\"article:modified_time\" content=\"2024-08-16T08:01:12+00:00\" \/>\n<meta property=\"og:image\" content=\"https:\/\/salone.mg\/wp-content\/uploads\/2024\/04\/sucre-dosette-1.png\" \/>\n\t<meta property=\"og:image:width\" content=\"500\" \/>\n\t<meta property=\"og:image:height\" content=\"500\" \/>\n\t<meta property=\"og:image:type\" content=\"image\/png\" \/>\n<meta name=\"twitter:card\" content=\"summary_large_image\" \/>\n<meta name=\"twitter:label1\" content=\"Est. reading time\" \/>\n\t<meta name=\"twitter:data1\" content=\"1 minute\" \/>\n<script type=\"application\/ld+json\" class=\"yoast-schema-graph\">{\"@context\":\"https:\/\/schema.org\",\"@graph\":[{\"@type\":\"WebPage\",\"@id\":\"https:\/\/salone.mg\/produit\/sucre-dosette\/\",\"url\":\"https:\/\/salone.mg\/produit\/sucre-dosette\/\",\"name\":\"SUCRE DOSETTE p100 - D\u00e9couvrez le Pack Salone\",\"isPartOf\":{\"@id\":\"https:\/\/salone.mg\/#website\"},\"primaryImageOfPage\":{\"@id\":\"https:\/\/salone.mg\/produit\/sucre-dosette\/#primaryimage\"},\"image\":{\"@id\":\"https:\/\/salone.mg\/produit\/sucre-dosette\/#primaryimage\"},\"thumbnailUrl\":\"https:\/\/salone.mg\/wp-content\/uploads\/2024\/04\/sucre-dosette-1.png\",\"datePublished\":\"2024-04-25T11:56:17+00:00\",\"dateModified\":\"2024-08-16T08:01:12+00:00\",\"description\":\"Sucre en dosettes pratiques, 100 x 8 g par carton de 20. Id\u00e9al pour sucrer vos boissons facilement et garder toute la douceur intacte.\",\"breadcrumb\":{\"@id\":\"https:\/\/salone.mg\/produit\/sucre-dosette\/#breadcrumb\"},\"inLanguage\":\"en-US\",\"potentialAction\":[{\"@type\":\"ReadAction\",\"target\":[\"https:\/\/salone.mg\/produit\/sucre-dosette\/\"]}]},{\"@type\":\"ImageObject\",\"inLanguage\":\"en-US\",\"@id\":\"https:\/\/salone.mg\/produit\/sucre-dosette\/#primaryimage\",\"url\":\"https:\/\/salone.mg\/wp-content\/uploads\/2024\/04\/sucre-dosette-1.png\",\"contentUrl\":\"https:\/\/salone.mg\/wp-content\/uploads\/2024\/04\/sucre-dosette-1.png\",\"width\":500,\"height\":500,\"caption\":\"Dosette de sucre en sachet tube\"},{\"@type\":\"BreadcrumbList\",\"@id\":\"https:\/\/salone.mg\/produit\/sucre-dosette\/#breadcrumb\",\"itemListElement\":[{\"@type\":\"ListItem\",\"position\":1,\"name\":\"Accueil\",\"item\":\"https:\/\/salone.mg\/\"},{\"@type\":\"ListItem\",\"position\":2,\"name\":\"Salone : Nouilles, Caf\u00e9s, Condiments, Aides Culinaires et Chips\",\"item\":\"https:\/\/salone.mg\/nos-produits\/\"},{\"@type\":\"ListItem\",\"position\":3,\"name\":\"SUCRE DOSETTE p100\"}]},{\"@type\":\"WebSite\",\"@id\":\"https:\/\/salone.mg\/#website\",\"url\":\"https:\/\/salone.mg\/\",\"name\":\"Salone\",\"description\":\"L&#039;excellence des saveurs au service de vos papilles\",\"publisher\":{\"@id\":\"https:\/\/salone.mg\/#organization\"},\"potentialAction\":[{\"@type\":\"SearchAction\",\"target\":{\"@type\":\"EntryPoint\",\"urlTemplate\":\"https:\/\/salone.mg\/?s={search_term_string}\"},\"query-input\":{\"@type\":\"PropertyValueSpecification\",\"valueRequired\":true,\"valueName\":\"search_term_string\"}}],\"inLanguage\":\"en-US\"},{\"@type\":\"Organization\",\"@id\":\"https:\/\/salone.mg\/#organization\",\"name\":\"Salone\",\"url\":\"https:\/\/salone.mg\/\",\"logo\":{\"@type\":\"ImageObject\",\"inLanguage\":\"en-US\",\"@id\":\"https:\/\/salone.mg\/#\/schema\/logo\/image\/\",\"url\":\"https:\/\/salone.mg\/wp-content\/uploads\/2024\/03\/logo-nobg-.png\",\"contentUrl\":\"https:\/\/salone.mg\/wp-content\/uploads\/2024\/03\/logo-nobg-.png\",\"width\":363,\"height\":294,\"caption\":\"Salone\"},\"image\":{\"@id\":\"https:\/\/salone.mg\/#\/schema\/logo\/image\/\"}}]}<\/script>\n<!-- \/ Yoast SEO plugin. -->","yoast_head_json":{"title":"SUCRE DOSETTE p100 - D\u00e9couvrez le Pack Salone","description":"Sucre en dosettes pratiques, 100 x 8 g par carton de 20. Id\u00e9al pour sucrer vos boissons facilement et garder toute la douceur intacte.","robots":{"index":"index","follow":"follow","max-snippet":"max-snippet:-1","max-image-preview":"max-image-preview:large","max-video-preview":"max-video-preview:-1"},"canonical":"https:\/\/salone.mg\/en\/product\/sucre-dosette\/","og_locale":"en_US","og_type":"article","og_title":"SUCRE DOSETTE p100 - D\u00e9couvrez le Pack Salone","og_description":"Sucre en dosettes pratiques, 100 x 8 g par carton de 20. Id\u00e9al pour sucrer vos boissons facilement et garder toute la douceur intacte.","og_url":"https:\/\/salone.mg\/en\/product\/sucre-dosette\/","og_site_name":"Salone","article_modified_time":"2024-08-16T08:01:12+00:00","og_image":[{"width":500,"height":500,"url":"https:\/\/salone.mg\/wp-content\/uploads\/2024\/04\/sucre-dosette-1.png","type":"image\/png"}],"twitter_card":"summary_large_image","twitter_misc":{"Est. reading time":"1 minute"},"schema":{"@context":"https:\/\/schema.org","@graph":[{"@type":"WebPage","@id":"https:\/\/salone.mg\/produit\/sucre-dosette\/","url":"https:\/\/salone.mg\/produit\/sucre-dosette\/","name":"SUCRE DOSETTE p100 - D\u00e9couvrez le Pack Salone","isPartOf":{"@id":"https:\/\/salone.mg\/#website"},"primaryImageOfPage":{"@id":"https:\/\/salone.mg\/produit\/sucre-dosette\/#primaryimage"},"image":{"@id":"https:\/\/salone.mg\/produit\/sucre-dosette\/#primaryimage"},"thumbnailUrl":"https:\/\/salone.mg\/wp-content\/uploads\/2024\/04\/sucre-dosette-1.png","datePublished":"2024-04-25T11:56:17+00:00","dateModified":"2024-08-16T08:01:12+00:00","description":"Sucre en dosettes pratiques, 100 x 8 g par carton de 20. Id\u00e9al pour sucrer vos boissons facilement et garder toute la douceur intacte.","breadcrumb":{"@id":"https:\/\/salone.mg\/produit\/sucre-dosette\/#breadcrumb"},"inLanguage":"en-US","potentialAction":[{"@type":"ReadAction","target":["https:\/\/salone.mg\/produit\/sucre-dosette\/"]}]},{"@type":"ImageObject","inLanguage":"en-US","@id":"https:\/\/salone.mg\/produit\/sucre-dosette\/#primaryimage","url":"https:\/\/salone.mg\/wp-content\/uploads\/2024\/04\/sucre-dosette-1.png","contentUrl":"https:\/\/salone.mg\/wp-content\/uploads\/2024\/04\/sucre-dosette-1.png","width":500,"height":500,"caption":"Dosette de sucre en sachet tube"},{"@type":"BreadcrumbList","@id":"https:\/\/salone.mg\/produit\/sucre-dosette\/#breadcrumb","itemListElement":[{"@type":"ListItem","position":1,"name":"Accueil","item":"https:\/\/salone.mg\/"},{"@type":"ListItem","position":2,"name":"Salone : Nouilles, Caf\u00e9s, Condiments, Aides Culinaires et Chips","item":"https:\/\/salone.mg\/nos-produits\/"},{"@type":"ListItem","position":3,"name":"SUCRE DOSETTE p100"}]},{"@type":"WebSite","@id":"https:\/\/salone.mg\/#website","url":"https:\/\/salone.mg\/","name":"Salone","description":"L&#039;excellence des saveurs au service de vos papilles","publisher":{"@id":"https:\/\/salone.mg\/#organization"},"potentialAction":[{"@type":"SearchAction","target":{"@type":"EntryPoint","urlTemplate":"https:\/\/salone.mg\/?s={search_term_string}"},"query-input":{"@type":"PropertyValueSpecification","valueRequired":true,"valueName":"search_term_string"}}],"inLanguage":"en-US"},{"@type":"Organization","@id":"https:\/\/salone.mg\/#organization","name":"Salone","url":"https:\/\/salone.mg\/","logo":{"@type":"ImageObject","inLanguage":"en-US","@id":"https:\/\/salone.mg\/#\/schema\/logo\/image\/","url":"https:\/\/salone.mg\/wp-content\/uploads\/2024\/03\/logo-nobg-.png","contentUrl":"https:\/\/salone.mg\/wp-content\/uploads\/2024\/03\/logo-nobg-.png","width":363,"height":294,"caption":"Salone"},"image":{"@id":"https:\/\/salone.mg\/#\/schema\/logo\/image\/"}}]}},"jetpack_sharing_enabled":true,"_links":{"self":[{"href":"https:\/\/salone.mg\/en\/wp-json\/wp\/v2\/product\/8490","targetHints":{"allow":["GET"]}}],"collection":[{"href":"https:\/\/salone.mg\/en\/wp-json\/wp\/v2\/product"}],"about":[{"href":"https:\/\/salone.mg\/en\/wp-json\/wp\/v2\/types\/product"}],"replies":[{"embeddable":true,"href":"https:\/\/salone.mg\/en\/wp-json\/wp\/v2\/comments?post=8490"}],"wp:featuredmedia":[{"embeddable":true,"href":"https:\/\/salone.mg\/en\/wp-json\/wp\/v2\/media\/9177"}],"wp:attachment":[{"href":"https:\/\/salone.mg\/en\/wp-json\/wp\/v2\/media?parent=8490"}],"wp:term":[{"taxonomy":"product_cat","embeddable":true,"href":"https:\/\/salone.mg\/en\/wp-json\/wp\/v2\/product_cat?post=8490"},{"taxonomy":"product_tag","embeddable":true,"href":"https:\/\/salone.mg\/en\/wp-json\/wp\/v2\/product_tag?post=8490"}],"curies":[{"name":"wp","href":"https:\/\/api.w.org\/{rel}","templated":true}]}}