{"id":8111,"date":"2024-04-04T14:06:28","date_gmt":"2024-04-04T12:06:28","guid":{"rendered":"https:\/\/salone.mg\/?post_type=product&#038;p=8111"},"modified":"2024-08-16T10:32:20","modified_gmt":"2024-08-16T08:32:20","slug":"chipette-de-crevette","status":"publish","type":"product","link":"https:\/\/salone.mg\/en\/product\/chipette-de-crevette\/","title":{"rendered":"Chipette de crevette"},"content":{"rendered":"<p><strong>Chipette de Crevette &#8211; 50 g<\/strong><\/p>\n<p>Savourez les chipettes de crevette, une d\u00e9licieuse collation croustillante \u00e0 base de crevettes. Chaque sachet de 50 g offre un m\u00e9lange irr\u00e9sistible de saveurs et de textures.<\/p>\n<p><strong>Caract\u00e9ristiques :<\/strong><\/p>\n<ul>\n<li><strong>Poids net<\/strong> : 50 g par sachet<\/li>\n<li><strong>Ingr\u00e9dients<\/strong> : Farine de tapioca (contient des sulfites), crevettes, huile, sucre, sel, ail, r\u00e9gulateur d\u2019acidit\u00e9, poudres \u00e0 lever. Peut contenir : poisson, soja, bl\u00e9 (gluten).<\/li>\n<li><strong>Cat\u00e9gorie<\/strong> : Chipettes<\/li>\n<li><strong>Conditionnement<\/strong> :\n<ul>\n<li>Pack de 40 sachets<\/li>\n<li>Carton de 70 sachets<\/li>\n<\/ul>\n<\/li>\n<\/ul>\n<p><strong>Mode de conservation :<\/strong><\/p>\n<ul>\n<li>Conservez dans un endroit frais et sec, \u00e0 l\u2019abri de l\u2019humidit\u00e9.<\/li>\n<\/ul>\n<p>Les chipettes de crevette sont parfaites pour un en-cas savoureux et croquant. Leur conditionnement pratique en sachets garantit une collation toujours pr\u00eate \u00e0 \u00eatre d\u00e9gust\u00e9e.<\/p>","protected":false},"excerpt":{"rendered":"<p>Chipette de Crevette &#8211; 50 g Savourez les chipettes de crevette, une d\u00e9licieuse collation croustillante \u00e0 base de crevettes. Chaque sachet de 50 g offre un m\u00e9lange irr\u00e9sistible de saveurs et de textures. Caract\u00e9ristiques : Poids net : 50 g par sachet Ingr\u00e9dients : Farine de tapioca (contient des sulfites), crevettes, huile, sucre, sel, ail, [&hellip;]<\/p>","protected":false},"featured_media":8727,"comment_status":"closed","ping_status":"closed","template":"","meta":{"_acf_changed":false,"om_disable_all_campaigns":false,"inline_featured_image":false,"_monsterinsights_skip_tracking":false,"_monsterinsights_sitenote_active":false,"_monsterinsights_sitenote_note":"","_monsterinsights_sitenote_category":0,"_uf_show_specific_survey":0,"_uf_disable_surveys":false},"product_cat":[55],"product_tag":[],"class_list":{"0":"post-8111","1":"product","2":"type-product","3":"status-publish","4":"has-post-thumbnail","6":"product_cat-chipettes","8":"first","9":"instock","10":"shipping-taxable","11":"product-type-simple"},"acf":[],"yoast_head":"<!-- This site is optimized with the Yoast SEO plugin v24.2 - https:\/\/yoast.com\/wordpress\/plugins\/seo\/ -->\n<title>Chipette Crevette 50g - Id\u00e9al en Pack ou Carton | Salone<\/title>\n<meta name=\"description\" content=\"Chipette de Crevette 50 g, croustillante et savoureuse. Conditionnement en pack de 40 ou carton de 70 sachets. Conservez au sec pour une qualit\u00e9 optimale.\" \/>\n<meta name=\"robots\" content=\"index, follow, max-snippet:-1, max-image-preview:large, max-video-preview:-1\" \/>\n<link rel=\"canonical\" href=\"https:\/\/salone.mg\/en\/product\/chipette-de-crevette\/\" \/>\n<meta property=\"og:locale\" content=\"en_US\" \/>\n<meta property=\"og:type\" content=\"article\" \/>\n<meta property=\"og:title\" content=\"Chipette Crevette 50g - Id\u00e9al en Pack ou Carton | Salone\" \/>\n<meta property=\"og:description\" content=\"Chipette de Crevette 50 g, croustillante et savoureuse. Conditionnement en pack de 40 ou carton de 70 sachets. Conservez au sec pour une qualit\u00e9 optimale.\" \/>\n<meta property=\"og:url\" content=\"https:\/\/salone.mg\/en\/product\/chipette-de-crevette\/\" \/>\n<meta property=\"og:site_name\" content=\"Salone\" \/>\n<meta property=\"article:modified_time\" content=\"2024-08-16T08:32:20+00:00\" \/>\n<meta property=\"og:image\" content=\"https:\/\/salone.mg\/wp-content\/uploads\/2024\/04\/download.png?v=1714379271\" \/>\n\t<meta property=\"og:image:width\" content=\"500\" \/>\n\t<meta property=\"og:image:height\" content=\"500\" \/>\n\t<meta property=\"og:image:type\" content=\"image\/png\" \/>\n<meta name=\"twitter:card\" content=\"summary_large_image\" \/>\n<meta name=\"twitter:label1\" content=\"Est. reading time\" \/>\n\t<meta name=\"twitter:data1\" content=\"1 minute\" \/>\n<script type=\"application\/ld+json\" class=\"yoast-schema-graph\">{\"@context\":\"https:\/\/schema.org\",\"@graph\":[{\"@type\":\"WebPage\",\"@id\":\"https:\/\/salone.mg\/produit\/chipette-de-crevette\/\",\"url\":\"https:\/\/salone.mg\/produit\/chipette-de-crevette\/\",\"name\":\"Chipette Crevette 50g - Id\u00e9al en Pack ou Carton | Salone\",\"isPartOf\":{\"@id\":\"https:\/\/salone.mg\/#website\"},\"primaryImageOfPage\":{\"@id\":\"https:\/\/salone.mg\/produit\/chipette-de-crevette\/#primaryimage\"},\"image\":{\"@id\":\"https:\/\/salone.mg\/produit\/chipette-de-crevette\/#primaryimage\"},\"thumbnailUrl\":\"https:\/\/salone.mg\/wp-content\/uploads\/2024\/04\/download.png?v=1714379271\",\"datePublished\":\"2024-04-04T12:06:28+00:00\",\"dateModified\":\"2024-08-16T08:32:20+00:00\",\"description\":\"Chipette de Crevette 50 g, croustillante et savoureuse. Conditionnement en pack de 40 ou carton de 70 sachets. Conservez au sec pour une qualit\u00e9 optimale.\",\"breadcrumb\":{\"@id\":\"https:\/\/salone.mg\/produit\/chipette-de-crevette\/#breadcrumb\"},\"inLanguage\":\"en-US\",\"potentialAction\":[{\"@type\":\"ReadAction\",\"target\":[\"https:\/\/salone.mg\/produit\/chipette-de-crevette\/\"]}]},{\"@type\":\"ImageObject\",\"inLanguage\":\"en-US\",\"@id\":\"https:\/\/salone.mg\/produit\/chipette-de-crevette\/#primaryimage\",\"url\":\"https:\/\/salone.mg\/wp-content\/uploads\/2024\/04\/download.png?v=1714379271\",\"contentUrl\":\"https:\/\/salone.mg\/wp-content\/uploads\/2024\/04\/download.png?v=1714379271\",\"width\":500,\"height\":500,\"caption\":\"Sachet de chipette de crevettes d\u00e9licieuses de chez salone.\"},{\"@type\":\"BreadcrumbList\",\"@id\":\"https:\/\/salone.mg\/produit\/chipette-de-crevette\/#breadcrumb\",\"itemListElement\":[{\"@type\":\"ListItem\",\"position\":1,\"name\":\"Accueil\",\"item\":\"https:\/\/salone.mg\/\"},{\"@type\":\"ListItem\",\"position\":2,\"name\":\"Salone : Nouilles, Caf\u00e9s, Condiments, Aides Culinaires et Chips\",\"item\":\"https:\/\/salone.mg\/nos-produits\/\"},{\"@type\":\"ListItem\",\"position\":3,\"name\":\"Chipette de crevette\"}]},{\"@type\":\"WebSite\",\"@id\":\"https:\/\/salone.mg\/#website\",\"url\":\"https:\/\/salone.mg\/\",\"name\":\"Salone\",\"description\":\"L&#039;excellence des saveurs au service de vos papilles\",\"publisher\":{\"@id\":\"https:\/\/salone.mg\/#organization\"},\"potentialAction\":[{\"@type\":\"SearchAction\",\"target\":{\"@type\":\"EntryPoint\",\"urlTemplate\":\"https:\/\/salone.mg\/?s={search_term_string}\"},\"query-input\":{\"@type\":\"PropertyValueSpecification\",\"valueRequired\":true,\"valueName\":\"search_term_string\"}}],\"inLanguage\":\"en-US\"},{\"@type\":\"Organization\",\"@id\":\"https:\/\/salone.mg\/#organization\",\"name\":\"Salone\",\"url\":\"https:\/\/salone.mg\/\",\"logo\":{\"@type\":\"ImageObject\",\"inLanguage\":\"en-US\",\"@id\":\"https:\/\/salone.mg\/#\/schema\/logo\/image\/\",\"url\":\"https:\/\/salone.mg\/wp-content\/uploads\/2024\/03\/logo-nobg-.png\",\"contentUrl\":\"https:\/\/salone.mg\/wp-content\/uploads\/2024\/03\/logo-nobg-.png\",\"width\":363,\"height\":294,\"caption\":\"Salone\"},\"image\":{\"@id\":\"https:\/\/salone.mg\/#\/schema\/logo\/image\/\"}}]}<\/script>\n<!-- \/ Yoast SEO plugin. -->","yoast_head_json":{"title":"Chipette Crevette 50g - Id\u00e9al en Pack ou Carton | Salone","description":"Chipette de Crevette 50 g, croustillante et savoureuse. Conditionnement en pack de 40 ou carton de 70 sachets. Conservez au sec pour une qualit\u00e9 optimale.","robots":{"index":"index","follow":"follow","max-snippet":"max-snippet:-1","max-image-preview":"max-image-preview:large","max-video-preview":"max-video-preview:-1"},"canonical":"https:\/\/salone.mg\/en\/product\/chipette-de-crevette\/","og_locale":"en_US","og_type":"article","og_title":"Chipette Crevette 50g - Id\u00e9al en Pack ou Carton | Salone","og_description":"Chipette de Crevette 50 g, croustillante et savoureuse. Conditionnement en pack de 40 ou carton de 70 sachets. Conservez au sec pour une qualit\u00e9 optimale.","og_url":"https:\/\/salone.mg\/en\/product\/chipette-de-crevette\/","og_site_name":"Salone","article_modified_time":"2024-08-16T08:32:20+00:00","og_image":[{"width":500,"height":500,"url":"https:\/\/salone.mg\/wp-content\/uploads\/2024\/04\/download.png?v=1714379271","type":"image\/png"}],"twitter_card":"summary_large_image","twitter_misc":{"Est. reading time":"1 minute"},"schema":{"@context":"https:\/\/schema.org","@graph":[{"@type":"WebPage","@id":"https:\/\/salone.mg\/produit\/chipette-de-crevette\/","url":"https:\/\/salone.mg\/produit\/chipette-de-crevette\/","name":"Chipette Crevette 50g - Id\u00e9al en Pack ou Carton | Salone","isPartOf":{"@id":"https:\/\/salone.mg\/#website"},"primaryImageOfPage":{"@id":"https:\/\/salone.mg\/produit\/chipette-de-crevette\/#primaryimage"},"image":{"@id":"https:\/\/salone.mg\/produit\/chipette-de-crevette\/#primaryimage"},"thumbnailUrl":"https:\/\/salone.mg\/wp-content\/uploads\/2024\/04\/download.png?v=1714379271","datePublished":"2024-04-04T12:06:28+00:00","dateModified":"2024-08-16T08:32:20+00:00","description":"Chipette de Crevette 50 g, croustillante et savoureuse. Conditionnement en pack de 40 ou carton de 70 sachets. Conservez au sec pour une qualit\u00e9 optimale.","breadcrumb":{"@id":"https:\/\/salone.mg\/produit\/chipette-de-crevette\/#breadcrumb"},"inLanguage":"en-US","potentialAction":[{"@type":"ReadAction","target":["https:\/\/salone.mg\/produit\/chipette-de-crevette\/"]}]},{"@type":"ImageObject","inLanguage":"en-US","@id":"https:\/\/salone.mg\/produit\/chipette-de-crevette\/#primaryimage","url":"https:\/\/salone.mg\/wp-content\/uploads\/2024\/04\/download.png?v=1714379271","contentUrl":"https:\/\/salone.mg\/wp-content\/uploads\/2024\/04\/download.png?v=1714379271","width":500,"height":500,"caption":"Sachet de chipette de crevettes d\u00e9licieuses de chez salone."},{"@type":"BreadcrumbList","@id":"https:\/\/salone.mg\/produit\/chipette-de-crevette\/#breadcrumb","itemListElement":[{"@type":"ListItem","position":1,"name":"Accueil","item":"https:\/\/salone.mg\/"},{"@type":"ListItem","position":2,"name":"Salone : Nouilles, Caf\u00e9s, Condiments, Aides Culinaires et Chips","item":"https:\/\/salone.mg\/nos-produits\/"},{"@type":"ListItem","position":3,"name":"Chipette de crevette"}]},{"@type":"WebSite","@id":"https:\/\/salone.mg\/#website","url":"https:\/\/salone.mg\/","name":"Salone","description":"L&#039;excellence des saveurs au service de vos papilles","publisher":{"@id":"https:\/\/salone.mg\/#organization"},"potentialAction":[{"@type":"SearchAction","target":{"@type":"EntryPoint","urlTemplate":"https:\/\/salone.mg\/?s={search_term_string}"},"query-input":{"@type":"PropertyValueSpecification","valueRequired":true,"valueName":"search_term_string"}}],"inLanguage":"en-US"},{"@type":"Organization","@id":"https:\/\/salone.mg\/#organization","name":"Salone","url":"https:\/\/salone.mg\/","logo":{"@type":"ImageObject","inLanguage":"en-US","@id":"https:\/\/salone.mg\/#\/schema\/logo\/image\/","url":"https:\/\/salone.mg\/wp-content\/uploads\/2024\/03\/logo-nobg-.png","contentUrl":"https:\/\/salone.mg\/wp-content\/uploads\/2024\/03\/logo-nobg-.png","width":363,"height":294,"caption":"Salone"},"image":{"@id":"https:\/\/salone.mg\/#\/schema\/logo\/image\/"}}]}},"jetpack_sharing_enabled":true,"_links":{"self":[{"href":"https:\/\/salone.mg\/en\/wp-json\/wp\/v2\/product\/8111","targetHints":{"allow":["GET"]}}],"collection":[{"href":"https:\/\/salone.mg\/en\/wp-json\/wp\/v2\/product"}],"about":[{"href":"https:\/\/salone.mg\/en\/wp-json\/wp\/v2\/types\/product"}],"replies":[{"embeddable":true,"href":"https:\/\/salone.mg\/en\/wp-json\/wp\/v2\/comments?post=8111"}],"wp:featuredmedia":[{"embeddable":true,"href":"https:\/\/salone.mg\/en\/wp-json\/wp\/v2\/media\/8727"}],"wp:attachment":[{"href":"https:\/\/salone.mg\/en\/wp-json\/wp\/v2\/media?parent=8111"}],"wp:term":[{"taxonomy":"product_cat","embeddable":true,"href":"https:\/\/salone.mg\/en\/wp-json\/wp\/v2\/product_cat?post=8111"},{"taxonomy":"product_tag","embeddable":true,"href":"https:\/\/salone.mg\/en\/wp-json\/wp\/v2\/product_tag?post=8111"}],"curies":[{"name":"wp","href":"https:\/\/api.w.org\/{rel}","templated":true}]}}