{"id":7690,"date":"2025-07-04T14:31:37","date_gmt":"2025-07-04T12:31:37","guid":{"rendered":"https:\/\/salone.mg\/?post_type=product&#038;p=7690"},"modified":"2025-07-11T13:21:24","modified_gmt":"2025-07-11T11:21:24","slug":"vinaigre-50cl-rouge-salone-6","status":"publish","type":"product","link":"https:\/\/salone.mg\/en\/product\/vinaigre-50cl-rouge-salone-6\/","title":{"rendered":"Vinaigre 1\/2L Rouge SALONE 6\u00b0"},"content":{"rendered":"<p><strong>Vinaigre Rouge Salone 6\u00b0 &#8211; 50 cl<\/strong><\/p>\n<p>Ajoutez une touche de saveur \u00e0 vos plats avec le vinaigre rouge Salone 6\u00b0. Chaque bouteille de 50 cl est con\u00e7ue pour rehausser vos condiments, marinades, et recettes maison.<\/p>\n<p><strong>Caract\u00e9ristiques :<\/strong><\/p>\n<ul>\n<li><strong>Poids net<\/strong> : 50 cl<\/li>\n<li><strong>Cat\u00e9gorie<\/strong> : Condiments<\/li>\n<li><strong>Conditionnement<\/strong> : Pack de 12 bouteilles<\/li>\n<\/ul>\n<p><strong>Mode de conservation :<\/strong><\/p>\n<ul>\n<li>Conservez dans un endroit sec, \u00e0 l\u2019abri de la lumi\u00e8re directe et des temp\u00e9ratures \u00e9lev\u00e9es.<\/li>\n<\/ul>\n<p>Le vinaigre rouge Salone 6\u00b0 est parfait pour ajouter une note acidul\u00e9e \u00e0 vos plats et pr\u00e9parations culinaires. Son conditionnement en pack de 12 bouteilles assure que vous en ayez toujours sous la main pour toutes vos cr\u00e9ations gastronomiques.<\/p>","protected":false},"excerpt":{"rendered":"<p>Vinaigre Rouge Salone 6\u00b0 &#8211; 50 cl Ajoutez une touche de saveur \u00e0 vos plats avec le vinaigre rouge Salone 6\u00b0. Chaque bouteille de 50 cl est con\u00e7ue pour rehausser vos condiments, marinades, et recettes maison. Caract\u00e9ristiques : Poids net : 50 cl Cat\u00e9gorie : Condiments Conditionnement : Pack de 12 bouteilles Mode de conservation [&hellip;]<\/p>","protected":false},"featured_media":10865,"comment_status":"open","ping_status":"closed","template":"","meta":{"_acf_changed":false,"om_disable_all_campaigns":false,"inline_featured_image":false,"_monsterinsights_skip_tracking":false,"_monsterinsights_sitenote_active":false,"_monsterinsights_sitenote_note":"","_monsterinsights_sitenote_category":0,"_uf_show_specific_survey":0,"_uf_disable_surveys":false},"product_cat":[44],"product_tag":[],"class_list":{"0":"post-7690","1":"product","2":"type-product","3":"status-publish","4":"has-post-thumbnail","6":"product_cat-condiment","8":"first","9":"instock","10":"shipping-taxable","11":"product-type-simple"},"acf":[],"yoast_head":"<!-- This site is optimized with the Yoast SEO plugin v24.2 - https:\/\/yoast.com\/wordpress\/plugins\/seo\/ -->\n<title>Vinaigre 1\/2L Rouge SALONE 6\u00b0 - Salone<\/title>\n<meta name=\"description\" content=\"Vinaigre Rouge Salone 6\u00b0 50 cl, id\u00e9al pour vos condiments. Pack de 12 bouteilles. Conservez \u00e0 l\u2019abri de la lumi\u00e8re et des temp\u00e9ratures \u00e9lev\u00e9es.\" \/>\n<meta name=\"robots\" content=\"index, follow, max-snippet:-1, max-image-preview:large, max-video-preview:-1\" \/>\n<link rel=\"canonical\" href=\"https:\/\/salone.mg\/en\/product\/vinaigre-50cl-rouge-salone-6\/\" \/>\n<meta property=\"og:locale\" content=\"en_US\" \/>\n<meta property=\"og:type\" content=\"article\" \/>\n<meta property=\"og:title\" content=\"Vinaigre 1\/2L Rouge SALONE 6\u00b0 - Salone\" \/>\n<meta property=\"og:description\" content=\"Vinaigre Rouge Salone 6\u00b0 50 cl, id\u00e9al pour vos condiments. Pack de 12 bouteilles. Conservez \u00e0 l\u2019abri de la lumi\u00e8re et des temp\u00e9ratures \u00e9lev\u00e9es.\" \/>\n<meta property=\"og:url\" content=\"https:\/\/salone.mg\/en\/product\/vinaigre-50cl-rouge-salone-6\/\" \/>\n<meta property=\"og:site_name\" content=\"Salone\" \/>\n<meta property=\"article:modified_time\" content=\"2025-07-11T11:21:24+00:00\" \/>\n<meta property=\"og:image\" content=\"https:\/\/salone.mg\/wp-content\/uploads\/2024\/03\/SAL-CONDVIN-PACK-ROUGE-50CL--scaled.png\" \/>\n\t<meta property=\"og:image:width\" content=\"2560\" \/>\n\t<meta property=\"og:image:height\" content=\"2560\" \/>\n\t<meta property=\"og:image:type\" content=\"image\/png\" \/>\n<meta name=\"twitter:card\" content=\"summary_large_image\" \/>\n<meta name=\"twitter:label1\" content=\"Est. reading time\" \/>\n\t<meta name=\"twitter:data1\" content=\"1 minute\" \/>\n<script type=\"application\/ld+json\" class=\"yoast-schema-graph\">{\"@context\":\"https:\/\/schema.org\",\"@graph\":[{\"@type\":\"WebPage\",\"@id\":\"https:\/\/salone.mg\/produit\/vinaigre-50cl-rouge-salone-6\/\",\"url\":\"https:\/\/salone.mg\/produit\/vinaigre-50cl-rouge-salone-6\/\",\"name\":\"Vinaigre 1\/2L Rouge SALONE 6\u00b0 - Salone\",\"isPartOf\":{\"@id\":\"https:\/\/salone.mg\/#website\"},\"primaryImageOfPage\":{\"@id\":\"https:\/\/salone.mg\/produit\/vinaigre-50cl-rouge-salone-6\/#primaryimage\"},\"image\":{\"@id\":\"https:\/\/salone.mg\/produit\/vinaigre-50cl-rouge-salone-6\/#primaryimage\"},\"thumbnailUrl\":\"https:\/\/salone.mg\/wp-content\/uploads\/2024\/03\/SAL-CONDVIN-PACK-ROUGE-50CL--scaled.png\",\"datePublished\":\"2025-07-04T12:31:37+00:00\",\"dateModified\":\"2025-07-11T11:21:24+00:00\",\"description\":\"Vinaigre Rouge Salone 6\u00b0 50 cl, id\u00e9al pour vos condiments. Pack de 12 bouteilles. Conservez \u00e0 l\u2019abri de la lumi\u00e8re et des temp\u00e9ratures \u00e9lev\u00e9es.\",\"breadcrumb\":{\"@id\":\"https:\/\/salone.mg\/produit\/vinaigre-50cl-rouge-salone-6\/#breadcrumb\"},\"inLanguage\":\"en-US\",\"potentialAction\":[{\"@type\":\"ReadAction\",\"target\":[\"https:\/\/salone.mg\/produit\/vinaigre-50cl-rouge-salone-6\/\"]}]},{\"@type\":\"ImageObject\",\"inLanguage\":\"en-US\",\"@id\":\"https:\/\/salone.mg\/produit\/vinaigre-50cl-rouge-salone-6\/#primaryimage\",\"url\":\"https:\/\/salone.mg\/wp-content\/uploads\/2024\/03\/SAL-CONDVIN-PACK-ROUGE-50CL--scaled.png\",\"contentUrl\":\"https:\/\/salone.mg\/wp-content\/uploads\/2024\/03\/SAL-CONDVIN-PACK-ROUGE-50CL--scaled.png\",\"width\":2560,\"height\":2560,\"caption\":\"Bouteille de Vinaigre rouge 50CL.\"},{\"@type\":\"BreadcrumbList\",\"@id\":\"https:\/\/salone.mg\/produit\/vinaigre-50cl-rouge-salone-6\/#breadcrumb\",\"itemListElement\":[{\"@type\":\"ListItem\",\"position\":1,\"name\":\"Accueil\",\"item\":\"https:\/\/salone.mg\/\"},{\"@type\":\"ListItem\",\"position\":2,\"name\":\"Salone : Nouilles, Caf\u00e9s, Condiments, Aides Culinaires et Chips\",\"item\":\"https:\/\/salone.mg\/nos-produits\/\"},{\"@type\":\"ListItem\",\"position\":3,\"name\":\"Vinaigre 1\/2L Rouge SALONE 6\u00b0\"}]},{\"@type\":\"WebSite\",\"@id\":\"https:\/\/salone.mg\/#website\",\"url\":\"https:\/\/salone.mg\/\",\"name\":\"Salone\",\"description\":\"L&#039;excellence des saveurs au service de vos papilles\",\"publisher\":{\"@id\":\"https:\/\/salone.mg\/#organization\"},\"potentialAction\":[{\"@type\":\"SearchAction\",\"target\":{\"@type\":\"EntryPoint\",\"urlTemplate\":\"https:\/\/salone.mg\/?s={search_term_string}\"},\"query-input\":{\"@type\":\"PropertyValueSpecification\",\"valueRequired\":true,\"valueName\":\"search_term_string\"}}],\"inLanguage\":\"en-US\"},{\"@type\":\"Organization\",\"@id\":\"https:\/\/salone.mg\/#organization\",\"name\":\"Salone\",\"url\":\"https:\/\/salone.mg\/\",\"logo\":{\"@type\":\"ImageObject\",\"inLanguage\":\"en-US\",\"@id\":\"https:\/\/salone.mg\/#\/schema\/logo\/image\/\",\"url\":\"https:\/\/salone.mg\/wp-content\/uploads\/2024\/03\/logo-nobg-.png\",\"contentUrl\":\"https:\/\/salone.mg\/wp-content\/uploads\/2024\/03\/logo-nobg-.png\",\"width\":363,\"height\":294,\"caption\":\"Salone\"},\"image\":{\"@id\":\"https:\/\/salone.mg\/#\/schema\/logo\/image\/\"}}]}<\/script>\n<!-- \/ Yoast SEO plugin. -->","yoast_head_json":{"title":"Vinaigre 1\/2L Rouge SALONE 6\u00b0 - Salone","description":"Vinaigre Rouge Salone 6\u00b0 50 cl, id\u00e9al pour vos condiments. Pack de 12 bouteilles. Conservez \u00e0 l\u2019abri de la lumi\u00e8re et des temp\u00e9ratures \u00e9lev\u00e9es.","robots":{"index":"index","follow":"follow","max-snippet":"max-snippet:-1","max-image-preview":"max-image-preview:large","max-video-preview":"max-video-preview:-1"},"canonical":"https:\/\/salone.mg\/en\/product\/vinaigre-50cl-rouge-salone-6\/","og_locale":"en_US","og_type":"article","og_title":"Vinaigre 1\/2L Rouge SALONE 6\u00b0 - Salone","og_description":"Vinaigre Rouge Salone 6\u00b0 50 cl, id\u00e9al pour vos condiments. Pack de 12 bouteilles. Conservez \u00e0 l\u2019abri de la lumi\u00e8re et des temp\u00e9ratures \u00e9lev\u00e9es.","og_url":"https:\/\/salone.mg\/en\/product\/vinaigre-50cl-rouge-salone-6\/","og_site_name":"Salone","article_modified_time":"2025-07-11T11:21:24+00:00","og_image":[{"width":2560,"height":2560,"url":"https:\/\/salone.mg\/wp-content\/uploads\/2024\/03\/SAL-CONDVIN-PACK-ROUGE-50CL--scaled.png","type":"image\/png"}],"twitter_card":"summary_large_image","twitter_misc":{"Est. reading time":"1 minute"},"schema":{"@context":"https:\/\/schema.org","@graph":[{"@type":"WebPage","@id":"https:\/\/salone.mg\/produit\/vinaigre-50cl-rouge-salone-6\/","url":"https:\/\/salone.mg\/produit\/vinaigre-50cl-rouge-salone-6\/","name":"Vinaigre 1\/2L Rouge SALONE 6\u00b0 - Salone","isPartOf":{"@id":"https:\/\/salone.mg\/#website"},"primaryImageOfPage":{"@id":"https:\/\/salone.mg\/produit\/vinaigre-50cl-rouge-salone-6\/#primaryimage"},"image":{"@id":"https:\/\/salone.mg\/produit\/vinaigre-50cl-rouge-salone-6\/#primaryimage"},"thumbnailUrl":"https:\/\/salone.mg\/wp-content\/uploads\/2024\/03\/SAL-CONDVIN-PACK-ROUGE-50CL--scaled.png","datePublished":"2025-07-04T12:31:37+00:00","dateModified":"2025-07-11T11:21:24+00:00","description":"Vinaigre Rouge Salone 6\u00b0 50 cl, id\u00e9al pour vos condiments. Pack de 12 bouteilles. Conservez \u00e0 l\u2019abri de la lumi\u00e8re et des temp\u00e9ratures \u00e9lev\u00e9es.","breadcrumb":{"@id":"https:\/\/salone.mg\/produit\/vinaigre-50cl-rouge-salone-6\/#breadcrumb"},"inLanguage":"en-US","potentialAction":[{"@type":"ReadAction","target":["https:\/\/salone.mg\/produit\/vinaigre-50cl-rouge-salone-6\/"]}]},{"@type":"ImageObject","inLanguage":"en-US","@id":"https:\/\/salone.mg\/produit\/vinaigre-50cl-rouge-salone-6\/#primaryimage","url":"https:\/\/salone.mg\/wp-content\/uploads\/2024\/03\/SAL-CONDVIN-PACK-ROUGE-50CL--scaled.png","contentUrl":"https:\/\/salone.mg\/wp-content\/uploads\/2024\/03\/SAL-CONDVIN-PACK-ROUGE-50CL--scaled.png","width":2560,"height":2560,"caption":"Bouteille de Vinaigre rouge 50CL."},{"@type":"BreadcrumbList","@id":"https:\/\/salone.mg\/produit\/vinaigre-50cl-rouge-salone-6\/#breadcrumb","itemListElement":[{"@type":"ListItem","position":1,"name":"Accueil","item":"https:\/\/salone.mg\/"},{"@type":"ListItem","position":2,"name":"Salone : Nouilles, Caf\u00e9s, Condiments, Aides Culinaires et Chips","item":"https:\/\/salone.mg\/nos-produits\/"},{"@type":"ListItem","position":3,"name":"Vinaigre 1\/2L Rouge SALONE 6\u00b0"}]},{"@type":"WebSite","@id":"https:\/\/salone.mg\/#website","url":"https:\/\/salone.mg\/","name":"Salone","description":"L&#039;excellence des saveurs au service de vos papilles","publisher":{"@id":"https:\/\/salone.mg\/#organization"},"potentialAction":[{"@type":"SearchAction","target":{"@type":"EntryPoint","urlTemplate":"https:\/\/salone.mg\/?s={search_term_string}"},"query-input":{"@type":"PropertyValueSpecification","valueRequired":true,"valueName":"search_term_string"}}],"inLanguage":"en-US"},{"@type":"Organization","@id":"https:\/\/salone.mg\/#organization","name":"Salone","url":"https:\/\/salone.mg\/","logo":{"@type":"ImageObject","inLanguage":"en-US","@id":"https:\/\/salone.mg\/#\/schema\/logo\/image\/","url":"https:\/\/salone.mg\/wp-content\/uploads\/2024\/03\/logo-nobg-.png","contentUrl":"https:\/\/salone.mg\/wp-content\/uploads\/2024\/03\/logo-nobg-.png","width":363,"height":294,"caption":"Salone"},"image":{"@id":"https:\/\/salone.mg\/#\/schema\/logo\/image\/"}}]}},"jetpack_sharing_enabled":true,"_links":{"self":[{"href":"https:\/\/salone.mg\/en\/wp-json\/wp\/v2\/product\/7690","targetHints":{"allow":["GET"]}}],"collection":[{"href":"https:\/\/salone.mg\/en\/wp-json\/wp\/v2\/product"}],"about":[{"href":"https:\/\/salone.mg\/en\/wp-json\/wp\/v2\/types\/product"}],"replies":[{"embeddable":true,"href":"https:\/\/salone.mg\/en\/wp-json\/wp\/v2\/comments?post=7690"}],"wp:featuredmedia":[{"embeddable":true,"href":"https:\/\/salone.mg\/en\/wp-json\/wp\/v2\/media\/10865"}],"wp:attachment":[{"href":"https:\/\/salone.mg\/en\/wp-json\/wp\/v2\/media?parent=7690"}],"wp:term":[{"taxonomy":"product_cat","embeddable":true,"href":"https:\/\/salone.mg\/en\/wp-json\/wp\/v2\/product_cat?post=7690"},{"taxonomy":"product_tag","embeddable":true,"href":"https:\/\/salone.mg\/en\/wp-json\/wp\/v2\/product_tag?post=7690"}],"curies":[{"name":"wp","href":"https:\/\/api.w.org\/{rel}","templated":true}]}}