{"id":7689,"date":"2025-07-05T14:26:54","date_gmt":"2025-07-05T12:26:54","guid":{"rendered":"https:\/\/salone.mg\/?post_type=product&#038;p=7689"},"modified":"2025-07-11T13:21:17","modified_gmt":"2025-07-11T11:21:17","slug":"sal-condvin-pack-blanc-25cl","status":"publish","type":"product","link":"https:\/\/salone.mg\/en\/product\/sal-condvin-pack-blanc-25cl\/","title":{"rendered":"Vinaigre 1\/4L Blanc SALONE 6\u00b0"},"content":{"rendered":"<p><strong>Vinaigre Blanc Salone 6\u00b0 &#8211; 250 ml<\/strong><\/p>\n<p>Ajoutez une touche de fra\u00eecheur \u00e0 vos plats avec le vinaigre blanc Salone 6\u00b0. Chaque bouteille de 250 ml est parfaite pour assaisonner, mariner ou conserver vos aliments.<\/p>\n<p><strong>Caract\u00e9ristiques :<\/strong><\/p>\n<ul>\n<li><strong>Poids net<\/strong> : 250 ml<\/li>\n<li><strong>Cat\u00e9gorie<\/strong> : Condiments<\/li>\n<li><strong>Conditionnement<\/strong> : Pack de 12 bouteilles<\/li>\n<\/ul>\n<p><strong>Mode de conservation :<\/strong><\/p>\n<ul>\n<li>Conservez dans un endroit sec, \u00e0 l\u2019abri de la lumi\u00e8re directe et des temp\u00e9ratures \u00e9lev\u00e9es.<\/li>\n<\/ul>\n<p>Le vinaigre blanc Salone 6\u00b0 est un choix versatile pour am\u00e9liorer la saveur de vos plats ou pr\u00e9parer des marinades. Sa pr\u00e9sentation pratique en pack de 12 bouteilles assure une disponibilit\u00e9 constante pour toutes vos cr\u00e9ations culinaires.<\/p>","protected":false},"excerpt":{"rendered":"<p>Vinaigre Blanc Salone 6\u00b0 &#8211; 250 ml Ajoutez une touche de fra\u00eecheur \u00e0 vos plats avec le vinaigre blanc Salone 6\u00b0. Chaque bouteille de 250 ml est parfaite pour assaisonner, mariner ou conserver vos aliments. Caract\u00e9ristiques : Poids net : 250 ml Cat\u00e9gorie : Condiments Conditionnement : Pack de 12 bouteilles Mode de conservation : [&hellip;]<\/p>\n","protected":false},"featured_media":10859,"comment_status":"open","ping_status":"closed","template":"","meta":{"_acf_changed":false,"om_disable_all_campaigns":false,"inline_featured_image":false,"_monsterinsights_skip_tracking":false,"_monsterinsights_sitenote_active":false,"_monsterinsights_sitenote_note":"","_monsterinsights_sitenote_category":0,"_uf_show_specific_survey":0,"_uf_disable_surveys":false},"product_cat":[44],"product_tag":[],"class_list":{"0":"post-7689","1":"product","2":"type-product","3":"status-publish","4":"has-post-thumbnail","6":"product_cat-condiment","8":"first","9":"instock","10":"shipping-taxable","11":"product-type-simple"},"acf":[],"yoast_head":"<!-- This site is optimized with the Yoast SEO plugin v27.4 - https:\/\/yoast.com\/product\/yoast-seo-wordpress\/ -->\n<title>Vinaigre 1\/4L Blanc SALONE 6\u00b0 - Salone<\/title>\n<meta name=\"description\" content=\"Vinaigre Blanc Salone 6\u00b0 250 ml, id\u00e9al pour vos condiments. Conditionnement en pack de 12. Conservez \u00e0 l\u2019abri de la lumi\u00e8re et des temp\u00e9ratures \u00e9lev\u00e9es.\" \/>\n<meta name=\"robots\" content=\"index, follow, max-snippet:-1, max-image-preview:large, max-video-preview:-1\" \/>\n<link rel=\"canonical\" href=\"https:\/\/salone.mg\/en\/product\/sal-condvin-pack-blanc-25cl\/\" \/>\n<meta property=\"og:locale\" content=\"en_US\" \/>\n<meta property=\"og:type\" content=\"article\" \/>\n<meta property=\"og:title\" content=\"Vinaigre 1\/4L Blanc SALONE 6\u00b0 - Salone\" \/>\n<meta property=\"og:description\" content=\"Vinaigre Blanc Salone 6\u00b0 250 ml, id\u00e9al pour vos condiments. Conditionnement en pack de 12. Conservez \u00e0 l\u2019abri de la lumi\u00e8re et des temp\u00e9ratures \u00e9lev\u00e9es.\" \/>\n<meta property=\"og:url\" content=\"https:\/\/salone.mg\/en\/product\/sal-condvin-pack-blanc-25cl\/\" \/>\n<meta property=\"og:site_name\" content=\"Salone\" \/>\n<meta property=\"article:modified_time\" content=\"2025-07-11T11:21:17+00:00\" \/>\n<meta property=\"og:image\" content=\"https:\/\/salone.mg\/wp-content\/uploads\/2024\/03\/SAL-CONDVIN-PACK-BLANC-25cL-copie_2-scaled.png\" \/>\n\t<meta property=\"og:image:width\" content=\"2560\" \/>\n\t<meta property=\"og:image:height\" content=\"2560\" \/>\n\t<meta property=\"og:image:type\" content=\"image\/png\" \/>\n<meta name=\"twitter:card\" content=\"summary_large_image\" \/>\n<meta name=\"twitter:label1\" content=\"Est. reading time\" \/>\n\t<meta name=\"twitter:data1\" content=\"1 minute\" \/>\n<script type=\"application\/ld+json\" class=\"yoast-schema-graph\">{\"@context\":\"https:\\\/\\\/schema.org\",\"@graph\":[{\"@type\":\"WebPage\",\"@id\":\"https:\\\/\\\/salone.mg\\\/produit\\\/sal-condvin-pack-blanc-25cl\\\/\",\"url\":\"https:\\\/\\\/salone.mg\\\/produit\\\/sal-condvin-pack-blanc-25cl\\\/\",\"name\":\"Vinaigre 1\\\/4L Blanc SALONE 6\u00b0 - Salone\",\"isPartOf\":{\"@id\":\"https:\\\/\\\/salone.mg\\\/#website\"},\"primaryImageOfPage\":{\"@id\":\"https:\\\/\\\/salone.mg\\\/produit\\\/sal-condvin-pack-blanc-25cl\\\/#primaryimage\"},\"image\":{\"@id\":\"https:\\\/\\\/salone.mg\\\/produit\\\/sal-condvin-pack-blanc-25cl\\\/#primaryimage\"},\"thumbnailUrl\":\"https:\\\/\\\/salone.mg\\\/wp-content\\\/uploads\\\/2024\\\/03\\\/SAL-CONDVIN-PACK-BLANC-25cL-copie_2-scaled.png\",\"datePublished\":\"2025-07-05T12:26:54+00:00\",\"dateModified\":\"2025-07-11T11:21:17+00:00\",\"description\":\"Vinaigre Blanc Salone 6\u00b0 250 ml, id\u00e9al pour vos condiments. Conditionnement en pack de 12. Conservez \u00e0 l\u2019abri de la lumi\u00e8re et des temp\u00e9ratures \u00e9lev\u00e9es.\",\"breadcrumb\":{\"@id\":\"https:\\\/\\\/salone.mg\\\/produit\\\/sal-condvin-pack-blanc-25cl\\\/#breadcrumb\"},\"inLanguage\":\"en-US\",\"potentialAction\":[{\"@type\":\"ReadAction\",\"target\":[\"https:\\\/\\\/salone.mg\\\/produit\\\/sal-condvin-pack-blanc-25cl\\\/\"]}]},{\"@type\":\"ImageObject\",\"inLanguage\":\"en-US\",\"@id\":\"https:\\\/\\\/salone.mg\\\/produit\\\/sal-condvin-pack-blanc-25cl\\\/#primaryimage\",\"url\":\"https:\\\/\\\/salone.mg\\\/wp-content\\\/uploads\\\/2024\\\/03\\\/SAL-CONDVIN-PACK-BLANC-25cL-copie_2-scaled.png\",\"contentUrl\":\"https:\\\/\\\/salone.mg\\\/wp-content\\\/uploads\\\/2024\\\/03\\\/SAL-CONDVIN-PACK-BLANC-25cL-copie_2-scaled.png\",\"width\":2560,\"height\":2560,\"caption\":\"Bouteille de Vinaigre blanc 25cl\"},{\"@type\":\"BreadcrumbList\",\"@id\":\"https:\\\/\\\/salone.mg\\\/produit\\\/sal-condvin-pack-blanc-25cl\\\/#breadcrumb\",\"itemListElement\":[{\"@type\":\"ListItem\",\"position\":1,\"name\":\"Accueil\",\"item\":\"https:\\\/\\\/salone.mg\\\/\"},{\"@type\":\"ListItem\",\"position\":2,\"name\":\"Salone : Nouilles, Caf\u00e9s, Condiments, Aides Culinaires et Chips\",\"item\":\"https:\\\/\\\/salone.mg\\\/nos-produits\\\/\"},{\"@type\":\"ListItem\",\"position\":3,\"name\":\"Vinaigre 1\\\/4L Blanc SALONE 6\u00b0\"}]},{\"@type\":\"WebSite\",\"@id\":\"https:\\\/\\\/salone.mg\\\/#website\",\"url\":\"https:\\\/\\\/salone.mg\\\/\",\"name\":\"Salone\",\"description\":\"L&#039;excellence des saveurs au service de vos papilles\",\"publisher\":{\"@id\":\"https:\\\/\\\/salone.mg\\\/#organization\"},\"potentialAction\":[{\"@type\":\"SearchAction\",\"target\":{\"@type\":\"EntryPoint\",\"urlTemplate\":\"https:\\\/\\\/salone.mg\\\/?s={search_term_string}\"},\"query-input\":{\"@type\":\"PropertyValueSpecification\",\"valueRequired\":true,\"valueName\":\"search_term_string\"}}],\"inLanguage\":\"en-US\"},{\"@type\":\"Organization\",\"@id\":\"https:\\\/\\\/salone.mg\\\/#organization\",\"name\":\"Salone\",\"url\":\"https:\\\/\\\/salone.mg\\\/\",\"logo\":{\"@type\":\"ImageObject\",\"inLanguage\":\"en-US\",\"@id\":\"https:\\\/\\\/salone.mg\\\/#\\\/schema\\\/logo\\\/image\\\/\",\"url\":\"https:\\\/\\\/salone.mg\\\/wp-content\\\/uploads\\\/2024\\\/03\\\/logo-nobg-.png\",\"contentUrl\":\"https:\\\/\\\/salone.mg\\\/wp-content\\\/uploads\\\/2024\\\/03\\\/logo-nobg-.png\",\"width\":363,\"height\":294,\"caption\":\"Salone\"},\"image\":{\"@id\":\"https:\\\/\\\/salone.mg\\\/#\\\/schema\\\/logo\\\/image\\\/\"}}]}<\/script>\n<!-- \/ Yoast SEO plugin. -->","yoast_head_json":{"title":"Vinaigre 1\/4L Blanc SALONE 6\u00b0 - Salone","description":"Vinaigre Blanc Salone 6\u00b0 250 ml, id\u00e9al pour vos condiments. Conditionnement en pack de 12. Conservez \u00e0 l\u2019abri de la lumi\u00e8re et des temp\u00e9ratures \u00e9lev\u00e9es.","robots":{"index":"index","follow":"follow","max-snippet":"max-snippet:-1","max-image-preview":"max-image-preview:large","max-video-preview":"max-video-preview:-1"},"canonical":"https:\/\/salone.mg\/en\/product\/sal-condvin-pack-blanc-25cl\/","og_locale":"en_US","og_type":"article","og_title":"Vinaigre 1\/4L Blanc SALONE 6\u00b0 - Salone","og_description":"Vinaigre Blanc Salone 6\u00b0 250 ml, id\u00e9al pour vos condiments. Conditionnement en pack de 12. Conservez \u00e0 l\u2019abri de la lumi\u00e8re et des temp\u00e9ratures \u00e9lev\u00e9es.","og_url":"https:\/\/salone.mg\/en\/product\/sal-condvin-pack-blanc-25cl\/","og_site_name":"Salone","article_modified_time":"2025-07-11T11:21:17+00:00","og_image":[{"width":2560,"height":2560,"url":"https:\/\/salone.mg\/wp-content\/uploads\/2024\/03\/SAL-CONDVIN-PACK-BLANC-25cL-copie_2-scaled.png","type":"image\/png"}],"twitter_card":"summary_large_image","twitter_misc":{"Est. reading time":"1 minute"},"schema":{"@context":"https:\/\/schema.org","@graph":[{"@type":"WebPage","@id":"https:\/\/salone.mg\/produit\/sal-condvin-pack-blanc-25cl\/","url":"https:\/\/salone.mg\/produit\/sal-condvin-pack-blanc-25cl\/","name":"Vinaigre 1\/4L Blanc SALONE 6\u00b0 - Salone","isPartOf":{"@id":"https:\/\/salone.mg\/#website"},"primaryImageOfPage":{"@id":"https:\/\/salone.mg\/produit\/sal-condvin-pack-blanc-25cl\/#primaryimage"},"image":{"@id":"https:\/\/salone.mg\/produit\/sal-condvin-pack-blanc-25cl\/#primaryimage"},"thumbnailUrl":"https:\/\/salone.mg\/wp-content\/uploads\/2024\/03\/SAL-CONDVIN-PACK-BLANC-25cL-copie_2-scaled.png","datePublished":"2025-07-05T12:26:54+00:00","dateModified":"2025-07-11T11:21:17+00:00","description":"Vinaigre Blanc Salone 6\u00b0 250 ml, id\u00e9al pour vos condiments. Conditionnement en pack de 12. Conservez \u00e0 l\u2019abri de la lumi\u00e8re et des temp\u00e9ratures \u00e9lev\u00e9es.","breadcrumb":{"@id":"https:\/\/salone.mg\/produit\/sal-condvin-pack-blanc-25cl\/#breadcrumb"},"inLanguage":"en-US","potentialAction":[{"@type":"ReadAction","target":["https:\/\/salone.mg\/produit\/sal-condvin-pack-blanc-25cl\/"]}]},{"@type":"ImageObject","inLanguage":"en-US","@id":"https:\/\/salone.mg\/produit\/sal-condvin-pack-blanc-25cl\/#primaryimage","url":"https:\/\/salone.mg\/wp-content\/uploads\/2024\/03\/SAL-CONDVIN-PACK-BLANC-25cL-copie_2-scaled.png","contentUrl":"https:\/\/salone.mg\/wp-content\/uploads\/2024\/03\/SAL-CONDVIN-PACK-BLANC-25cL-copie_2-scaled.png","width":2560,"height":2560,"caption":"Bouteille de Vinaigre blanc 25cl"},{"@type":"BreadcrumbList","@id":"https:\/\/salone.mg\/produit\/sal-condvin-pack-blanc-25cl\/#breadcrumb","itemListElement":[{"@type":"ListItem","position":1,"name":"Accueil","item":"https:\/\/salone.mg\/"},{"@type":"ListItem","position":2,"name":"Salone : Nouilles, Caf\u00e9s, Condiments, Aides Culinaires et Chips","item":"https:\/\/salone.mg\/nos-produits\/"},{"@type":"ListItem","position":3,"name":"Vinaigre 1\/4L Blanc SALONE 6\u00b0"}]},{"@type":"WebSite","@id":"https:\/\/salone.mg\/#website","url":"https:\/\/salone.mg\/","name":"Salone","description":"L&#039;excellence des saveurs au service de vos papilles","publisher":{"@id":"https:\/\/salone.mg\/#organization"},"potentialAction":[{"@type":"SearchAction","target":{"@type":"EntryPoint","urlTemplate":"https:\/\/salone.mg\/?s={search_term_string}"},"query-input":{"@type":"PropertyValueSpecification","valueRequired":true,"valueName":"search_term_string"}}],"inLanguage":"en-US"},{"@type":"Organization","@id":"https:\/\/salone.mg\/#organization","name":"Salone","url":"https:\/\/salone.mg\/","logo":{"@type":"ImageObject","inLanguage":"en-US","@id":"https:\/\/salone.mg\/#\/schema\/logo\/image\/","url":"https:\/\/salone.mg\/wp-content\/uploads\/2024\/03\/logo-nobg-.png","contentUrl":"https:\/\/salone.mg\/wp-content\/uploads\/2024\/03\/logo-nobg-.png","width":363,"height":294,"caption":"Salone"},"image":{"@id":"https:\/\/salone.mg\/#\/schema\/logo\/image\/"}}]}},"jetpack_sharing_enabled":true,"_links":{"self":[{"href":"https:\/\/salone.mg\/en\/wp-json\/wp\/v2\/product\/7689","targetHints":{"allow":["GET"]}}],"collection":[{"href":"https:\/\/salone.mg\/en\/wp-json\/wp\/v2\/product"}],"about":[{"href":"https:\/\/salone.mg\/en\/wp-json\/wp\/v2\/types\/product"}],"replies":[{"embeddable":true,"href":"https:\/\/salone.mg\/en\/wp-json\/wp\/v2\/comments?post=7689"}],"wp:featuredmedia":[{"embeddable":true,"href":"https:\/\/salone.mg\/en\/wp-json\/wp\/v2\/media\/10859"}],"wp:attachment":[{"href":"https:\/\/salone.mg\/en\/wp-json\/wp\/v2\/media?parent=7689"}],"wp:term":[{"taxonomy":"product_cat","embeddable":true,"href":"https:\/\/salone.mg\/en\/wp-json\/wp\/v2\/product_cat?post=7689"},{"taxonomy":"product_tag","embeddable":true,"href":"https:\/\/salone.mg\/en\/wp-json\/wp\/v2\/product_tag?post=7689"}],"curies":[{"name":"wp","href":"https:\/\/api.w.org\/{rel}","templated":true}]}}