{"id":7682,"date":"2024-03-20T14:22:17","date_gmt":"2024-03-20T13:22:17","guid":{"rendered":"https:\/\/salone.mg\/?post_type=product&#038;p=7682"},"modified":"2025-07-11T13:22:22","modified_gmt":"2025-07-11T11:22:22","slug":"sel-sachet","status":"publish","type":"product","link":"https:\/\/salone.mg\/en\/product\/sel-sachet\/","title":{"rendered":"Sel de Mer SALONE \/ En sachet 200 gr"},"content":{"rendered":"<div class=\"flex-1 overflow-hidden\">\n<div class=\"h-full\">\n<div class=\"react-scroll-to-bottom--css-lticb-79elbk h-full\">\n<div class=\"react-scroll-to-bottom--css-lticb-1n7m0yu\">\n<div class=\"flex flex-col text-sm md:pb-9\">\n<div class=\"w-full text-token-text-primary\" dir=\"auto\" data-testid=\"conversation-turn-69\" data-scroll-anchor=\"true\">\n<div class=\"text-base py-[18px] px-3 md:px-4 m-auto md:px-5 lg:px-1 xl:px-5\">\n<div class=\"mx-auto flex flex-1 gap-4 text-base md:gap-5 lg:gap-6 md:max-w-3xl\">\n<div class=\"group\/conversation-turn relative flex w-full min-w-0 flex-col agent-turn\">\n<div class=\"flex-col gap-1 md:gap-3\">\n<div class=\"flex max-w-full flex-col flex-grow\">\n<div class=\"min-h-[20px] text-message flex w-full flex-col items-end gap-2 whitespace-pre-wrap break-words [.text-message+&amp;]:mt-5 overflow-x-auto\" dir=\"auto\" data-message-author-role=\"assistant\" data-message-id=\"64c2a3a6-aa56-4e95-bd3c-a51c3a5e0db1\">\n<div class=\"flex w-full flex-col gap-1 empty:hidden first:pt-[3px]\">\n<div class=\"markdown prose w-full break-words dark:prose-invert light\">\n<p><strong>Sel de Mer Salone &#8211; 200 g (En sachet)<\/strong><\/p>\n<p>Le Sel de Mer Salone est un condiment essentiel pour toutes vos pr\u00e9parations culinaires. Conditionn\u00e9 en sachet de 200 g, il est parfait pour assaisonner vos plats avec une touche de mer. Ce sel fin offre une qualit\u00e9 et une puret\u00e9 exceptionnelles, id\u00e9ales pour relever vos recettes.<\/p>\n<p><strong>Caract\u00e9ristiques :<\/strong><\/p>\n<ul>\n<li><strong>Poids net<\/strong> : 200 g<\/li>\n<li><strong>Cat\u00e9gorie<\/strong> : Condiments<\/li>\n<li><strong>Conditionnement<\/strong> : Sac de 100 sachets<\/li>\n<\/ul>\n<p><strong>Ingr\u00e9dients :<\/strong><\/p>\n<ul>\n<li>Sel fin<\/li>\n<\/ul>\n<p>Le Sel de Mer Salone est soigneusement emball\u00e9 pour pr\u00e9server sa fra\u00eecheur et son go\u00fbt. Conservez les sachets dans un endroit sec et \u00e0 l\u2019abri de l\u2019humidit\u00e9 pour garantir une utilisation optimale. Parfait pour un usage quotidien, il rehausse le go\u00fbt de tous vos plats avec une saveur pure et naturelle.<\/p>\n<\/div>\n<\/div>\n<\/div>\n<\/div>\n<\/div>\n<\/div>\n<\/div>\n<\/div>\n<\/div>\n<\/div>\n<\/div>\n<\/div>\n<\/div>\n<\/div>","protected":false},"excerpt":{"rendered":"<p>Sel de Mer Salone &#8211; 200 g (En sachet) Le Sel de Mer Salone est un condiment essentiel pour toutes vos pr\u00e9parations culinaires. Conditionn\u00e9 en sachet de 200 g, il est parfait pour assaisonner vos plats avec une touche de mer. Ce sel fin offre une qualit\u00e9 et une puret\u00e9 exceptionnelles, id\u00e9ales pour relever vos [&hellip;]<\/p>","protected":false},"featured_media":10855,"comment_status":"open","ping_status":"closed","template":"","meta":{"_acf_changed":false,"om_disable_all_campaigns":false,"inline_featured_image":false,"_monsterinsights_skip_tracking":false,"_monsterinsights_sitenote_active":false,"_monsterinsights_sitenote_note":"","_monsterinsights_sitenote_category":0,"_uf_show_specific_survey":0,"_uf_disable_surveys":false},"product_cat":[44],"product_tag":[],"class_list":{"0":"post-7682","1":"product","2":"type-product","3":"status-publish","4":"has-post-thumbnail","6":"product_cat-condiment","8":"first","9":"instock","10":"shipping-taxable","11":"product-type-simple"},"acf":[],"yoast_head":"<!-- This site is optimized with the Yoast SEO plugin v24.2 - https:\/\/yoast.com\/wordpress\/plugins\/seo\/ -->\n<title>Sel de Mer SALONE \/ En sachet 200 gr - Salone<\/title>\n<meta name=\"description\" content=\"Sel de Mer Salone 200 g - Condiment essentiel en sachet pratique. Conditionnement en sac de 100 sachets pour une conservation optimale.\" \/>\n<meta name=\"robots\" content=\"index, follow, max-snippet:-1, max-image-preview:large, max-video-preview:-1\" \/>\n<link rel=\"canonical\" href=\"https:\/\/salone.mg\/en\/product\/sel-sachet\/\" \/>\n<meta property=\"og:locale\" content=\"en_US\" \/>\n<meta property=\"og:type\" content=\"article\" \/>\n<meta property=\"og:title\" content=\"Sel de Mer SALONE \/ En sachet 200 gr - Salone\" \/>\n<meta property=\"og:description\" content=\"Sel de Mer Salone 200 g - Condiment essentiel en sachet pratique. Conditionnement en sac de 100 sachets pour une conservation optimale.\" \/>\n<meta property=\"og:url\" content=\"https:\/\/salone.mg\/en\/product\/sel-sachet\/\" \/>\n<meta property=\"og:site_name\" content=\"Salone\" \/>\n<meta property=\"article:modified_time\" content=\"2025-07-11T11:22:22+00:00\" \/>\n<meta property=\"og:image\" content=\"https:\/\/salone.mg\/wp-content\/uploads\/2024\/03\/sel-sachet-copie_qr-2-1024x1024.png\" \/>\n\t<meta property=\"og:image:width\" content=\"1024\" \/>\n\t<meta property=\"og:image:height\" content=\"1024\" \/>\n\t<meta property=\"og:image:type\" content=\"image\/png\" \/>\n<meta name=\"twitter:card\" content=\"summary_large_image\" \/>\n<meta name=\"twitter:label1\" content=\"Est. reading time\" \/>\n\t<meta name=\"twitter:data1\" content=\"1 minute\" \/>\n<script type=\"application\/ld+json\" class=\"yoast-schema-graph\">{\"@context\":\"https:\/\/schema.org\",\"@graph\":[{\"@type\":\"WebPage\",\"@id\":\"https:\/\/salone.mg\/produit\/sel-sachet\/\",\"url\":\"https:\/\/salone.mg\/produit\/sel-sachet\/\",\"name\":\"Sel de Mer SALONE \/ En sachet 200 gr - Salone\",\"isPartOf\":{\"@id\":\"https:\/\/salone.mg\/#website\"},\"primaryImageOfPage\":{\"@id\":\"https:\/\/salone.mg\/produit\/sel-sachet\/#primaryimage\"},\"image\":{\"@id\":\"https:\/\/salone.mg\/produit\/sel-sachet\/#primaryimage\"},\"thumbnailUrl\":\"https:\/\/salone.mg\/wp-content\/uploads\/2024\/03\/sel-sachet-copie_qr-2-scaled.png\",\"datePublished\":\"2024-03-20T13:22:17+00:00\",\"dateModified\":\"2025-07-11T11:22:22+00:00\",\"description\":\"Sel de Mer Salone 200 g - Condiment essentiel en sachet pratique. Conditionnement en sac de 100 sachets pour une conservation optimale.\",\"breadcrumb\":{\"@id\":\"https:\/\/salone.mg\/produit\/sel-sachet\/#breadcrumb\"},\"inLanguage\":\"en-US\",\"potentialAction\":[{\"@type\":\"ReadAction\",\"target\":[\"https:\/\/salone.mg\/produit\/sel-sachet\/\"]}]},{\"@type\":\"ImageObject\",\"inLanguage\":\"en-US\",\"@id\":\"https:\/\/salone.mg\/produit\/sel-sachet\/#primaryimage\",\"url\":\"https:\/\/salone.mg\/wp-content\/uploads\/2024\/03\/sel-sachet-copie_qr-2-scaled.png\",\"contentUrl\":\"https:\/\/salone.mg\/wp-content\/uploads\/2024\/03\/sel-sachet-copie_qr-2-scaled.png\",\"width\":2560,\"height\":2560,\"caption\":\"sel de mer en sachet - meilleurs condiments Salone\"},{\"@type\":\"BreadcrumbList\",\"@id\":\"https:\/\/salone.mg\/produit\/sel-sachet\/#breadcrumb\",\"itemListElement\":[{\"@type\":\"ListItem\",\"position\":1,\"name\":\"Accueil\",\"item\":\"https:\/\/salone.mg\/\"},{\"@type\":\"ListItem\",\"position\":2,\"name\":\"Salone : Nouilles, Caf\u00e9s, Condiments, Aides Culinaires et Chips\",\"item\":\"https:\/\/salone.mg\/nos-produits\/\"},{\"@type\":\"ListItem\",\"position\":3,\"name\":\"Sel de Mer SALONE \/ En sachet 200 gr\"}]},{\"@type\":\"WebSite\",\"@id\":\"https:\/\/salone.mg\/#website\",\"url\":\"https:\/\/salone.mg\/\",\"name\":\"Salone\",\"description\":\"L&#039;excellence des saveurs au service de vos papilles\",\"publisher\":{\"@id\":\"https:\/\/salone.mg\/#organization\"},\"potentialAction\":[{\"@type\":\"SearchAction\",\"target\":{\"@type\":\"EntryPoint\",\"urlTemplate\":\"https:\/\/salone.mg\/?s={search_term_string}\"},\"query-input\":{\"@type\":\"PropertyValueSpecification\",\"valueRequired\":true,\"valueName\":\"search_term_string\"}}],\"inLanguage\":\"en-US\"},{\"@type\":\"Organization\",\"@id\":\"https:\/\/salone.mg\/#organization\",\"name\":\"Salone\",\"url\":\"https:\/\/salone.mg\/\",\"logo\":{\"@type\":\"ImageObject\",\"inLanguage\":\"en-US\",\"@id\":\"https:\/\/salone.mg\/#\/schema\/logo\/image\/\",\"url\":\"https:\/\/salone.mg\/wp-content\/uploads\/2024\/03\/logo-nobg-.png\",\"contentUrl\":\"https:\/\/salone.mg\/wp-content\/uploads\/2024\/03\/logo-nobg-.png\",\"width\":363,\"height\":294,\"caption\":\"Salone\"},\"image\":{\"@id\":\"https:\/\/salone.mg\/#\/schema\/logo\/image\/\"}}]}<\/script>\n<!-- \/ Yoast SEO plugin. -->","yoast_head_json":{"title":"Sel de Mer SALONE \/ En sachet 200 gr - Salone","description":"Sel de Mer Salone 200 g - Condiment essentiel en sachet pratique. Conditionnement en sac de 100 sachets pour une conservation optimale.","robots":{"index":"index","follow":"follow","max-snippet":"max-snippet:-1","max-image-preview":"max-image-preview:large","max-video-preview":"max-video-preview:-1"},"canonical":"https:\/\/salone.mg\/en\/product\/sel-sachet\/","og_locale":"en_US","og_type":"article","og_title":"Sel de Mer SALONE \/ En sachet 200 gr - Salone","og_description":"Sel de Mer Salone 200 g - Condiment essentiel en sachet pratique. Conditionnement en sac de 100 sachets pour une conservation optimale.","og_url":"https:\/\/salone.mg\/en\/product\/sel-sachet\/","og_site_name":"Salone","article_modified_time":"2025-07-11T11:22:22+00:00","og_image":[{"width":1024,"height":1024,"url":"https:\/\/salone.mg\/wp-content\/uploads\/2024\/03\/sel-sachet-copie_qr-2-1024x1024.png","type":"image\/png"}],"twitter_card":"summary_large_image","twitter_misc":{"Est. reading time":"1 minute"},"schema":{"@context":"https:\/\/schema.org","@graph":[{"@type":"WebPage","@id":"https:\/\/salone.mg\/produit\/sel-sachet\/","url":"https:\/\/salone.mg\/produit\/sel-sachet\/","name":"Sel de Mer SALONE \/ En sachet 200 gr - Salone","isPartOf":{"@id":"https:\/\/salone.mg\/#website"},"primaryImageOfPage":{"@id":"https:\/\/salone.mg\/produit\/sel-sachet\/#primaryimage"},"image":{"@id":"https:\/\/salone.mg\/produit\/sel-sachet\/#primaryimage"},"thumbnailUrl":"https:\/\/salone.mg\/wp-content\/uploads\/2024\/03\/sel-sachet-copie_qr-2-scaled.png","datePublished":"2024-03-20T13:22:17+00:00","dateModified":"2025-07-11T11:22:22+00:00","description":"Sel de Mer Salone 200 g - Condiment essentiel en sachet pratique. Conditionnement en sac de 100 sachets pour une conservation optimale.","breadcrumb":{"@id":"https:\/\/salone.mg\/produit\/sel-sachet\/#breadcrumb"},"inLanguage":"en-US","potentialAction":[{"@type":"ReadAction","target":["https:\/\/salone.mg\/produit\/sel-sachet\/"]}]},{"@type":"ImageObject","inLanguage":"en-US","@id":"https:\/\/salone.mg\/produit\/sel-sachet\/#primaryimage","url":"https:\/\/salone.mg\/wp-content\/uploads\/2024\/03\/sel-sachet-copie_qr-2-scaled.png","contentUrl":"https:\/\/salone.mg\/wp-content\/uploads\/2024\/03\/sel-sachet-copie_qr-2-scaled.png","width":2560,"height":2560,"caption":"sel de mer en sachet - meilleurs condiments Salone"},{"@type":"BreadcrumbList","@id":"https:\/\/salone.mg\/produit\/sel-sachet\/#breadcrumb","itemListElement":[{"@type":"ListItem","position":1,"name":"Accueil","item":"https:\/\/salone.mg\/"},{"@type":"ListItem","position":2,"name":"Salone : Nouilles, Caf\u00e9s, Condiments, Aides Culinaires et Chips","item":"https:\/\/salone.mg\/nos-produits\/"},{"@type":"ListItem","position":3,"name":"Sel de Mer SALONE \/ En sachet 200 gr"}]},{"@type":"WebSite","@id":"https:\/\/salone.mg\/#website","url":"https:\/\/salone.mg\/","name":"Salone","description":"L&#039;excellence des saveurs au service de vos papilles","publisher":{"@id":"https:\/\/salone.mg\/#organization"},"potentialAction":[{"@type":"SearchAction","target":{"@type":"EntryPoint","urlTemplate":"https:\/\/salone.mg\/?s={search_term_string}"},"query-input":{"@type":"PropertyValueSpecification","valueRequired":true,"valueName":"search_term_string"}}],"inLanguage":"en-US"},{"@type":"Organization","@id":"https:\/\/salone.mg\/#organization","name":"Salone","url":"https:\/\/salone.mg\/","logo":{"@type":"ImageObject","inLanguage":"en-US","@id":"https:\/\/salone.mg\/#\/schema\/logo\/image\/","url":"https:\/\/salone.mg\/wp-content\/uploads\/2024\/03\/logo-nobg-.png","contentUrl":"https:\/\/salone.mg\/wp-content\/uploads\/2024\/03\/logo-nobg-.png","width":363,"height":294,"caption":"Salone"},"image":{"@id":"https:\/\/salone.mg\/#\/schema\/logo\/image\/"}}]}},"jetpack_sharing_enabled":true,"_links":{"self":[{"href":"https:\/\/salone.mg\/en\/wp-json\/wp\/v2\/product\/7682","targetHints":{"allow":["GET"]}}],"collection":[{"href":"https:\/\/salone.mg\/en\/wp-json\/wp\/v2\/product"}],"about":[{"href":"https:\/\/salone.mg\/en\/wp-json\/wp\/v2\/types\/product"}],"replies":[{"embeddable":true,"href":"https:\/\/salone.mg\/en\/wp-json\/wp\/v2\/comments?post=7682"}],"wp:featuredmedia":[{"embeddable":true,"href":"https:\/\/salone.mg\/en\/wp-json\/wp\/v2\/media\/10855"}],"wp:attachment":[{"href":"https:\/\/salone.mg\/en\/wp-json\/wp\/v2\/media?parent=7682"}],"wp:term":[{"taxonomy":"product_cat","embeddable":true,"href":"https:\/\/salone.mg\/en\/wp-json\/wp\/v2\/product_cat?post=7682"},{"taxonomy":"product_tag","embeddable":true,"href":"https:\/\/salone.mg\/en\/wp-json\/wp\/v2\/product_tag?post=7682"}],"curies":[{"name":"wp","href":"https:\/\/api.w.org\/{rel}","templated":true}]}}