{"id":7678,"date":"2024-03-20T13:52:35","date_gmt":"2024-03-20T12:52:35","guid":{"rendered":"https:\/\/salone.mg\/?post_type=product&#038;p=7678"},"modified":"2025-07-11T13:21:50","modified_gmt":"2025-07-11T11:21:50","slug":"poivre-en-flacon-40gr-p6","status":"publish","type":"product","link":"https:\/\/salone.mg\/en\/product\/poivre-en-flacon-40gr-p6\/","title":{"rendered":"Poivre SALONE en flacon 40gr"},"content":{"rendered":"<div class=\"flex-1 overflow-hidden\">\n<div class=\"h-full\">\n<div class=\"react-scroll-to-bottom--css-lticb-79elbk h-full\">\n<div class=\"react-scroll-to-bottom--css-lticb-1n7m0yu\">\n<div class=\"flex flex-col text-sm md:pb-9\">\n<div class=\"w-full text-token-text-primary\" dir=\"auto\" data-testid=\"conversation-turn-55\" data-scroll-anchor=\"true\">\n<div class=\"text-base py-[18px] px-3 md:px-4 m-auto md:px-5 lg:px-1 xl:px-5\">\n<div class=\"mx-auto flex flex-1 gap-4 text-base md:gap-5 lg:gap-6 md:max-w-3xl\">\n<div class=\"group\/conversation-turn relative flex w-full min-w-0 flex-col agent-turn\">\n<div class=\"flex-col gap-1 md:gap-3\">\n<div class=\"flex max-w-full flex-col flex-grow\">\n<div class=\"min-h-[20px] text-message flex w-full flex-col items-end gap-2 whitespace-pre-wrap break-words [.text-message+&amp;]:mt-5 overflow-x-auto\" dir=\"auto\" data-message-author-role=\"assistant\" data-message-id=\"8c1b0041-4d75-4112-bcfd-80b73b035c89\">\n<div class=\"flex w-full flex-col gap-1 empty:hidden first:pt-[3px]\">\n<div class=\"markdown prose w-full break-words dark:prose-invert light\">\n<p><strong>Poivre en Flacon &#8211; 40 g<\/strong><\/p>\n<p>Rehaussez vos plats avec le poivre en flacon de 40 g. Chaque flacon pratique est con\u00e7u pour ajouter du piquant et de la saveur \u00e0 vos recettes, offrant une utilisation facile et pr\u00e9cise.<\/p>\n<p><strong>Caract\u00e9ristiques :<\/strong><\/p>\n<ul>\n<li><strong>Poids net<\/strong> : 40 g par flacon<\/li>\n<li><strong>Cat\u00e9gorie<\/strong> : Condiments<\/li>\n<li><strong>Conditionnement<\/strong> : Pack de 6 flacons<\/li>\n<\/ul>\n<p><strong>Mode de conservation :<\/strong><\/p>\n<ul>\n<li>Conservez dans un endroit frais et sec, \u00e0 l\u2019abri de l\u2019humidit\u00e9.<\/li>\n<\/ul>\n<p>Le poivre en flacon de 40 g est parfait pour les cuisiniers qui cherchent \u00e0 ajouter une touche \u00e9pic\u00e9e \u00e0 leurs plats avec commodit\u00e9. Son conditionnement en pack de 6 flacons assure que vous en aurez toujours \u00e0 port\u00e9e de main pour tous vos besoins culinaires.<\/p>\n<\/div>\n<\/div>\n<\/div>\n<\/div>\n<\/div>\n<\/div>\n<\/div>\n<\/div>\n<\/div>\n<\/div>\n<\/div>\n<\/div>\n<\/div>\n<\/div>\n","protected":false},"excerpt":{"rendered":"<p>Poivre en Flacon &#8211; 40 g Rehaussez vos plats avec le poivre en flacon de 40 g. Chaque flacon pratique est con\u00e7u pour ajouter du piquant et de la saveur \u00e0 vos recettes, offrant une utilisation facile et pr\u00e9cise. Caract\u00e9ristiques : Poids net : 40 g par flacon Cat\u00e9gorie : Condiments Conditionnement : Pack de [&hellip;]<\/p>\n","protected":false},"featured_media":7989,"comment_status":"open","ping_status":"closed","template":"","meta":{"_acf_changed":false,"om_disable_all_campaigns":false,"inline_featured_image":false,"_monsterinsights_skip_tracking":false,"_monsterinsights_sitenote_active":false,"_monsterinsights_sitenote_note":"","_monsterinsights_sitenote_category":0,"_uf_show_specific_survey":0,"_uf_disable_surveys":false},"product_cat":[44],"product_tag":[],"class_list":{"0":"post-7678","1":"product","2":"type-product","3":"status-publish","4":"has-post-thumbnail","6":"product_cat-condiment","8":"first","9":"instock","10":"shipping-taxable","11":"product-type-simple"},"acf":[],"yoast_head":"<!-- This site is optimized with the Yoast SEO plugin v27.4 - https:\/\/yoast.com\/product\/yoast-seo-wordpress\/ -->\n<title>Poivre SALONE en flacon 40gr - Salone<\/title>\n<meta name=\"description\" content=\"Poivre en flacon 40 g, id\u00e9al pour assaisonner vos plats. Pack de 6 flacons. Conservez dans un endroit frais et sec pour une qualit\u00e9 optimale.\" \/>\n<meta name=\"robots\" content=\"index, follow, max-snippet:-1, max-image-preview:large, max-video-preview:-1\" \/>\n<link rel=\"canonical\" href=\"https:\/\/salone.mg\/en\/product\/poivre-en-flacon-40gr-p6\/\" \/>\n<meta property=\"og:locale\" content=\"en_US\" \/>\n<meta property=\"og:type\" content=\"article\" \/>\n<meta property=\"og:title\" content=\"Poivre SALONE en flacon 40gr - Salone\" \/>\n<meta property=\"og:description\" content=\"Poivre en flacon 40 g, id\u00e9al pour assaisonner vos plats. Pack de 6 flacons. Conservez dans un endroit frais et sec pour une qualit\u00e9 optimale.\" \/>\n<meta property=\"og:url\" content=\"https:\/\/salone.mg\/en\/product\/poivre-en-flacon-40gr-p6\/\" \/>\n<meta property=\"og:site_name\" content=\"Salone\" \/>\n<meta property=\"article:modified_time\" content=\"2025-07-11T11:21:50+00:00\" \/>\n<meta property=\"og:image\" content=\"https:\/\/salone.mg\/wp-content\/uploads\/2024\/03\/SAL-FLACON-POIVRE-MOULU-FINAL.png?v=1712065857\" \/>\n\t<meta property=\"og:image:width\" content=\"2560\" \/>\n\t<meta property=\"og:image:height\" content=\"2560\" \/>\n\t<meta property=\"og:image:type\" content=\"image\/png\" \/>\n<meta name=\"twitter:card\" content=\"summary_large_image\" \/>\n<meta name=\"twitter:label1\" content=\"Est. reading time\" \/>\n\t<meta name=\"twitter:data1\" content=\"1 minute\" \/>\n<script type=\"application\/ld+json\" class=\"yoast-schema-graph\">{\"@context\":\"https:\\\/\\\/schema.org\",\"@graph\":[{\"@type\":\"WebPage\",\"@id\":\"https:\\\/\\\/salone.mg\\\/produit\\\/poivre-en-flacon-40gr-p6\\\/\",\"url\":\"https:\\\/\\\/salone.mg\\\/produit\\\/poivre-en-flacon-40gr-p6\\\/\",\"name\":\"Poivre SALONE en flacon 40gr - Salone\",\"isPartOf\":{\"@id\":\"https:\\\/\\\/salone.mg\\\/#website\"},\"primaryImageOfPage\":{\"@id\":\"https:\\\/\\\/salone.mg\\\/produit\\\/poivre-en-flacon-40gr-p6\\\/#primaryimage\"},\"image\":{\"@id\":\"https:\\\/\\\/salone.mg\\\/produit\\\/poivre-en-flacon-40gr-p6\\\/#primaryimage\"},\"thumbnailUrl\":\"https:\\\/\\\/salone.mg\\\/wp-content\\\/uploads\\\/2024\\\/03\\\/SAL-FLACON-POIVRE-MOULU-FINAL-scaled.png?v=1712065857\",\"datePublished\":\"2024-03-20T12:52:35+00:00\",\"dateModified\":\"2025-07-11T11:21:50+00:00\",\"description\":\"Poivre en flacon 40 g, id\u00e9al pour assaisonner vos plats. Pack de 6 flacons. Conservez dans un endroit frais et sec pour une qualit\u00e9 optimale.\",\"breadcrumb\":{\"@id\":\"https:\\\/\\\/salone.mg\\\/produit\\\/poivre-en-flacon-40gr-p6\\\/#breadcrumb\"},\"inLanguage\":\"en-US\",\"potentialAction\":[{\"@type\":\"ReadAction\",\"target\":[\"https:\\\/\\\/salone.mg\\\/produit\\\/poivre-en-flacon-40gr-p6\\\/\"]}]},{\"@type\":\"ImageObject\",\"inLanguage\":\"en-US\",\"@id\":\"https:\\\/\\\/salone.mg\\\/produit\\\/poivre-en-flacon-40gr-p6\\\/#primaryimage\",\"url\":\"https:\\\/\\\/salone.mg\\\/wp-content\\\/uploads\\\/2024\\\/03\\\/SAL-FLACON-POIVRE-MOULU-FINAL-scaled.png?v=1712065857\",\"contentUrl\":\"https:\\\/\\\/salone.mg\\\/wp-content\\\/uploads\\\/2024\\\/03\\\/SAL-FLACON-POIVRE-MOULU-FINAL-scaled.png?v=1712065857\",\"width\":2560,\"height\":2560,\"caption\":\"R\u00e9cipient contenant du poivre moulu noir 40g.\"},{\"@type\":\"BreadcrumbList\",\"@id\":\"https:\\\/\\\/salone.mg\\\/produit\\\/poivre-en-flacon-40gr-p6\\\/#breadcrumb\",\"itemListElement\":[{\"@type\":\"ListItem\",\"position\":1,\"name\":\"Accueil\",\"item\":\"https:\\\/\\\/salone.mg\\\/\"},{\"@type\":\"ListItem\",\"position\":2,\"name\":\"Salone : Nouilles, Caf\u00e9s, Condiments, Aides Culinaires et Chips\",\"item\":\"https:\\\/\\\/salone.mg\\\/nos-produits\\\/\"},{\"@type\":\"ListItem\",\"position\":3,\"name\":\"Poivre SALONE en flacon 40gr\"}]},{\"@type\":\"WebSite\",\"@id\":\"https:\\\/\\\/salone.mg\\\/#website\",\"url\":\"https:\\\/\\\/salone.mg\\\/\",\"name\":\"Salone\",\"description\":\"L&#039;excellence des saveurs au service de vos papilles\",\"publisher\":{\"@id\":\"https:\\\/\\\/salone.mg\\\/#organization\"},\"potentialAction\":[{\"@type\":\"SearchAction\",\"target\":{\"@type\":\"EntryPoint\",\"urlTemplate\":\"https:\\\/\\\/salone.mg\\\/?s={search_term_string}\"},\"query-input\":{\"@type\":\"PropertyValueSpecification\",\"valueRequired\":true,\"valueName\":\"search_term_string\"}}],\"inLanguage\":\"en-US\"},{\"@type\":\"Organization\",\"@id\":\"https:\\\/\\\/salone.mg\\\/#organization\",\"name\":\"Salone\",\"url\":\"https:\\\/\\\/salone.mg\\\/\",\"logo\":{\"@type\":\"ImageObject\",\"inLanguage\":\"en-US\",\"@id\":\"https:\\\/\\\/salone.mg\\\/#\\\/schema\\\/logo\\\/image\\\/\",\"url\":\"https:\\\/\\\/salone.mg\\\/wp-content\\\/uploads\\\/2024\\\/03\\\/logo-nobg-.png\",\"contentUrl\":\"https:\\\/\\\/salone.mg\\\/wp-content\\\/uploads\\\/2024\\\/03\\\/logo-nobg-.png\",\"width\":363,\"height\":294,\"caption\":\"Salone\"},\"image\":{\"@id\":\"https:\\\/\\\/salone.mg\\\/#\\\/schema\\\/logo\\\/image\\\/\"}}]}<\/script>\n<!-- \/ Yoast SEO plugin. -->","yoast_head_json":{"title":"Poivre SALONE en flacon 40gr - Salone","description":"Poivre en flacon 40 g, id\u00e9al pour assaisonner vos plats. Pack de 6 flacons. Conservez dans un endroit frais et sec pour une qualit\u00e9 optimale.","robots":{"index":"index","follow":"follow","max-snippet":"max-snippet:-1","max-image-preview":"max-image-preview:large","max-video-preview":"max-video-preview:-1"},"canonical":"https:\/\/salone.mg\/en\/product\/poivre-en-flacon-40gr-p6\/","og_locale":"en_US","og_type":"article","og_title":"Poivre SALONE en flacon 40gr - Salone","og_description":"Poivre en flacon 40 g, id\u00e9al pour assaisonner vos plats. Pack de 6 flacons. Conservez dans un endroit frais et sec pour une qualit\u00e9 optimale.","og_url":"https:\/\/salone.mg\/en\/product\/poivre-en-flacon-40gr-p6\/","og_site_name":"Salone","article_modified_time":"2025-07-11T11:21:50+00:00","og_image":[{"width":2560,"height":2560,"url":"https:\/\/salone.mg\/wp-content\/uploads\/2024\/03\/SAL-FLACON-POIVRE-MOULU-FINAL.png?v=1712065857","type":"image\/png"}],"twitter_card":"summary_large_image","twitter_misc":{"Est. reading time":"1 minute"},"schema":{"@context":"https:\/\/schema.org","@graph":[{"@type":"WebPage","@id":"https:\/\/salone.mg\/produit\/poivre-en-flacon-40gr-p6\/","url":"https:\/\/salone.mg\/produit\/poivre-en-flacon-40gr-p6\/","name":"Poivre SALONE en flacon 40gr - Salone","isPartOf":{"@id":"https:\/\/salone.mg\/#website"},"primaryImageOfPage":{"@id":"https:\/\/salone.mg\/produit\/poivre-en-flacon-40gr-p6\/#primaryimage"},"image":{"@id":"https:\/\/salone.mg\/produit\/poivre-en-flacon-40gr-p6\/#primaryimage"},"thumbnailUrl":"https:\/\/salone.mg\/wp-content\/uploads\/2024\/03\/SAL-FLACON-POIVRE-MOULU-FINAL-scaled.png?v=1712065857","datePublished":"2024-03-20T12:52:35+00:00","dateModified":"2025-07-11T11:21:50+00:00","description":"Poivre en flacon 40 g, id\u00e9al pour assaisonner vos plats. Pack de 6 flacons. Conservez dans un endroit frais et sec pour une qualit\u00e9 optimale.","breadcrumb":{"@id":"https:\/\/salone.mg\/produit\/poivre-en-flacon-40gr-p6\/#breadcrumb"},"inLanguage":"en-US","potentialAction":[{"@type":"ReadAction","target":["https:\/\/salone.mg\/produit\/poivre-en-flacon-40gr-p6\/"]}]},{"@type":"ImageObject","inLanguage":"en-US","@id":"https:\/\/salone.mg\/produit\/poivre-en-flacon-40gr-p6\/#primaryimage","url":"https:\/\/salone.mg\/wp-content\/uploads\/2024\/03\/SAL-FLACON-POIVRE-MOULU-FINAL-scaled.png?v=1712065857","contentUrl":"https:\/\/salone.mg\/wp-content\/uploads\/2024\/03\/SAL-FLACON-POIVRE-MOULU-FINAL-scaled.png?v=1712065857","width":2560,"height":2560,"caption":"R\u00e9cipient contenant du poivre moulu noir 40g."},{"@type":"BreadcrumbList","@id":"https:\/\/salone.mg\/produit\/poivre-en-flacon-40gr-p6\/#breadcrumb","itemListElement":[{"@type":"ListItem","position":1,"name":"Accueil","item":"https:\/\/salone.mg\/"},{"@type":"ListItem","position":2,"name":"Salone : Nouilles, Caf\u00e9s, Condiments, Aides Culinaires et Chips","item":"https:\/\/salone.mg\/nos-produits\/"},{"@type":"ListItem","position":3,"name":"Poivre SALONE en flacon 40gr"}]},{"@type":"WebSite","@id":"https:\/\/salone.mg\/#website","url":"https:\/\/salone.mg\/","name":"Salone","description":"L&#039;excellence des saveurs au service de vos papilles","publisher":{"@id":"https:\/\/salone.mg\/#organization"},"potentialAction":[{"@type":"SearchAction","target":{"@type":"EntryPoint","urlTemplate":"https:\/\/salone.mg\/?s={search_term_string}"},"query-input":{"@type":"PropertyValueSpecification","valueRequired":true,"valueName":"search_term_string"}}],"inLanguage":"en-US"},{"@type":"Organization","@id":"https:\/\/salone.mg\/#organization","name":"Salone","url":"https:\/\/salone.mg\/","logo":{"@type":"ImageObject","inLanguage":"en-US","@id":"https:\/\/salone.mg\/#\/schema\/logo\/image\/","url":"https:\/\/salone.mg\/wp-content\/uploads\/2024\/03\/logo-nobg-.png","contentUrl":"https:\/\/salone.mg\/wp-content\/uploads\/2024\/03\/logo-nobg-.png","width":363,"height":294,"caption":"Salone"},"image":{"@id":"https:\/\/salone.mg\/#\/schema\/logo\/image\/"}}]}},"jetpack_sharing_enabled":true,"_links":{"self":[{"href":"https:\/\/salone.mg\/en\/wp-json\/wp\/v2\/product\/7678","targetHints":{"allow":["GET"]}}],"collection":[{"href":"https:\/\/salone.mg\/en\/wp-json\/wp\/v2\/product"}],"about":[{"href":"https:\/\/salone.mg\/en\/wp-json\/wp\/v2\/types\/product"}],"replies":[{"embeddable":true,"href":"https:\/\/salone.mg\/en\/wp-json\/wp\/v2\/comments?post=7678"}],"wp:featuredmedia":[{"embeddable":true,"href":"https:\/\/salone.mg\/en\/wp-json\/wp\/v2\/media\/7989"}],"wp:attachment":[{"href":"https:\/\/salone.mg\/en\/wp-json\/wp\/v2\/media?parent=7678"}],"wp:term":[{"taxonomy":"product_cat","embeddable":true,"href":"https:\/\/salone.mg\/en\/wp-json\/wp\/v2\/product_cat?post=7678"},{"taxonomy":"product_tag","embeddable":true,"href":"https:\/\/salone.mg\/en\/wp-json\/wp\/v2\/product_tag?post=7678"}],"curies":[{"name":"wp","href":"https:\/\/api.w.org\/{rel}","templated":true}]}}