{"id":7674,"date":"2024-03-20T13:40:40","date_gmt":"2024-03-20T12:40:40","guid":{"rendered":"https:\/\/salone.mg\/?post_type=product&#038;p=7674"},"modified":"2025-07-11T13:21:57","modified_gmt":"2025-07-11T11:21:57","slug":"sal-flacon-carry","status":"publish","type":"product","link":"https:\/\/salone.mg\/en\/product\/sal-flacon-carry\/","title":{"rendered":"Carry SALONE en flacon 45gr"},"content":{"rendered":"<p><strong>Carry en flacon 45 g<\/strong><\/p>\n<p>Le Carry en flacon de 45 g est un assaisonnement en poudre con\u00e7u pour ajouter une touche \u00e9pic\u00e9e et aromatique \u00e0 vos plats. Avec sa saveur distinctive, il est parfait pour enrichir vos recettes, que ce soit pour des plats de viande, des l\u00e9gumes ou des currys.<\/p>\n<p><strong>Caract\u00e9ristiques :<\/strong><\/p>\n<ul>\n<li><strong>Poids net<\/strong> : 45 g<\/li>\n<li><strong>Cat\u00e9gorie<\/strong> : Condiments<\/li>\n<li><strong>Conditionnement<\/strong> : Pack de 6 flacons<\/li>\n<\/ul>\n<p><strong>Ingr\u00e9dients :<\/strong><\/p>\n<ul>\n<li>Assaisonnement en poudre (d\u00e9tails sur les ingr\u00e9dients sp\u00e9cifiques non fournis)<\/li>\n<\/ul>\n<p><strong>Mode de conservation :<\/strong><\/p>\n<ul>\n<li>Conservez dans un endroit frais et sec, \u00e0 l\u2019abri de l\u2019humidit\u00e9.<\/li>\n<\/ul>\n<p>Le Carry en flacon 45 g, conditionn\u00e9 en pack de 6 flacons, est con\u00e7u pour une utilisation facile et pratique dans votre cuisine. Il permet de rehausser rapidement vos plats avec une saveur riche et \u00e9pic\u00e9e.<\/p>","protected":false},"excerpt":{"rendered":"<p>Carry en flacon 45 g Le Carry en flacon de 45 g est un assaisonnement en poudre con\u00e7u pour ajouter une touche \u00e9pic\u00e9e et aromatique \u00e0 vos plats. Avec sa saveur distinctive, il est parfait pour enrichir vos recettes, que ce soit pour des plats de viande, des l\u00e9gumes ou des currys. Caract\u00e9ristiques : Poids [&hellip;]<\/p>","protected":false},"featured_media":7986,"comment_status":"open","ping_status":"closed","template":"","meta":{"_acf_changed":false,"om_disable_all_campaigns":false,"inline_featured_image":false,"_monsterinsights_skip_tracking":false,"_monsterinsights_sitenote_active":false,"_monsterinsights_sitenote_note":"","_monsterinsights_sitenote_category":0,"_uf_show_specific_survey":0,"_uf_disable_surveys":false},"product_cat":[44],"product_tag":[],"class_list":{"0":"post-7674","1":"product","2":"type-product","3":"status-publish","4":"has-post-thumbnail","6":"product_cat-condiment","8":"first","9":"instock","10":"shipping-taxable","11":"product-type-simple"},"acf":[],"yoast_head":"<!-- This site is optimized with the Yoast SEO plugin v24.2 - https:\/\/yoast.com\/wordpress\/plugins\/seo\/ -->\n<title>Carry SALONE en flacon 45gr - Salone<\/title>\n<meta name=\"description\" content=\"Carry en flacon 45 g - Assaisonnement en poudre, id\u00e9al pour rehausser vos plats. Conditionn\u00e9 en pack de 6 flacons pour une utilisation pratique.\" \/>\n<meta name=\"robots\" content=\"index, follow, max-snippet:-1, max-image-preview:large, max-video-preview:-1\" \/>\n<link rel=\"canonical\" href=\"https:\/\/salone.mg\/en\/product\/sal-flacon-carry\/\" \/>\n<meta property=\"og:locale\" content=\"en_US\" \/>\n<meta property=\"og:type\" content=\"article\" \/>\n<meta property=\"og:title\" content=\"Carry SALONE en flacon 45gr - Salone\" \/>\n<meta property=\"og:description\" content=\"Carry en flacon 45 g - Assaisonnement en poudre, id\u00e9al pour rehausser vos plats. Conditionn\u00e9 en pack de 6 flacons pour une utilisation pratique.\" \/>\n<meta property=\"og:url\" content=\"https:\/\/salone.mg\/en\/product\/sal-flacon-carry\/\" \/>\n<meta property=\"og:site_name\" content=\"Salone\" \/>\n<meta property=\"article:modified_time\" content=\"2025-07-11T11:21:57+00:00\" \/>\n<meta property=\"og:image\" content=\"https:\/\/salone.mg\/wp-content\/uploads\/2024\/03\/SAL-FLACON-CARRY-FINAL.png?v=1712065736\" \/>\n\t<meta property=\"og:image:width\" content=\"2560\" \/>\n\t<meta property=\"og:image:height\" content=\"2560\" \/>\n\t<meta property=\"og:image:type\" content=\"image\/png\" \/>\n<meta name=\"twitter:card\" content=\"summary_large_image\" \/>\n<meta name=\"twitter:label1\" content=\"Est. reading time\" \/>\n\t<meta name=\"twitter:data1\" content=\"1 minute\" \/>\n<script type=\"application\/ld+json\" class=\"yoast-schema-graph\">{\"@context\":\"https:\/\/schema.org\",\"@graph\":[{\"@type\":\"WebPage\",\"@id\":\"https:\/\/salone.mg\/produit\/sal-flacon-carry\/\",\"url\":\"https:\/\/salone.mg\/produit\/sal-flacon-carry\/\",\"name\":\"Carry SALONE en flacon 45gr - Salone\",\"isPartOf\":{\"@id\":\"https:\/\/salone.mg\/#website\"},\"primaryImageOfPage\":{\"@id\":\"https:\/\/salone.mg\/produit\/sal-flacon-carry\/#primaryimage\"},\"image\":{\"@id\":\"https:\/\/salone.mg\/produit\/sal-flacon-carry\/#primaryimage\"},\"thumbnailUrl\":\"https:\/\/salone.mg\/wp-content\/uploads\/2024\/03\/SAL-FLACON-CARRY-FINAL-scaled.png?v=1712065736\",\"datePublished\":\"2024-03-20T12:40:40+00:00\",\"dateModified\":\"2025-07-11T11:21:57+00:00\",\"description\":\"Carry en flacon 45 g - Assaisonnement en poudre, id\u00e9al pour rehausser vos plats. Conditionn\u00e9 en pack de 6 flacons pour une utilisation pratique.\",\"breadcrumb\":{\"@id\":\"https:\/\/salone.mg\/produit\/sal-flacon-carry\/#breadcrumb\"},\"inLanguage\":\"en-US\",\"potentialAction\":[{\"@type\":\"ReadAction\",\"target\":[\"https:\/\/salone.mg\/produit\/sal-flacon-carry\/\"]}]},{\"@type\":\"ImageObject\",\"inLanguage\":\"en-US\",\"@id\":\"https:\/\/salone.mg\/produit\/sal-flacon-carry\/#primaryimage\",\"url\":\"https:\/\/salone.mg\/wp-content\/uploads\/2024\/03\/SAL-FLACON-CARRY-FINAL-scaled.png?v=1712065736\",\"contentUrl\":\"https:\/\/salone.mg\/wp-content\/uploads\/2024\/03\/SAL-FLACON-CARRY-FINAL-scaled.png?v=1712065736\",\"width\":2560,\"height\":2560,\"caption\":\"R\u00e9cipient de Carry 45g - Condiments Salone\"},{\"@type\":\"BreadcrumbList\",\"@id\":\"https:\/\/salone.mg\/produit\/sal-flacon-carry\/#breadcrumb\",\"itemListElement\":[{\"@type\":\"ListItem\",\"position\":1,\"name\":\"Accueil\",\"item\":\"https:\/\/salone.mg\/\"},{\"@type\":\"ListItem\",\"position\":2,\"name\":\"Salone : Nouilles, Caf\u00e9s, Condiments, Aides Culinaires et Chips\",\"item\":\"https:\/\/salone.mg\/nos-produits\/\"},{\"@type\":\"ListItem\",\"position\":3,\"name\":\"Carry SALONE en flacon 45gr\"}]},{\"@type\":\"WebSite\",\"@id\":\"https:\/\/salone.mg\/#website\",\"url\":\"https:\/\/salone.mg\/\",\"name\":\"Salone\",\"description\":\"L&#039;excellence des saveurs au service de vos papilles\",\"publisher\":{\"@id\":\"https:\/\/salone.mg\/#organization\"},\"potentialAction\":[{\"@type\":\"SearchAction\",\"target\":{\"@type\":\"EntryPoint\",\"urlTemplate\":\"https:\/\/salone.mg\/?s={search_term_string}\"},\"query-input\":{\"@type\":\"PropertyValueSpecification\",\"valueRequired\":true,\"valueName\":\"search_term_string\"}}],\"inLanguage\":\"en-US\"},{\"@type\":\"Organization\",\"@id\":\"https:\/\/salone.mg\/#organization\",\"name\":\"Salone\",\"url\":\"https:\/\/salone.mg\/\",\"logo\":{\"@type\":\"ImageObject\",\"inLanguage\":\"en-US\",\"@id\":\"https:\/\/salone.mg\/#\/schema\/logo\/image\/\",\"url\":\"https:\/\/salone.mg\/wp-content\/uploads\/2024\/03\/logo-nobg-.png\",\"contentUrl\":\"https:\/\/salone.mg\/wp-content\/uploads\/2024\/03\/logo-nobg-.png\",\"width\":363,\"height\":294,\"caption\":\"Salone\"},\"image\":{\"@id\":\"https:\/\/salone.mg\/#\/schema\/logo\/image\/\"}}]}<\/script>\n<!-- \/ Yoast SEO plugin. -->","yoast_head_json":{"title":"Carry SALONE en flacon 45gr - Salone","description":"Carry en flacon 45 g - Assaisonnement en poudre, id\u00e9al pour rehausser vos plats. Conditionn\u00e9 en pack de 6 flacons pour une utilisation pratique.","robots":{"index":"index","follow":"follow","max-snippet":"max-snippet:-1","max-image-preview":"max-image-preview:large","max-video-preview":"max-video-preview:-1"},"canonical":"https:\/\/salone.mg\/en\/product\/sal-flacon-carry\/","og_locale":"en_US","og_type":"article","og_title":"Carry SALONE en flacon 45gr - Salone","og_description":"Carry en flacon 45 g - Assaisonnement en poudre, id\u00e9al pour rehausser vos plats. Conditionn\u00e9 en pack de 6 flacons pour une utilisation pratique.","og_url":"https:\/\/salone.mg\/en\/product\/sal-flacon-carry\/","og_site_name":"Salone","article_modified_time":"2025-07-11T11:21:57+00:00","og_image":[{"width":2560,"height":2560,"url":"https:\/\/salone.mg\/wp-content\/uploads\/2024\/03\/SAL-FLACON-CARRY-FINAL.png?v=1712065736","type":"image\/png"}],"twitter_card":"summary_large_image","twitter_misc":{"Est. reading time":"1 minute"},"schema":{"@context":"https:\/\/schema.org","@graph":[{"@type":"WebPage","@id":"https:\/\/salone.mg\/produit\/sal-flacon-carry\/","url":"https:\/\/salone.mg\/produit\/sal-flacon-carry\/","name":"Carry SALONE en flacon 45gr - Salone","isPartOf":{"@id":"https:\/\/salone.mg\/#website"},"primaryImageOfPage":{"@id":"https:\/\/salone.mg\/produit\/sal-flacon-carry\/#primaryimage"},"image":{"@id":"https:\/\/salone.mg\/produit\/sal-flacon-carry\/#primaryimage"},"thumbnailUrl":"https:\/\/salone.mg\/wp-content\/uploads\/2024\/03\/SAL-FLACON-CARRY-FINAL-scaled.png?v=1712065736","datePublished":"2024-03-20T12:40:40+00:00","dateModified":"2025-07-11T11:21:57+00:00","description":"Carry en flacon 45 g - Assaisonnement en poudre, id\u00e9al pour rehausser vos plats. Conditionn\u00e9 en pack de 6 flacons pour une utilisation pratique.","breadcrumb":{"@id":"https:\/\/salone.mg\/produit\/sal-flacon-carry\/#breadcrumb"},"inLanguage":"en-US","potentialAction":[{"@type":"ReadAction","target":["https:\/\/salone.mg\/produit\/sal-flacon-carry\/"]}]},{"@type":"ImageObject","inLanguage":"en-US","@id":"https:\/\/salone.mg\/produit\/sal-flacon-carry\/#primaryimage","url":"https:\/\/salone.mg\/wp-content\/uploads\/2024\/03\/SAL-FLACON-CARRY-FINAL-scaled.png?v=1712065736","contentUrl":"https:\/\/salone.mg\/wp-content\/uploads\/2024\/03\/SAL-FLACON-CARRY-FINAL-scaled.png?v=1712065736","width":2560,"height":2560,"caption":"R\u00e9cipient de Carry 45g - Condiments Salone"},{"@type":"BreadcrumbList","@id":"https:\/\/salone.mg\/produit\/sal-flacon-carry\/#breadcrumb","itemListElement":[{"@type":"ListItem","position":1,"name":"Accueil","item":"https:\/\/salone.mg\/"},{"@type":"ListItem","position":2,"name":"Salone : Nouilles, Caf\u00e9s, Condiments, Aides Culinaires et Chips","item":"https:\/\/salone.mg\/nos-produits\/"},{"@type":"ListItem","position":3,"name":"Carry SALONE en flacon 45gr"}]},{"@type":"WebSite","@id":"https:\/\/salone.mg\/#website","url":"https:\/\/salone.mg\/","name":"Salone","description":"L&#039;excellence des saveurs au service de vos papilles","publisher":{"@id":"https:\/\/salone.mg\/#organization"},"potentialAction":[{"@type":"SearchAction","target":{"@type":"EntryPoint","urlTemplate":"https:\/\/salone.mg\/?s={search_term_string}"},"query-input":{"@type":"PropertyValueSpecification","valueRequired":true,"valueName":"search_term_string"}}],"inLanguage":"en-US"},{"@type":"Organization","@id":"https:\/\/salone.mg\/#organization","name":"Salone","url":"https:\/\/salone.mg\/","logo":{"@type":"ImageObject","inLanguage":"en-US","@id":"https:\/\/salone.mg\/#\/schema\/logo\/image\/","url":"https:\/\/salone.mg\/wp-content\/uploads\/2024\/03\/logo-nobg-.png","contentUrl":"https:\/\/salone.mg\/wp-content\/uploads\/2024\/03\/logo-nobg-.png","width":363,"height":294,"caption":"Salone"},"image":{"@id":"https:\/\/salone.mg\/#\/schema\/logo\/image\/"}}]}},"jetpack_sharing_enabled":true,"_links":{"self":[{"href":"https:\/\/salone.mg\/en\/wp-json\/wp\/v2\/product\/7674","targetHints":{"allow":["GET"]}}],"collection":[{"href":"https:\/\/salone.mg\/en\/wp-json\/wp\/v2\/product"}],"about":[{"href":"https:\/\/salone.mg\/en\/wp-json\/wp\/v2\/types\/product"}],"replies":[{"embeddable":true,"href":"https:\/\/salone.mg\/en\/wp-json\/wp\/v2\/comments?post=7674"}],"wp:featuredmedia":[{"embeddable":true,"href":"https:\/\/salone.mg\/en\/wp-json\/wp\/v2\/media\/7986"}],"wp:attachment":[{"href":"https:\/\/salone.mg\/en\/wp-json\/wp\/v2\/media?parent=7674"}],"wp:term":[{"taxonomy":"product_cat","embeddable":true,"href":"https:\/\/salone.mg\/en\/wp-json\/wp\/v2\/product_cat?post=7674"},{"taxonomy":"product_tag","embeddable":true,"href":"https:\/\/salone.mg\/en\/wp-json\/wp\/v2\/product_tag?post=7674"}],"curies":[{"name":"wp","href":"https:\/\/api.w.org\/{rel}","templated":true}]}}