{"id":7672,"date":"2024-03-20T13:38:33","date_gmt":"2024-03-20T12:38:33","guid":{"rendered":"https:\/\/salone.mg\/?post_type=product&#038;p=7672"},"modified":"2025-07-11T13:22:04","modified_gmt":"2025-07-11T11:22:04","slug":"poivre-salone-25-gr","status":"publish","type":"product","link":"https:\/\/salone.mg\/en\/product\/poivre-salone-25-gr\/","title":{"rendered":"Poivre SALONE 25gr"},"content":{"rendered":"<div class=\"flex-1 overflow-hidden\">\n<div class=\"h-full\">\n<div class=\"react-scroll-to-bottom--css-lticb-79elbk h-full\">\n<div class=\"react-scroll-to-bottom--css-lticb-1n7m0yu\">\n<div class=\"flex flex-col text-sm md:pb-9\">\n<div class=\"w-full text-token-text-primary\" dir=\"auto\" data-testid=\"conversation-turn-53\" data-scroll-anchor=\"true\">\n<div class=\"text-base py-[18px] px-3 md:px-4 m-auto md:px-5 lg:px-1 xl:px-5\">\n<div class=\"mx-auto flex flex-1 gap-4 text-base md:gap-5 lg:gap-6 md:max-w-3xl\">\n<div class=\"group\/conversation-turn relative flex w-full min-w-0 flex-col agent-turn\">\n<div class=\"flex-col gap-1 md:gap-3\">\n<div class=\"flex max-w-full flex-col flex-grow\">\n<div class=\"min-h-[20px] text-message flex w-full flex-col items-end gap-2 whitespace-pre-wrap break-words [.text-message+&amp;]:mt-5 overflow-x-auto\" dir=\"auto\" data-message-author-role=\"assistant\" data-message-id=\"59ecaf1c-f3c0-414d-a2cb-4e70223934b2\">\n<div class=\"flex w-full flex-col gap-1 empty:hidden first:pt-[3px]\">\n<div class=\"markdown prose w-full break-words dark:prose-invert light\">\n<p><strong>Poivre SALONE &#8211; 25 g<\/strong><\/p>\n<p>Ajoutez une touche de piquant \u00e0 vos plats avec le poivre SALONE. Chaque bo\u00eete de 25 g est id\u00e9ale pour rehausser vos recettes avec une saveur \u00e9pic\u00e9e et authentique.<\/p>\n<p><strong>Caract\u00e9ristiques :<\/strong><\/p>\n<ul>\n<li><strong>Poids net<\/strong> : 25 g<\/li>\n<li><strong>Cat\u00e9gorie<\/strong> : Condiments<\/li>\n<li><strong>Conditionnement<\/strong> : Pack de 20 bo\u00eetes, carton de 160 bo\u00eetes<\/li>\n<\/ul>\n<p><strong>Mode de conservation :<\/strong><\/p>\n<ul>\n<li>Conservez dans un endroit frais et sec, \u00e0 l\u2019abri de l\u2019humidit\u00e9.<\/li>\n<\/ul>\n<p>Le poivre SALONE en bo\u00eete de 25 g est parfait pour les amateurs de cuisine qui souhaitent ajouter du caract\u00e8re \u00e0 leurs plats. Son conditionnement pratique en pack de 20 bo\u00eetes garantit que vous en aurez toujours sous la main pour toutes vos pr\u00e9parations culinaires.<\/p>\n<\/div>\n<\/div>\n<\/div>\n<\/div>\n<\/div>\n<\/div>\n<\/div>\n<\/div>\n<\/div>\n<\/div>\n<\/div>\n<\/div>\n<\/div>\n<\/div>","protected":false},"excerpt":{"rendered":"<p>Poivre SALONE &#8211; 25 g Ajoutez une touche de piquant \u00e0 vos plats avec le poivre SALONE. Chaque bo\u00eete de 25 g est id\u00e9ale pour rehausser vos recettes avec une saveur \u00e9pic\u00e9e et authentique. Caract\u00e9ristiques : Poids net : 25 g Cat\u00e9gorie : Condiments Conditionnement : Pack de 20 bo\u00eetes, carton de 160 bo\u00eetes Mode [&hellip;]<\/p>","protected":false},"featured_media":7985,"comment_status":"open","ping_status":"closed","template":"","meta":{"_acf_changed":false,"om_disable_all_campaigns":false,"inline_featured_image":false,"_monsterinsights_skip_tracking":false,"_monsterinsights_sitenote_active":false,"_monsterinsights_sitenote_note":"","_monsterinsights_sitenote_category":0,"_uf_show_specific_survey":0,"_uf_disable_surveys":false},"product_cat":[44],"product_tag":[],"class_list":{"0":"post-7672","1":"product","2":"type-product","3":"status-publish","4":"has-post-thumbnail","6":"product_cat-condiment","8":"first","9":"instock","10":"shipping-taxable","11":"product-type-simple"},"acf":[],"yoast_head":"<!-- This site is optimized with the Yoast SEO plugin v24.2 - https:\/\/yoast.com\/wordpress\/plugins\/seo\/ -->\n<title>Poivre Salone 25g - Pack de 20 Bo\u00eetes pour Assaisonnement<\/title>\n<meta name=\"description\" content=\"Poivre SALONE 25 g, parfait pour assaisonner vos plats. Pack de 20 bo\u00eetes. Conservez au frais et sec pour une qualit\u00e9 optimale.\" \/>\n<meta name=\"robots\" content=\"index, follow, max-snippet:-1, max-image-preview:large, max-video-preview:-1\" \/>\n<link rel=\"canonical\" href=\"https:\/\/salone.mg\/en\/product\/poivre-salone-25-gr\/\" \/>\n<meta property=\"og:locale\" content=\"en_US\" \/>\n<meta property=\"og:type\" content=\"article\" \/>\n<meta property=\"og:title\" content=\"Poivre Salone 25g - Pack de 20 Bo\u00eetes pour Assaisonnement\" \/>\n<meta property=\"og:description\" content=\"Poivre SALONE 25 g, parfait pour assaisonner vos plats. Pack de 20 bo\u00eetes. Conservez au frais et sec pour une qualit\u00e9 optimale.\" \/>\n<meta property=\"og:url\" content=\"https:\/\/salone.mg\/en\/product\/poivre-salone-25-gr\/\" \/>\n<meta property=\"og:site_name\" content=\"Salone\" \/>\n<meta property=\"article:modified_time\" content=\"2025-07-11T11:22:04+00:00\" \/>\n<meta property=\"og:image\" content=\"https:\/\/salone.mg\/wp-content\/uploads\/2024\/03\/poivre-moulu-boite.png?v=1712065690\" \/>\n\t<meta property=\"og:image:width\" content=\"2560\" \/>\n\t<meta property=\"og:image:height\" content=\"2560\" \/>\n\t<meta property=\"og:image:type\" content=\"image\/png\" \/>\n<meta name=\"twitter:card\" content=\"summary_large_image\" \/>\n<meta name=\"twitter:label1\" content=\"Est. reading time\" \/>\n\t<meta name=\"twitter:data1\" content=\"1 minute\" \/>\n<script type=\"application\/ld+json\" class=\"yoast-schema-graph\">{\"@context\":\"https:\/\/schema.org\",\"@graph\":[{\"@type\":\"WebPage\",\"@id\":\"https:\/\/salone.mg\/produit\/poivre-salone-25-gr\/\",\"url\":\"https:\/\/salone.mg\/produit\/poivre-salone-25-gr\/\",\"name\":\"Poivre Salone 25g - Pack de 20 Bo\u00eetes pour Assaisonnement\",\"isPartOf\":{\"@id\":\"https:\/\/salone.mg\/#website\"},\"primaryImageOfPage\":{\"@id\":\"https:\/\/salone.mg\/produit\/poivre-salone-25-gr\/#primaryimage\"},\"image\":{\"@id\":\"https:\/\/salone.mg\/produit\/poivre-salone-25-gr\/#primaryimage\"},\"thumbnailUrl\":\"https:\/\/salone.mg\/wp-content\/uploads\/2024\/03\/poivre-moulu-boite-scaled.png?v=1712065690\",\"datePublished\":\"2024-03-20T12:38:33+00:00\",\"dateModified\":\"2025-07-11T11:22:04+00:00\",\"description\":\"Poivre SALONE 25 g, parfait pour assaisonner vos plats. Pack de 20 bo\u00eetes. Conservez au frais et sec pour une qualit\u00e9 optimale.\",\"breadcrumb\":{\"@id\":\"https:\/\/salone.mg\/produit\/poivre-salone-25-gr\/#breadcrumb\"},\"inLanguage\":\"en-US\",\"potentialAction\":[{\"@type\":\"ReadAction\",\"target\":[\"https:\/\/salone.mg\/produit\/poivre-salone-25-gr\/\"]}]},{\"@type\":\"ImageObject\",\"inLanguage\":\"en-US\",\"@id\":\"https:\/\/salone.mg\/produit\/poivre-salone-25-gr\/#primaryimage\",\"url\":\"https:\/\/salone.mg\/wp-content\/uploads\/2024\/03\/poivre-moulu-boite-scaled.png?v=1712065690\",\"contentUrl\":\"https:\/\/salone.mg\/wp-content\/uploads\/2024\/03\/poivre-moulu-boite-scaled.png?v=1712065690\",\"width\":2560,\"height\":2560,\"caption\":\"Boite de poivre 25g\"},{\"@type\":\"BreadcrumbList\",\"@id\":\"https:\/\/salone.mg\/produit\/poivre-salone-25-gr\/#breadcrumb\",\"itemListElement\":[{\"@type\":\"ListItem\",\"position\":1,\"name\":\"Accueil\",\"item\":\"https:\/\/salone.mg\/\"},{\"@type\":\"ListItem\",\"position\":2,\"name\":\"Salone : Nouilles, Caf\u00e9s, Condiments, Aides Culinaires et Chips\",\"item\":\"https:\/\/salone.mg\/nos-produits\/\"},{\"@type\":\"ListItem\",\"position\":3,\"name\":\"Poivre SALONE 25gr\"}]},{\"@type\":\"WebSite\",\"@id\":\"https:\/\/salone.mg\/#website\",\"url\":\"https:\/\/salone.mg\/\",\"name\":\"Salone\",\"description\":\"L&#039;excellence des saveurs au service de vos papilles\",\"publisher\":{\"@id\":\"https:\/\/salone.mg\/#organization\"},\"potentialAction\":[{\"@type\":\"SearchAction\",\"target\":{\"@type\":\"EntryPoint\",\"urlTemplate\":\"https:\/\/salone.mg\/?s={search_term_string}\"},\"query-input\":{\"@type\":\"PropertyValueSpecification\",\"valueRequired\":true,\"valueName\":\"search_term_string\"}}],\"inLanguage\":\"en-US\"},{\"@type\":\"Organization\",\"@id\":\"https:\/\/salone.mg\/#organization\",\"name\":\"Salone\",\"url\":\"https:\/\/salone.mg\/\",\"logo\":{\"@type\":\"ImageObject\",\"inLanguage\":\"en-US\",\"@id\":\"https:\/\/salone.mg\/#\/schema\/logo\/image\/\",\"url\":\"https:\/\/salone.mg\/wp-content\/uploads\/2024\/03\/logo-nobg-.png\",\"contentUrl\":\"https:\/\/salone.mg\/wp-content\/uploads\/2024\/03\/logo-nobg-.png\",\"width\":363,\"height\":294,\"caption\":\"Salone\"},\"image\":{\"@id\":\"https:\/\/salone.mg\/#\/schema\/logo\/image\/\"}}]}<\/script>\n<!-- \/ Yoast SEO plugin. -->","yoast_head_json":{"title":"Poivre Salone 25g - Pack de 20 Bo\u00eetes pour Assaisonnement","description":"Poivre SALONE 25 g, parfait pour assaisonner vos plats. Pack de 20 bo\u00eetes. Conservez au frais et sec pour une qualit\u00e9 optimale.","robots":{"index":"index","follow":"follow","max-snippet":"max-snippet:-1","max-image-preview":"max-image-preview:large","max-video-preview":"max-video-preview:-1"},"canonical":"https:\/\/salone.mg\/en\/product\/poivre-salone-25-gr\/","og_locale":"en_US","og_type":"article","og_title":"Poivre Salone 25g - Pack de 20 Bo\u00eetes pour Assaisonnement","og_description":"Poivre SALONE 25 g, parfait pour assaisonner vos plats. Pack de 20 bo\u00eetes. Conservez au frais et sec pour une qualit\u00e9 optimale.","og_url":"https:\/\/salone.mg\/en\/product\/poivre-salone-25-gr\/","og_site_name":"Salone","article_modified_time":"2025-07-11T11:22:04+00:00","og_image":[{"width":2560,"height":2560,"url":"https:\/\/salone.mg\/wp-content\/uploads\/2024\/03\/poivre-moulu-boite.png?v=1712065690","type":"image\/png"}],"twitter_card":"summary_large_image","twitter_misc":{"Est. reading time":"1 minute"},"schema":{"@context":"https:\/\/schema.org","@graph":[{"@type":"WebPage","@id":"https:\/\/salone.mg\/produit\/poivre-salone-25-gr\/","url":"https:\/\/salone.mg\/produit\/poivre-salone-25-gr\/","name":"Poivre Salone 25g - Pack de 20 Bo\u00eetes pour Assaisonnement","isPartOf":{"@id":"https:\/\/salone.mg\/#website"},"primaryImageOfPage":{"@id":"https:\/\/salone.mg\/produit\/poivre-salone-25-gr\/#primaryimage"},"image":{"@id":"https:\/\/salone.mg\/produit\/poivre-salone-25-gr\/#primaryimage"},"thumbnailUrl":"https:\/\/salone.mg\/wp-content\/uploads\/2024\/03\/poivre-moulu-boite-scaled.png?v=1712065690","datePublished":"2024-03-20T12:38:33+00:00","dateModified":"2025-07-11T11:22:04+00:00","description":"Poivre SALONE 25 g, parfait pour assaisonner vos plats. Pack de 20 bo\u00eetes. Conservez au frais et sec pour une qualit\u00e9 optimale.","breadcrumb":{"@id":"https:\/\/salone.mg\/produit\/poivre-salone-25-gr\/#breadcrumb"},"inLanguage":"en-US","potentialAction":[{"@type":"ReadAction","target":["https:\/\/salone.mg\/produit\/poivre-salone-25-gr\/"]}]},{"@type":"ImageObject","inLanguage":"en-US","@id":"https:\/\/salone.mg\/produit\/poivre-salone-25-gr\/#primaryimage","url":"https:\/\/salone.mg\/wp-content\/uploads\/2024\/03\/poivre-moulu-boite-scaled.png?v=1712065690","contentUrl":"https:\/\/salone.mg\/wp-content\/uploads\/2024\/03\/poivre-moulu-boite-scaled.png?v=1712065690","width":2560,"height":2560,"caption":"Boite de poivre 25g"},{"@type":"BreadcrumbList","@id":"https:\/\/salone.mg\/produit\/poivre-salone-25-gr\/#breadcrumb","itemListElement":[{"@type":"ListItem","position":1,"name":"Accueil","item":"https:\/\/salone.mg\/"},{"@type":"ListItem","position":2,"name":"Salone : Nouilles, Caf\u00e9s, Condiments, Aides Culinaires et Chips","item":"https:\/\/salone.mg\/nos-produits\/"},{"@type":"ListItem","position":3,"name":"Poivre SALONE 25gr"}]},{"@type":"WebSite","@id":"https:\/\/salone.mg\/#website","url":"https:\/\/salone.mg\/","name":"Salone","description":"L&#039;excellence des saveurs au service de vos papilles","publisher":{"@id":"https:\/\/salone.mg\/#organization"},"potentialAction":[{"@type":"SearchAction","target":{"@type":"EntryPoint","urlTemplate":"https:\/\/salone.mg\/?s={search_term_string}"},"query-input":{"@type":"PropertyValueSpecification","valueRequired":true,"valueName":"search_term_string"}}],"inLanguage":"en-US"},{"@type":"Organization","@id":"https:\/\/salone.mg\/#organization","name":"Salone","url":"https:\/\/salone.mg\/","logo":{"@type":"ImageObject","inLanguage":"en-US","@id":"https:\/\/salone.mg\/#\/schema\/logo\/image\/","url":"https:\/\/salone.mg\/wp-content\/uploads\/2024\/03\/logo-nobg-.png","contentUrl":"https:\/\/salone.mg\/wp-content\/uploads\/2024\/03\/logo-nobg-.png","width":363,"height":294,"caption":"Salone"},"image":{"@id":"https:\/\/salone.mg\/#\/schema\/logo\/image\/"}}]}},"jetpack_sharing_enabled":true,"_links":{"self":[{"href":"https:\/\/salone.mg\/en\/wp-json\/wp\/v2\/product\/7672","targetHints":{"allow":["GET"]}}],"collection":[{"href":"https:\/\/salone.mg\/en\/wp-json\/wp\/v2\/product"}],"about":[{"href":"https:\/\/salone.mg\/en\/wp-json\/wp\/v2\/types\/product"}],"replies":[{"embeddable":true,"href":"https:\/\/salone.mg\/en\/wp-json\/wp\/v2\/comments?post=7672"}],"wp:featuredmedia":[{"embeddable":true,"href":"https:\/\/salone.mg\/en\/wp-json\/wp\/v2\/media\/7985"}],"wp:attachment":[{"href":"https:\/\/salone.mg\/en\/wp-json\/wp\/v2\/media?parent=7672"}],"wp:term":[{"taxonomy":"product_cat","embeddable":true,"href":"https:\/\/salone.mg\/en\/wp-json\/wp\/v2\/product_cat?post=7672"},{"taxonomy":"product_tag","embeddable":true,"href":"https:\/\/salone.mg\/en\/wp-json\/wp\/v2\/product_tag?post=7672"}],"curies":[{"name":"wp","href":"https:\/\/api.w.org\/{rel}","templated":true}]}}