{"id":7660,"date":"2024-03-20T13:11:22","date_gmt":"2024-03-20T12:11:22","guid":{"rendered":"https:\/\/salone.mg\/?post_type=product&#038;p=7660"},"modified":"2024-08-12T15:22:14","modified_gmt":"2024-08-12T13:22:14","slug":"kafe-zoto","status":"publish","type":"product","link":"https:\/\/salone.mg\/en\/product\/kafe-zoto\/","title":{"rendered":"Kafe Zoto 30g (Pqts de 20)"},"content":{"rendered":"<p><strong>Kafe Zoto &#8211; 30 g (Paquets de 20)<\/strong><\/p>\n<p>Le Kafe Zoto est un caf\u00e9 moulu de qualit\u00e9, id\u00e9al pour les amateurs de caf\u00e9. Chaque paquet de 30 g est con\u00e7u pour offrir une exp\u00e9rience de caf\u00e9 riche et savoureuse. Parfait pour une pr\u00e9paration rapide et simple, ce caf\u00e9 se conserve facilement et reste frais gr\u00e2ce \u00e0 son emballage pratique.<\/p>\n<p><strong>Caract\u00e9ristiques :<\/strong><\/p>\n<ul>\n<li><strong>Poids net<\/strong> : 30 g par paquet<\/li>\n<li><strong>Cat\u00e9gorie<\/strong> : Caf\u00e9s<\/li>\n<li><strong>Conditionnement<\/strong> : Sac de 20 paquets<\/li>\n<\/ul>\n<p><strong>Mode de conservation :<\/strong><\/p>\n<ul>\n<li>Conservez votre caf\u00e9 moulu dans un endroit sec, \u00e0 temp\u00e9rature ambiante et \u00e0 l\u2019abri de l\u2019humidit\u00e9.<\/li>\n<\/ul>\n<p><strong>Mode de pr\u00e9paration :<\/strong><\/p>\n<ol>\n<li>Scellez le caf\u00e9 moulu dans un r\u00e9cipient herm\u00e9tique ou dans son emballage d\u2019origine scell\u00e9 sous vide.<\/li>\n<li>Pour de meilleurs r\u00e9sultats, utilisez de l\u2019eau fra\u00eeche et filtr\u00e9e ainsi qu\u2019une machine \u00e0 caf\u00e9 propre.<\/li>\n<li>Pour 50 ml de caf\u00e9 avec un corsage standard, utilisez une cuill\u00e8re \u00e0 caf\u00e9 (environ 8 g) de caf\u00e9 moulu par tasse. Ajustez la dose selon vos pr\u00e9f\u00e9rences.<\/li>\n<\/ol>\n<p>Le Kafe Zoto est parfait pour ceux qui recherchent un caf\u00e9 pratique \u00e0 pr\u00e9parer, avec une fra\u00eecheur et un go\u00fbt exceptionnels \u00e0 chaque tasse.<\/p>","protected":false},"excerpt":{"rendered":"<p>Kafe Zoto &#8211; 30 g (Paquets de 20) Le Kafe Zoto est un caf\u00e9 moulu de qualit\u00e9, id\u00e9al pour les amateurs de caf\u00e9. Chaque paquet de 30 g est con\u00e7u pour offrir une exp\u00e9rience de caf\u00e9 riche et savoureuse. Parfait pour une pr\u00e9paration rapide et simple, ce caf\u00e9 se conserve facilement et reste frais gr\u00e2ce [&hellip;]<\/p>\n","protected":false},"featured_media":7978,"comment_status":"open","ping_status":"closed","template":"","meta":{"_acf_changed":false,"om_disable_all_campaigns":false,"inline_featured_image":false,"_monsterinsights_skip_tracking":false,"_monsterinsights_sitenote_active":false,"_monsterinsights_sitenote_note":"","_monsterinsights_sitenote_category":0,"_uf_show_specific_survey":0,"_uf_disable_surveys":false},"product_cat":[37],"product_tag":[],"class_list":{"0":"post-7660","1":"product","2":"type-product","3":"status-publish","4":"has-post-thumbnail","6":"product_cat-cafe","8":"first","9":"instock","10":"shipping-taxable","11":"product-type-simple"},"acf":[],"yoast_head":"<!-- This site is optimized with the Yoast SEO plugin v27.4 - https:\/\/yoast.com\/product\/yoast-seo-wordpress\/ -->\n<title>Kafe Zoto 30g (Pqts de 20) - Salone<\/title>\n<meta name=\"description\" content=\"Kafe Zoto 30 g, caf\u00e9 moulu de qualit\u00e9. Conditionnement pratique en sachets de 20. Conservez \u00e0 l\u2019abri de l\u2019humidit\u00e9 pour une fra\u00eecheur optimale.\" \/>\n<meta name=\"robots\" content=\"index, follow, max-snippet:-1, max-image-preview:large, max-video-preview:-1\" \/>\n<link rel=\"canonical\" href=\"https:\/\/salone.mg\/en\/product\/kafe-zoto\/\" \/>\n<meta property=\"og:locale\" content=\"en_US\" \/>\n<meta property=\"og:type\" content=\"article\" \/>\n<meta property=\"og:title\" content=\"Kafe Zoto 30g (Pqts de 20) - Salone\" \/>\n<meta property=\"og:description\" content=\"Kafe Zoto 30 g, caf\u00e9 moulu de qualit\u00e9. Conditionnement pratique en sachets de 20. Conservez \u00e0 l\u2019abri de l\u2019humidit\u00e9 pour une fra\u00eecheur optimale.\" \/>\n<meta property=\"og:url\" content=\"https:\/\/salone.mg\/en\/product\/kafe-zoto\/\" \/>\n<meta property=\"og:site_name\" content=\"Salone\" \/>\n<meta property=\"article:modified_time\" content=\"2024-08-12T13:22:14+00:00\" \/>\n<meta property=\"og:image\" content=\"https:\/\/salone.mg\/wp-content\/uploads\/2024\/03\/SAL-ZOTO-1.png?v=1712063959\" \/>\n\t<meta property=\"og:image:width\" content=\"4000\" \/>\n\t<meta property=\"og:image:height\" content=\"4000\" \/>\n\t<meta property=\"og:image:type\" content=\"image\/png\" \/>\n<meta name=\"twitter:card\" content=\"summary_large_image\" \/>\n<meta name=\"twitter:label1\" content=\"Est. reading time\" \/>\n\t<meta name=\"twitter:data1\" content=\"2 minutes\" \/>\n<script type=\"application\/ld+json\" class=\"yoast-schema-graph\">{\"@context\":\"https:\\\/\\\/schema.org\",\"@graph\":[{\"@type\":\"WebPage\",\"@id\":\"https:\\\/\\\/salone.mg\\\/produit\\\/kafe-zoto\\\/\",\"url\":\"https:\\\/\\\/salone.mg\\\/produit\\\/kafe-zoto\\\/\",\"name\":\"Kafe Zoto 30g (Pqts de 20) - Salone\",\"isPartOf\":{\"@id\":\"https:\\\/\\\/salone.mg\\\/#website\"},\"primaryImageOfPage\":{\"@id\":\"https:\\\/\\\/salone.mg\\\/produit\\\/kafe-zoto\\\/#primaryimage\"},\"image\":{\"@id\":\"https:\\\/\\\/salone.mg\\\/produit\\\/kafe-zoto\\\/#primaryimage\"},\"thumbnailUrl\":\"https:\\\/\\\/salone.mg\\\/wp-content\\\/uploads\\\/2024\\\/03\\\/SAL-ZOTO-1-scaled.png?v=1712063959\",\"datePublished\":\"2024-03-20T12:11:22+00:00\",\"dateModified\":\"2024-08-12T13:22:14+00:00\",\"description\":\"Kafe Zoto 30 g, caf\u00e9 moulu de qualit\u00e9. Conditionnement pratique en sachets de 20. Conservez \u00e0 l\u2019abri de l\u2019humidit\u00e9 pour une fra\u00eecheur optimale.\",\"breadcrumb\":{\"@id\":\"https:\\\/\\\/salone.mg\\\/produit\\\/kafe-zoto\\\/#breadcrumb\"},\"inLanguage\":\"en-US\",\"potentialAction\":[{\"@type\":\"ReadAction\",\"target\":[\"https:\\\/\\\/salone.mg\\\/produit\\\/kafe-zoto\\\/\"]}]},{\"@type\":\"ImageObject\",\"inLanguage\":\"en-US\",\"@id\":\"https:\\\/\\\/salone.mg\\\/produit\\\/kafe-zoto\\\/#primaryimage\",\"url\":\"https:\\\/\\\/salone.mg\\\/wp-content\\\/uploads\\\/2024\\\/03\\\/SAL-ZOTO-1-scaled.png?v=1712063959\",\"contentUrl\":\"https:\\\/\\\/salone.mg\\\/wp-content\\\/uploads\\\/2024\\\/03\\\/SAL-ZOTO-1-scaled.png?v=1712063959\",\"width\":2560,\"height\":2560,\"caption\":\"Kafe gasy zoto 30g\"},{\"@type\":\"BreadcrumbList\",\"@id\":\"https:\\\/\\\/salone.mg\\\/produit\\\/kafe-zoto\\\/#breadcrumb\",\"itemListElement\":[{\"@type\":\"ListItem\",\"position\":1,\"name\":\"Accueil\",\"item\":\"https:\\\/\\\/salone.mg\\\/\"},{\"@type\":\"ListItem\",\"position\":2,\"name\":\"Salone : Nouilles, Caf\u00e9s, Condiments, Aides Culinaires et Chips\",\"item\":\"https:\\\/\\\/salone.mg\\\/nos-produits\\\/\"},{\"@type\":\"ListItem\",\"position\":3,\"name\":\"Kafe Zoto 30g (Pqts de 20)\"}]},{\"@type\":\"WebSite\",\"@id\":\"https:\\\/\\\/salone.mg\\\/#website\",\"url\":\"https:\\\/\\\/salone.mg\\\/\",\"name\":\"Salone\",\"description\":\"L&#039;excellence des saveurs au service de vos papilles\",\"publisher\":{\"@id\":\"https:\\\/\\\/salone.mg\\\/#organization\"},\"potentialAction\":[{\"@type\":\"SearchAction\",\"target\":{\"@type\":\"EntryPoint\",\"urlTemplate\":\"https:\\\/\\\/salone.mg\\\/?s={search_term_string}\"},\"query-input\":{\"@type\":\"PropertyValueSpecification\",\"valueRequired\":true,\"valueName\":\"search_term_string\"}}],\"inLanguage\":\"en-US\"},{\"@type\":\"Organization\",\"@id\":\"https:\\\/\\\/salone.mg\\\/#organization\",\"name\":\"Salone\",\"url\":\"https:\\\/\\\/salone.mg\\\/\",\"logo\":{\"@type\":\"ImageObject\",\"inLanguage\":\"en-US\",\"@id\":\"https:\\\/\\\/salone.mg\\\/#\\\/schema\\\/logo\\\/image\\\/\",\"url\":\"https:\\\/\\\/salone.mg\\\/wp-content\\\/uploads\\\/2024\\\/03\\\/logo-nobg-.png\",\"contentUrl\":\"https:\\\/\\\/salone.mg\\\/wp-content\\\/uploads\\\/2024\\\/03\\\/logo-nobg-.png\",\"width\":363,\"height\":294,\"caption\":\"Salone\"},\"image\":{\"@id\":\"https:\\\/\\\/salone.mg\\\/#\\\/schema\\\/logo\\\/image\\\/\"}}]}<\/script>\n<!-- \/ Yoast SEO plugin. -->","yoast_head_json":{"title":"Kafe Zoto 30g (Pqts de 20) - Salone","description":"Kafe Zoto 30 g, caf\u00e9 moulu de qualit\u00e9. Conditionnement pratique en sachets de 20. Conservez \u00e0 l\u2019abri de l\u2019humidit\u00e9 pour une fra\u00eecheur optimale.","robots":{"index":"index","follow":"follow","max-snippet":"max-snippet:-1","max-image-preview":"max-image-preview:large","max-video-preview":"max-video-preview:-1"},"canonical":"https:\/\/salone.mg\/en\/product\/kafe-zoto\/","og_locale":"en_US","og_type":"article","og_title":"Kafe Zoto 30g (Pqts de 20) - Salone","og_description":"Kafe Zoto 30 g, caf\u00e9 moulu de qualit\u00e9. Conditionnement pratique en sachets de 20. Conservez \u00e0 l\u2019abri de l\u2019humidit\u00e9 pour une fra\u00eecheur optimale.","og_url":"https:\/\/salone.mg\/en\/product\/kafe-zoto\/","og_site_name":"Salone","article_modified_time":"2024-08-12T13:22:14+00:00","og_image":[{"width":4000,"height":4000,"url":"https:\/\/salone.mg\/wp-content\/uploads\/2024\/03\/SAL-ZOTO-1.png?v=1712063959","type":"image\/png"}],"twitter_card":"summary_large_image","twitter_misc":{"Est. reading time":"2 minutes"},"schema":{"@context":"https:\/\/schema.org","@graph":[{"@type":"WebPage","@id":"https:\/\/salone.mg\/produit\/kafe-zoto\/","url":"https:\/\/salone.mg\/produit\/kafe-zoto\/","name":"Kafe Zoto 30g (Pqts de 20) - Salone","isPartOf":{"@id":"https:\/\/salone.mg\/#website"},"primaryImageOfPage":{"@id":"https:\/\/salone.mg\/produit\/kafe-zoto\/#primaryimage"},"image":{"@id":"https:\/\/salone.mg\/produit\/kafe-zoto\/#primaryimage"},"thumbnailUrl":"https:\/\/salone.mg\/wp-content\/uploads\/2024\/03\/SAL-ZOTO-1-scaled.png?v=1712063959","datePublished":"2024-03-20T12:11:22+00:00","dateModified":"2024-08-12T13:22:14+00:00","description":"Kafe Zoto 30 g, caf\u00e9 moulu de qualit\u00e9. Conditionnement pratique en sachets de 20. Conservez \u00e0 l\u2019abri de l\u2019humidit\u00e9 pour une fra\u00eecheur optimale.","breadcrumb":{"@id":"https:\/\/salone.mg\/produit\/kafe-zoto\/#breadcrumb"},"inLanguage":"en-US","potentialAction":[{"@type":"ReadAction","target":["https:\/\/salone.mg\/produit\/kafe-zoto\/"]}]},{"@type":"ImageObject","inLanguage":"en-US","@id":"https:\/\/salone.mg\/produit\/kafe-zoto\/#primaryimage","url":"https:\/\/salone.mg\/wp-content\/uploads\/2024\/03\/SAL-ZOTO-1-scaled.png?v=1712063959","contentUrl":"https:\/\/salone.mg\/wp-content\/uploads\/2024\/03\/SAL-ZOTO-1-scaled.png?v=1712063959","width":2560,"height":2560,"caption":"Kafe gasy zoto 30g"},{"@type":"BreadcrumbList","@id":"https:\/\/salone.mg\/produit\/kafe-zoto\/#breadcrumb","itemListElement":[{"@type":"ListItem","position":1,"name":"Accueil","item":"https:\/\/salone.mg\/"},{"@type":"ListItem","position":2,"name":"Salone : Nouilles, Caf\u00e9s, Condiments, Aides Culinaires et Chips","item":"https:\/\/salone.mg\/nos-produits\/"},{"@type":"ListItem","position":3,"name":"Kafe Zoto 30g (Pqts de 20)"}]},{"@type":"WebSite","@id":"https:\/\/salone.mg\/#website","url":"https:\/\/salone.mg\/","name":"Salone","description":"L&#039;excellence des saveurs au service de vos papilles","publisher":{"@id":"https:\/\/salone.mg\/#organization"},"potentialAction":[{"@type":"SearchAction","target":{"@type":"EntryPoint","urlTemplate":"https:\/\/salone.mg\/?s={search_term_string}"},"query-input":{"@type":"PropertyValueSpecification","valueRequired":true,"valueName":"search_term_string"}}],"inLanguage":"en-US"},{"@type":"Organization","@id":"https:\/\/salone.mg\/#organization","name":"Salone","url":"https:\/\/salone.mg\/","logo":{"@type":"ImageObject","inLanguage":"en-US","@id":"https:\/\/salone.mg\/#\/schema\/logo\/image\/","url":"https:\/\/salone.mg\/wp-content\/uploads\/2024\/03\/logo-nobg-.png","contentUrl":"https:\/\/salone.mg\/wp-content\/uploads\/2024\/03\/logo-nobg-.png","width":363,"height":294,"caption":"Salone"},"image":{"@id":"https:\/\/salone.mg\/#\/schema\/logo\/image\/"}}]}},"jetpack_sharing_enabled":true,"_links":{"self":[{"href":"https:\/\/salone.mg\/en\/wp-json\/wp\/v2\/product\/7660","targetHints":{"allow":["GET"]}}],"collection":[{"href":"https:\/\/salone.mg\/en\/wp-json\/wp\/v2\/product"}],"about":[{"href":"https:\/\/salone.mg\/en\/wp-json\/wp\/v2\/types\/product"}],"replies":[{"embeddable":true,"href":"https:\/\/salone.mg\/en\/wp-json\/wp\/v2\/comments?post=7660"}],"wp:featuredmedia":[{"embeddable":true,"href":"https:\/\/salone.mg\/en\/wp-json\/wp\/v2\/media\/7978"}],"wp:attachment":[{"href":"https:\/\/salone.mg\/en\/wp-json\/wp\/v2\/media?parent=7660"}],"wp:term":[{"taxonomy":"product_cat","embeddable":true,"href":"https:\/\/salone.mg\/en\/wp-json\/wp\/v2\/product_cat?post=7660"},{"taxonomy":"product_tag","embeddable":true,"href":"https:\/\/salone.mg\/en\/wp-json\/wp\/v2\/product_tag?post=7660"}],"curies":[{"name":"wp","href":"https:\/\/api.w.org\/{rel}","templated":true}]}}