{"id":7650,"date":"2024-03-20T12:55:04","date_gmt":"2024-03-20T11:55:04","guid":{"rendered":"https:\/\/salone.mg\/?post_type=product&#038;p=7650"},"modified":"2024-08-27T08:16:45","modified_gmt":"2024-08-27T06:16:45","slug":"nouilles-crevette","status":"publish","type":"product","link":"https:\/\/salone.mg\/en\/product\/nouilles-crevette\/","title":{"rendered":"Matsiro Saveur Crevette"},"content":{"rendered":"<div class=\"flex-1 overflow-hidden\">\n<div class=\"h-full\">\n<div class=\"react-scroll-to-bottom--css-lticb-79elbk h-full\">\n<div class=\"react-scroll-to-bottom--css-lticb-1n7m0yu\">\n<div class=\"flex flex-col text-sm md:pb-9\">\n<div class=\"w-full text-token-text-primary\" dir=\"auto\" data-testid=\"conversation-turn-39\" data-scroll-anchor=\"true\">\n<div class=\"text-base py-[18px] px-3 md:px-4 m-auto md:px-5 lg:px-1 xl:px-5\">\n<div class=\"mx-auto flex flex-1 gap-4 text-base md:gap-5 lg:gap-6 md:max-w-3xl\">\n<div class=\"group\/conversation-turn relative flex w-full min-w-0 flex-col agent-turn\">\n<div class=\"flex-col gap-1 md:gap-3\">\n<div class=\"flex max-w-full flex-col flex-grow\">\n<div class=\"min-h-[20px] text-message flex w-full flex-col items-end gap-2 whitespace-pre-wrap break-words [.text-message+&amp;]:mt-5 overflow-x-auto\" dir=\"auto\" data-message-author-role=\"assistant\" data-message-id=\"baf567e9-fcd1-4e93-b3a7-1ab9489e94f8\">\n<div class=\"flex w-full flex-col gap-1 empty:hidden first:pt-[3px]\">\n<div class=\"markdown prose w-full break-words dark:prose-invert light\">\n<p><strong>Nouilles Instantan\u00e9es Matsiro Saveur Crevette &#8211; 80 g<\/strong><\/p>\n<p>Savourez un repas rapide avec les nouilles instantan\u00e9es Matsiro Saveur Crevette. Chaque sachet de 80 g offre une exp\u00e9rience gustative riche avec un assaisonnement au go\u00fbt de crevette, pr\u00eat en seulement 2 minutes.<\/p>\n<p><strong>Caract\u00e9ristiques :<\/strong><\/p>\n<ul>\n<li><strong>Poids net<\/strong> : 80 g par sachet<\/li>\n<li><strong>Valeurs nutritionnelles (pour 100 g)<\/strong> :\n<ul>\n<li>Calories : 315 kcal<\/li>\n<li>Prot\u00e9ines : 4 g<\/li>\n<li>Lipides : 10 g<\/li>\n<li>Glucides : 45 g<\/li>\n<li>Sodium : 0,6 g<\/li>\n<\/ul>\n<\/li>\n<li><strong>Ingr\u00e9dients<\/strong> : Farine, eau, sel, huile v\u00e9g\u00e9tale<\/li>\n<li><strong>Assaisonnement<\/strong> : Sel, glutamate de sodium, ar\u00f4me de crevette, sucre, \u00e9pices<\/li>\n<li><strong>Conditionnement<\/strong> :\n<ul>\n<li>Carton de 40 sachets<\/li>\n<li>Carton de 60 sachets<\/li>\n<\/ul>\n<\/li>\n<\/ul>\n<p><strong>Mode de pr\u00e9paration :<\/strong><\/p>\n<ol>\n<li>Portez \u00e0 \u00e9bullition 2 tasses d\u2019eau (400 ml).<\/li>\n<li>Plongez les nouilles Matsiro et ajoutez l\u2019assaisonnement selon votre go\u00fbt.<\/li>\n<li>Apr\u00e8s 2 minutes, vos nouilles sont pr\u00eates ! Pour un plat encore plus savoureux, ajoutez des l\u00e9gumes frais, des viandes ou des poissons.<\/li>\n<\/ol>\n<p>Les nouilles Matsiro Saveur Crevette sont id\u00e9ales pour un repas express tout en offrant une saveur d\u00e9licieuse de crevette. Leur pr\u00e9paration rapide et leur assaisonnement \u00e9quilibr\u00e9 en font une option pratique pour les repas press\u00e9s. Bon app\u00e9tit !<\/p>\n<\/div>\n<\/div>\n<\/div>\n<\/div>\n<\/div>\n<\/div>\n<\/div>\n<\/div>\n<\/div>\n<\/div>\n<\/div>\n<\/div>\n<\/div>\n<\/div>","protected":false},"excerpt":{"rendered":"<p>Nouilles Instantan\u00e9es Matsiro Saveur Crevette &#8211; 80 g Savourez un repas rapide avec les nouilles instantan\u00e9es Matsiro Saveur Crevette. Chaque sachet de 80 g offre une exp\u00e9rience gustative riche avec un assaisonnement au go\u00fbt de crevette, pr\u00eat en seulement 2 minutes. Caract\u00e9ristiques : Poids net : 80 g par sachet Valeurs nutritionnelles (pour 100 g) [&hellip;]<\/p>","protected":false},"featured_media":7966,"comment_status":"open","ping_status":"closed","template":"","meta":{"_acf_changed":false,"om_disable_all_campaigns":false,"inline_featured_image":false,"_monsterinsights_skip_tracking":false,"_monsterinsights_sitenote_active":false,"_monsterinsights_sitenote_note":"","_monsterinsights_sitenote_category":0,"_uf_show_specific_survey":0,"_uf_disable_surveys":false},"product_cat":[48],"product_tag":[],"class_list":{"0":"post-7650","1":"product","2":"type-product","3":"status-publish","4":"has-post-thumbnail","6":"product_cat-nouilles-instantanees","8":"first","9":"instock","10":"shipping-taxable","11":"product-type-simple"},"acf":[],"yoast_head":"<!-- This site is optimized with the Yoast SEO plugin v24.2 - https:\/\/yoast.com\/wordpress\/plugins\/seo\/ -->\n<title>Matsiro Saveur Crevette - Salone<\/title>\n<meta name=\"description\" content=\"Matsiro Saveur Crevette 85 g, pr\u00eat en 2 minutes avec un assaisonnement savoureux. Conditionnement en carton de 40 ou 60 sachets. Id\u00e9al pour un repas rapide.\" \/>\n<meta name=\"robots\" content=\"index, follow, max-snippet:-1, max-image-preview:large, max-video-preview:-1\" \/>\n<link rel=\"canonical\" href=\"https:\/\/salone.mg\/en\/product\/nouilles-crevette\/\" \/>\n<meta property=\"og:locale\" content=\"en_US\" \/>\n<meta property=\"og:type\" content=\"article\" \/>\n<meta property=\"og:title\" content=\"Matsiro Saveur Crevette - Salone\" \/>\n<meta property=\"og:description\" content=\"Matsiro Saveur Crevette 85 g, pr\u00eat en 2 minutes avec un assaisonnement savoureux. Conditionnement en carton de 40 ou 60 sachets. Id\u00e9al pour un repas rapide.\" \/>\n<meta property=\"og:url\" content=\"https:\/\/salone.mg\/en\/product\/nouilles-crevette\/\" \/>\n<meta property=\"og:site_name\" content=\"Salone\" \/>\n<meta property=\"article:modified_time\" content=\"2024-08-27T06:16:45+00:00\" \/>\n<meta property=\"og:image\" content=\"https:\/\/salone.mg\/wp-content\/uploads\/2024\/03\/Nouilles_Crevette.png?v=1712057976\" \/>\n\t<meta property=\"og:image:width\" content=\"4000\" \/>\n\t<meta property=\"og:image:height\" content=\"4000\" \/>\n\t<meta property=\"og:image:type\" content=\"image\/png\" \/>\n<meta name=\"twitter:card\" content=\"summary_large_image\" \/>\n<meta name=\"twitter:label1\" content=\"Est. reading time\" \/>\n\t<meta name=\"twitter:data1\" content=\"2 minutes\" \/>\n<script type=\"application\/ld+json\" class=\"yoast-schema-graph\">{\"@context\":\"https:\/\/schema.org\",\"@graph\":[{\"@type\":\"WebPage\",\"@id\":\"https:\/\/salone.mg\/produit\/nouilles-crevette\/\",\"url\":\"https:\/\/salone.mg\/produit\/nouilles-crevette\/\",\"name\":\"Matsiro Saveur Crevette - Salone\",\"isPartOf\":{\"@id\":\"https:\/\/salone.mg\/#website\"},\"primaryImageOfPage\":{\"@id\":\"https:\/\/salone.mg\/produit\/nouilles-crevette\/#primaryimage\"},\"image\":{\"@id\":\"https:\/\/salone.mg\/produit\/nouilles-crevette\/#primaryimage\"},\"thumbnailUrl\":\"https:\/\/salone.mg\/wp-content\/uploads\/2024\/03\/Nouilles_Crevette-scaled.png?v=1712057976\",\"datePublished\":\"2024-03-20T11:55:04+00:00\",\"dateModified\":\"2024-08-27T06:16:45+00:00\",\"description\":\"Matsiro Saveur Crevette 85 g, pr\u00eat en 2 minutes avec un assaisonnement savoureux. Conditionnement en carton de 40 ou 60 sachets. Id\u00e9al pour un repas rapide.\",\"breadcrumb\":{\"@id\":\"https:\/\/salone.mg\/produit\/nouilles-crevette\/#breadcrumb\"},\"inLanguage\":\"en-US\",\"potentialAction\":[{\"@type\":\"ReadAction\",\"target\":[\"https:\/\/salone.mg\/produit\/nouilles-crevette\/\"]}]},{\"@type\":\"ImageObject\",\"inLanguage\":\"en-US\",\"@id\":\"https:\/\/salone.mg\/produit\/nouilles-crevette\/#primaryimage\",\"url\":\"https:\/\/salone.mg\/wp-content\/uploads\/2024\/03\/Nouilles_Crevette-scaled.png?v=1712057976\",\"contentUrl\":\"https:\/\/salone.mg\/wp-content\/uploads\/2024\/03\/Nouilles_Crevette-scaled.png?v=1712057976\",\"width\":2560,\"height\":2560,\"caption\":\"Publicit\u00e9 nouilles matsiro crevette\"},{\"@type\":\"BreadcrumbList\",\"@id\":\"https:\/\/salone.mg\/produit\/nouilles-crevette\/#breadcrumb\",\"itemListElement\":[{\"@type\":\"ListItem\",\"position\":1,\"name\":\"Accueil\",\"item\":\"https:\/\/salone.mg\/\"},{\"@type\":\"ListItem\",\"position\":2,\"name\":\"Salone : Nouilles, Caf\u00e9s, Condiments, Aides Culinaires et Chips\",\"item\":\"https:\/\/salone.mg\/nos-produits\/\"},{\"@type\":\"ListItem\",\"position\":3,\"name\":\"Matsiro Saveur Crevette\"}]},{\"@type\":\"WebSite\",\"@id\":\"https:\/\/salone.mg\/#website\",\"url\":\"https:\/\/salone.mg\/\",\"name\":\"Salone\",\"description\":\"L&#039;excellence des saveurs au service de vos papilles\",\"publisher\":{\"@id\":\"https:\/\/salone.mg\/#organization\"},\"potentialAction\":[{\"@type\":\"SearchAction\",\"target\":{\"@type\":\"EntryPoint\",\"urlTemplate\":\"https:\/\/salone.mg\/?s={search_term_string}\"},\"query-input\":{\"@type\":\"PropertyValueSpecification\",\"valueRequired\":true,\"valueName\":\"search_term_string\"}}],\"inLanguage\":\"en-US\"},{\"@type\":\"Organization\",\"@id\":\"https:\/\/salone.mg\/#organization\",\"name\":\"Salone\",\"url\":\"https:\/\/salone.mg\/\",\"logo\":{\"@type\":\"ImageObject\",\"inLanguage\":\"en-US\",\"@id\":\"https:\/\/salone.mg\/#\/schema\/logo\/image\/\",\"url\":\"https:\/\/salone.mg\/wp-content\/uploads\/2024\/03\/logo-nobg-.png\",\"contentUrl\":\"https:\/\/salone.mg\/wp-content\/uploads\/2024\/03\/logo-nobg-.png\",\"width\":363,\"height\":294,\"caption\":\"Salone\"},\"image\":{\"@id\":\"https:\/\/salone.mg\/#\/schema\/logo\/image\/\"}}]}<\/script>\n<!-- \/ Yoast SEO plugin. -->","yoast_head_json":{"title":"Matsiro Saveur Crevette - Salone","description":"Matsiro Saveur Crevette 85 g, pr\u00eat en 2 minutes avec un assaisonnement savoureux. Conditionnement en carton de 40 ou 60 sachets. Id\u00e9al pour un repas rapide.","robots":{"index":"index","follow":"follow","max-snippet":"max-snippet:-1","max-image-preview":"max-image-preview:large","max-video-preview":"max-video-preview:-1"},"canonical":"https:\/\/salone.mg\/en\/product\/nouilles-crevette\/","og_locale":"en_US","og_type":"article","og_title":"Matsiro Saveur Crevette - Salone","og_description":"Matsiro Saveur Crevette 85 g, pr\u00eat en 2 minutes avec un assaisonnement savoureux. Conditionnement en carton de 40 ou 60 sachets. Id\u00e9al pour un repas rapide.","og_url":"https:\/\/salone.mg\/en\/product\/nouilles-crevette\/","og_site_name":"Salone","article_modified_time":"2024-08-27T06:16:45+00:00","og_image":[{"width":4000,"height":4000,"url":"https:\/\/salone.mg\/wp-content\/uploads\/2024\/03\/Nouilles_Crevette.png?v=1712057976","type":"image\/png"}],"twitter_card":"summary_large_image","twitter_misc":{"Est. reading time":"2 minutes"},"schema":{"@context":"https:\/\/schema.org","@graph":[{"@type":"WebPage","@id":"https:\/\/salone.mg\/produit\/nouilles-crevette\/","url":"https:\/\/salone.mg\/produit\/nouilles-crevette\/","name":"Matsiro Saveur Crevette - Salone","isPartOf":{"@id":"https:\/\/salone.mg\/#website"},"primaryImageOfPage":{"@id":"https:\/\/salone.mg\/produit\/nouilles-crevette\/#primaryimage"},"image":{"@id":"https:\/\/salone.mg\/produit\/nouilles-crevette\/#primaryimage"},"thumbnailUrl":"https:\/\/salone.mg\/wp-content\/uploads\/2024\/03\/Nouilles_Crevette-scaled.png?v=1712057976","datePublished":"2024-03-20T11:55:04+00:00","dateModified":"2024-08-27T06:16:45+00:00","description":"Matsiro Saveur Crevette 85 g, pr\u00eat en 2 minutes avec un assaisonnement savoureux. Conditionnement en carton de 40 ou 60 sachets. Id\u00e9al pour un repas rapide.","breadcrumb":{"@id":"https:\/\/salone.mg\/produit\/nouilles-crevette\/#breadcrumb"},"inLanguage":"en-US","potentialAction":[{"@type":"ReadAction","target":["https:\/\/salone.mg\/produit\/nouilles-crevette\/"]}]},{"@type":"ImageObject","inLanguage":"en-US","@id":"https:\/\/salone.mg\/produit\/nouilles-crevette\/#primaryimage","url":"https:\/\/salone.mg\/wp-content\/uploads\/2024\/03\/Nouilles_Crevette-scaled.png?v=1712057976","contentUrl":"https:\/\/salone.mg\/wp-content\/uploads\/2024\/03\/Nouilles_Crevette-scaled.png?v=1712057976","width":2560,"height":2560,"caption":"Publicit\u00e9 nouilles matsiro crevette"},{"@type":"BreadcrumbList","@id":"https:\/\/salone.mg\/produit\/nouilles-crevette\/#breadcrumb","itemListElement":[{"@type":"ListItem","position":1,"name":"Accueil","item":"https:\/\/salone.mg\/"},{"@type":"ListItem","position":2,"name":"Salone : Nouilles, Caf\u00e9s, Condiments, Aides Culinaires et Chips","item":"https:\/\/salone.mg\/nos-produits\/"},{"@type":"ListItem","position":3,"name":"Matsiro Saveur Crevette"}]},{"@type":"WebSite","@id":"https:\/\/salone.mg\/#website","url":"https:\/\/salone.mg\/","name":"Salone","description":"L&#039;excellence des saveurs au service de vos papilles","publisher":{"@id":"https:\/\/salone.mg\/#organization"},"potentialAction":[{"@type":"SearchAction","target":{"@type":"EntryPoint","urlTemplate":"https:\/\/salone.mg\/?s={search_term_string}"},"query-input":{"@type":"PropertyValueSpecification","valueRequired":true,"valueName":"search_term_string"}}],"inLanguage":"en-US"},{"@type":"Organization","@id":"https:\/\/salone.mg\/#organization","name":"Salone","url":"https:\/\/salone.mg\/","logo":{"@type":"ImageObject","inLanguage":"en-US","@id":"https:\/\/salone.mg\/#\/schema\/logo\/image\/","url":"https:\/\/salone.mg\/wp-content\/uploads\/2024\/03\/logo-nobg-.png","contentUrl":"https:\/\/salone.mg\/wp-content\/uploads\/2024\/03\/logo-nobg-.png","width":363,"height":294,"caption":"Salone"},"image":{"@id":"https:\/\/salone.mg\/#\/schema\/logo\/image\/"}}]}},"jetpack_sharing_enabled":true,"_links":{"self":[{"href":"https:\/\/salone.mg\/en\/wp-json\/wp\/v2\/product\/7650","targetHints":{"allow":["GET"]}}],"collection":[{"href":"https:\/\/salone.mg\/en\/wp-json\/wp\/v2\/product"}],"about":[{"href":"https:\/\/salone.mg\/en\/wp-json\/wp\/v2\/types\/product"}],"replies":[{"embeddable":true,"href":"https:\/\/salone.mg\/en\/wp-json\/wp\/v2\/comments?post=7650"}],"wp:featuredmedia":[{"embeddable":true,"href":"https:\/\/salone.mg\/en\/wp-json\/wp\/v2\/media\/7966"}],"wp:attachment":[{"href":"https:\/\/salone.mg\/en\/wp-json\/wp\/v2\/media?parent=7650"}],"wp:term":[{"taxonomy":"product_cat","embeddable":true,"href":"https:\/\/salone.mg\/en\/wp-json\/wp\/v2\/product_cat?post=7650"},{"taxonomy":"product_tag","embeddable":true,"href":"https:\/\/salone.mg\/en\/wp-json\/wp\/v2\/product_tag?post=7650"}],"curies":[{"name":"wp","href":"https:\/\/api.w.org\/{rel}","templated":true}]}}