{"id":11557,"date":"2026-02-02T07:58:24","date_gmt":"2026-02-02T06:58:24","guid":{"rendered":"https:\/\/salone.mg\/?post_type=product&#038;p=11557"},"modified":"2026-02-02T14:53:19","modified_gmt":"2026-02-02T13:53:19","slug":"scafe-1kg-robusta-grain","status":"publish","type":"product","link":"https:\/\/salone.mg\/en\/product\/scafe-1kg-robusta-grain\/","title":{"rendered":"S&rsquo;Caf\u00e9 1kg Robusta grain"},"content":{"rendered":"<div class=\"flex-1 overflow-hidden\">\n<div class=\"h-full\">\n<div class=\"react-scroll-to-bottom--css-lticb-79elbk h-full\">\n<div class=\"react-scroll-to-bottom--css-lticb-1n7m0yu\">\n<div class=\"flex flex-col text-sm\">\n<div class=\"w-full text-token-text-primary\" dir=\"auto\" data-testid=\"conversation-turn-31\" data-scroll-anchor=\"true\">\n<div class=\"text-base py-[18px] px-3 md:px-4 m-auto md:px-5 lg:px-1 xl:px-5\">\n<div class=\"mx-auto flex flex-1 gap-4 text-base md:gap-5 lg:gap-6 md:max-w-3xl\">\n<div class=\"group\/conversation-turn relative flex w-full min-w-0 flex-col agent-turn\">\n<div class=\"flex-col gap-1 md:gap-3\">\n<div class=\"flex max-w-full flex-col flex-grow\">\n<div class=\"min-h-[20px] text-message flex w-full flex-col items-end gap-2 whitespace-pre-wrap break-words [.text-message+&amp;]:mt-5 overflow-x-auto\" dir=\"auto\" data-message-author-role=\"assistant\" data-message-id=\"b3127314-1971-4565-b382-0d37a1fb0628\">\n<div class=\"flex w-full flex-col gap-1 empty:hidden first:pt-[3px]\">\n<div class=\"markdown prose w-full break-words dark:prose-invert light\">\n<p><strong>S\u2019Caf\u00e9 Robusta grain &#8211; 1 kg<\/strong><\/p>\n<p>D\u00e9couvrez le riche ar\u00f4me du caf\u00e9 S\u2019Caf\u00e9 Robusta, 100 % origine Madagascar. Ce caf\u00e9 en grain de 1 kg offre une exp\u00e9rience de d\u00e9gustation intense et pleine de caract\u00e8re, parfait pour les amateurs de caf\u00e9 robuste.<\/p>\n<p><strong>Caract\u00e9ristiques :<\/strong><\/p>\n<ul>\n<li><strong>Poids net<\/strong> : 1 kg<\/li>\n<li><strong>Ingr\u00e9dients<\/strong> : 100 % caf\u00e9 d\u2019origine Madagascar<\/li>\n<li><strong>Cat\u00e9gorie<\/strong> : Caf\u00e9s<\/li>\n<li><strong>Conditionnement<\/strong> : Carton de 10 sachets<\/li>\n<\/ul>\n<p><strong>Mode de conservation :<\/strong><\/p>\n<ul>\n<li>Conservez le caf\u00e9 en grain dans un endroit sec, \u00e0 temp\u00e9rature ambiante et \u00e0 l\u2019abri de l\u2019humidit\u00e9.<\/li>\n<\/ul>\n<p><strong>Mode de pr\u00e9paration :<\/strong><\/p>\n<ol>\n<li>Scellez le caf\u00e9 en grain dans un r\u00e9cipient herm\u00e9tique ou dans son emballage d\u2019origine scell\u00e9 sous vide.<\/li>\n<li><span data-teams=\"true\">Moulez les grains juste avant l\u2019extraction afin de pr\u00e9server pleinement les ar\u00f4mes.<\/span><\/li>\n<li>Utilisez de l\u2019eau fra\u00eeche et filtr\u00e9e ainsi qu\u2019une machine \u00e0 caf\u00e9 propre pour de meilleurs r\u00e9sultats.<\/li>\n<li>Pour 50 ml de caf\u00e9 avec un corsage standard, utilisez une cuill\u00e8re \u00e0 caf\u00e9 (environ 8 g) de caf\u00e9 moulu par tasse. Ajustez la dose selon vos pr\u00e9f\u00e9rences.<\/li>\n<\/ol>\n<p>Le S\u2019Caf\u00e9 Robusta en grain est id\u00e9al pour ceux qui recherchent une exp\u00e9rience caf\u00e9in\u00e9e intense et pleine de saveur. Son conditionnement en carton de 10 sachets assure une r\u00e9serve abondante pour tous vos moments caf\u00e9.<\/p>\n<\/div>\n<\/div>\n<\/div>\n<\/div>\n<\/div>\n<\/div>\n<\/div>\n<\/div>\n<\/div>\n<\/div>\n<\/div>\n<\/div>\n<\/div>\n<\/div>","protected":false},"excerpt":{"rendered":"<p>S\u2019Caf\u00e9 Robusta grain &#8211; 1 kg D\u00e9couvrez le riche ar\u00f4me du caf\u00e9 S\u2019Caf\u00e9 Robusta, 100 % origine Madagascar. Ce caf\u00e9 en grain de 1 kg offre une exp\u00e9rience de d\u00e9gustation intense et pleine de caract\u00e8re, parfait pour les amateurs de caf\u00e9 robuste. Caract\u00e9ristiques : Poids net : 1 kg Ingr\u00e9dients : 100 % caf\u00e9 d\u2019origine [&hellip;]<\/p>","protected":false},"featured_media":11576,"comment_status":"open","ping_status":"closed","template":"","meta":{"_acf_changed":false,"om_disable_all_campaigns":false,"inline_featured_image":false,"_monsterinsights_skip_tracking":false,"_monsterinsights_sitenote_active":false,"_monsterinsights_sitenote_note":"","_monsterinsights_sitenote_category":0,"_uf_show_specific_survey":0,"_uf_disable_surveys":false},"product_cat":[37],"product_tag":[],"class_list":{"0":"post-11557","1":"product","2":"type-product","3":"status-publish","4":"has-post-thumbnail","6":"product_cat-cafe","8":"first","9":"instock","10":"shipping-taxable","11":"product-type-simple"},"acf":[],"yoast_head":"<!-- This site is optimized with the Yoast SEO plugin v24.2 - https:\/\/yoast.com\/wordpress\/plugins\/seo\/ -->\n<title>S&#039;Caf\u00e9 Robusta 1kg - Conditionn\u00e9 en 15 Sachets | Salone<\/title>\n<meta name=\"description\" content=\"S\u2019Caf\u00e9 1 kg Robusta, 100 % origine Madagascar. Conditionnement en carton de 15 sachets. Conservez au sec pour une saveur optimale.\" \/>\n<meta name=\"robots\" content=\"index, follow, max-snippet:-1, max-image-preview:large, max-video-preview:-1\" \/>\n<link rel=\"canonical\" href=\"https:\/\/salone.mg\/en\/product\/scafe-1kg-robusta-grain\/\" \/>\n<meta property=\"og:locale\" content=\"en_US\" \/>\n<meta property=\"og:type\" content=\"article\" \/>\n<meta property=\"og:title\" content=\"S&#039;Caf\u00e9 Robusta 1kg - Conditionn\u00e9 en 15 Sachets | Salone\" \/>\n<meta property=\"og:description\" content=\"S\u2019Caf\u00e9 1 kg Robusta, 100 % origine Madagascar. Conditionnement en carton de 15 sachets. Conservez au sec pour une saveur optimale.\" \/>\n<meta property=\"og:url\" content=\"https:\/\/salone.mg\/en\/product\/scafe-1kg-robusta-grain\/\" \/>\n<meta property=\"og:site_name\" content=\"Salone\" \/>\n<meta property=\"article:modified_time\" content=\"2026-02-02T13:53:19+00:00\" \/>\n<meta property=\"og:image\" content=\"https:\/\/salone.mg\/wp-content\/uploads\/2026\/02\/Cafe-grain-1kg-robusta.jpg\" \/>\n\t<meta property=\"og:image:width\" content=\"800\" \/>\n\t<meta property=\"og:image:height\" content=\"800\" \/>\n\t<meta property=\"og:image:type\" content=\"image\/jpeg\" \/>\n<meta name=\"twitter:card\" content=\"summary_large_image\" \/>\n<meta name=\"twitter:label1\" content=\"Est. reading time\" \/>\n\t<meta name=\"twitter:data1\" content=\"2 minutes\" \/>\n<script type=\"application\/ld+json\" class=\"yoast-schema-graph\">{\"@context\":\"https:\/\/schema.org\",\"@graph\":[{\"@type\":\"WebPage\",\"@id\":\"https:\/\/salone.mg\/produit\/scafe-1kg-robusta-grain\/\",\"url\":\"https:\/\/salone.mg\/produit\/scafe-1kg-robusta-grain\/\",\"name\":\"S'Caf\u00e9 Robusta 1kg - Conditionn\u00e9 en 15 Sachets | Salone\",\"isPartOf\":{\"@id\":\"https:\/\/salone.mg\/#website\"},\"primaryImageOfPage\":{\"@id\":\"https:\/\/salone.mg\/produit\/scafe-1kg-robusta-grain\/#primaryimage\"},\"image\":{\"@id\":\"https:\/\/salone.mg\/produit\/scafe-1kg-robusta-grain\/#primaryimage\"},\"thumbnailUrl\":\"https:\/\/salone.mg\/wp-content\/uploads\/2026\/02\/Cafe-grain-1kg-robusta.jpg\",\"datePublished\":\"2026-02-02T06:58:24+00:00\",\"dateModified\":\"2026-02-02T13:53:19+00:00\",\"description\":\"S\u2019Caf\u00e9 1 kg Robusta, 100 % origine Madagascar. Conditionnement en carton de 15 sachets. Conservez au sec pour une saveur optimale.\",\"breadcrumb\":{\"@id\":\"https:\/\/salone.mg\/produit\/scafe-1kg-robusta-grain\/#breadcrumb\"},\"inLanguage\":\"en-US\",\"potentialAction\":[{\"@type\":\"ReadAction\",\"target\":[\"https:\/\/salone.mg\/produit\/scafe-1kg-robusta-grain\/\"]}]},{\"@type\":\"ImageObject\",\"inLanguage\":\"en-US\",\"@id\":\"https:\/\/salone.mg\/produit\/scafe-1kg-robusta-grain\/#primaryimage\",\"url\":\"https:\/\/salone.mg\/wp-content\/uploads\/2026\/02\/Cafe-grain-1kg-robusta.jpg\",\"contentUrl\":\"https:\/\/salone.mg\/wp-content\/uploads\/2026\/02\/Cafe-grain-1kg-robusta.jpg\",\"width\":800,\"height\":800},{\"@type\":\"BreadcrumbList\",\"@id\":\"https:\/\/salone.mg\/produit\/scafe-1kg-robusta-grain\/#breadcrumb\",\"itemListElement\":[{\"@type\":\"ListItem\",\"position\":1,\"name\":\"Accueil\",\"item\":\"https:\/\/salone.mg\/\"},{\"@type\":\"ListItem\",\"position\":2,\"name\":\"Salone : Nouilles, Caf\u00e9s, Condiments, Aides Culinaires et Chips\",\"item\":\"https:\/\/salone.mg\/nos-produits\/\"},{\"@type\":\"ListItem\",\"position\":3,\"name\":\"S&#8217;Caf\u00e9 1kg Robusta grain\"}]},{\"@type\":\"WebSite\",\"@id\":\"https:\/\/salone.mg\/#website\",\"url\":\"https:\/\/salone.mg\/\",\"name\":\"Salone\",\"description\":\"L&#039;excellence des saveurs au service de vos papilles\",\"publisher\":{\"@id\":\"https:\/\/salone.mg\/#organization\"},\"potentialAction\":[{\"@type\":\"SearchAction\",\"target\":{\"@type\":\"EntryPoint\",\"urlTemplate\":\"https:\/\/salone.mg\/?s={search_term_string}\"},\"query-input\":{\"@type\":\"PropertyValueSpecification\",\"valueRequired\":true,\"valueName\":\"search_term_string\"}}],\"inLanguage\":\"en-US\"},{\"@type\":\"Organization\",\"@id\":\"https:\/\/salone.mg\/#organization\",\"name\":\"Salone\",\"url\":\"https:\/\/salone.mg\/\",\"logo\":{\"@type\":\"ImageObject\",\"inLanguage\":\"en-US\",\"@id\":\"https:\/\/salone.mg\/#\/schema\/logo\/image\/\",\"url\":\"https:\/\/salone.mg\/wp-content\/uploads\/2024\/03\/logo-nobg-.png\",\"contentUrl\":\"https:\/\/salone.mg\/wp-content\/uploads\/2024\/03\/logo-nobg-.png\",\"width\":363,\"height\":294,\"caption\":\"Salone\"},\"image\":{\"@id\":\"https:\/\/salone.mg\/#\/schema\/logo\/image\/\"}}]}<\/script>\n<!-- \/ Yoast SEO plugin. -->","yoast_head_json":{"title":"S'Caf\u00e9 Robusta 1kg - Conditionn\u00e9 en 15 Sachets | Salone","description":"S\u2019Caf\u00e9 1 kg Robusta, 100 % origine Madagascar. Conditionnement en carton de 15 sachets. Conservez au sec pour une saveur optimale.","robots":{"index":"index","follow":"follow","max-snippet":"max-snippet:-1","max-image-preview":"max-image-preview:large","max-video-preview":"max-video-preview:-1"},"canonical":"https:\/\/salone.mg\/en\/product\/scafe-1kg-robusta-grain\/","og_locale":"en_US","og_type":"article","og_title":"S'Caf\u00e9 Robusta 1kg - Conditionn\u00e9 en 15 Sachets | Salone","og_description":"S\u2019Caf\u00e9 1 kg Robusta, 100 % origine Madagascar. Conditionnement en carton de 15 sachets. Conservez au sec pour une saveur optimale.","og_url":"https:\/\/salone.mg\/en\/product\/scafe-1kg-robusta-grain\/","og_site_name":"Salone","article_modified_time":"2026-02-02T13:53:19+00:00","og_image":[{"width":800,"height":800,"url":"https:\/\/salone.mg\/wp-content\/uploads\/2026\/02\/Cafe-grain-1kg-robusta.jpg","type":"image\/jpeg"}],"twitter_card":"summary_large_image","twitter_misc":{"Est. reading time":"2 minutes"},"schema":{"@context":"https:\/\/schema.org","@graph":[{"@type":"WebPage","@id":"https:\/\/salone.mg\/produit\/scafe-1kg-robusta-grain\/","url":"https:\/\/salone.mg\/produit\/scafe-1kg-robusta-grain\/","name":"S'Caf\u00e9 Robusta 1kg - Conditionn\u00e9 en 15 Sachets | Salone","isPartOf":{"@id":"https:\/\/salone.mg\/#website"},"primaryImageOfPage":{"@id":"https:\/\/salone.mg\/produit\/scafe-1kg-robusta-grain\/#primaryimage"},"image":{"@id":"https:\/\/salone.mg\/produit\/scafe-1kg-robusta-grain\/#primaryimage"},"thumbnailUrl":"https:\/\/salone.mg\/wp-content\/uploads\/2026\/02\/Cafe-grain-1kg-robusta.jpg","datePublished":"2026-02-02T06:58:24+00:00","dateModified":"2026-02-02T13:53:19+00:00","description":"S\u2019Caf\u00e9 1 kg Robusta, 100 % origine Madagascar. Conditionnement en carton de 15 sachets. Conservez au sec pour une saveur optimale.","breadcrumb":{"@id":"https:\/\/salone.mg\/produit\/scafe-1kg-robusta-grain\/#breadcrumb"},"inLanguage":"en-US","potentialAction":[{"@type":"ReadAction","target":["https:\/\/salone.mg\/produit\/scafe-1kg-robusta-grain\/"]}]},{"@type":"ImageObject","inLanguage":"en-US","@id":"https:\/\/salone.mg\/produit\/scafe-1kg-robusta-grain\/#primaryimage","url":"https:\/\/salone.mg\/wp-content\/uploads\/2026\/02\/Cafe-grain-1kg-robusta.jpg","contentUrl":"https:\/\/salone.mg\/wp-content\/uploads\/2026\/02\/Cafe-grain-1kg-robusta.jpg","width":800,"height":800},{"@type":"BreadcrumbList","@id":"https:\/\/salone.mg\/produit\/scafe-1kg-robusta-grain\/#breadcrumb","itemListElement":[{"@type":"ListItem","position":1,"name":"Accueil","item":"https:\/\/salone.mg\/"},{"@type":"ListItem","position":2,"name":"Salone : Nouilles, Caf\u00e9s, Condiments, Aides Culinaires et Chips","item":"https:\/\/salone.mg\/nos-produits\/"},{"@type":"ListItem","position":3,"name":"S&#8217;Caf\u00e9 1kg Robusta grain"}]},{"@type":"WebSite","@id":"https:\/\/salone.mg\/#website","url":"https:\/\/salone.mg\/","name":"Salone","description":"L&#039;excellence des saveurs au service de vos papilles","publisher":{"@id":"https:\/\/salone.mg\/#organization"},"potentialAction":[{"@type":"SearchAction","target":{"@type":"EntryPoint","urlTemplate":"https:\/\/salone.mg\/?s={search_term_string}"},"query-input":{"@type":"PropertyValueSpecification","valueRequired":true,"valueName":"search_term_string"}}],"inLanguage":"en-US"},{"@type":"Organization","@id":"https:\/\/salone.mg\/#organization","name":"Salone","url":"https:\/\/salone.mg\/","logo":{"@type":"ImageObject","inLanguage":"en-US","@id":"https:\/\/salone.mg\/#\/schema\/logo\/image\/","url":"https:\/\/salone.mg\/wp-content\/uploads\/2024\/03\/logo-nobg-.png","contentUrl":"https:\/\/salone.mg\/wp-content\/uploads\/2024\/03\/logo-nobg-.png","width":363,"height":294,"caption":"Salone"},"image":{"@id":"https:\/\/salone.mg\/#\/schema\/logo\/image\/"}}]}},"jetpack_sharing_enabled":true,"_links":{"self":[{"href":"https:\/\/salone.mg\/en\/wp-json\/wp\/v2\/product\/11557","targetHints":{"allow":["GET"]}}],"collection":[{"href":"https:\/\/salone.mg\/en\/wp-json\/wp\/v2\/product"}],"about":[{"href":"https:\/\/salone.mg\/en\/wp-json\/wp\/v2\/types\/product"}],"replies":[{"embeddable":true,"href":"https:\/\/salone.mg\/en\/wp-json\/wp\/v2\/comments?post=11557"}],"wp:featuredmedia":[{"embeddable":true,"href":"https:\/\/salone.mg\/en\/wp-json\/wp\/v2\/media\/11576"}],"wp:attachment":[{"href":"https:\/\/salone.mg\/en\/wp-json\/wp\/v2\/media?parent=11557"}],"wp:term":[{"taxonomy":"product_cat","embeddable":true,"href":"https:\/\/salone.mg\/en\/wp-json\/wp\/v2\/product_cat?post=11557"},{"taxonomy":"product_tag","embeddable":true,"href":"https:\/\/salone.mg\/en\/wp-json\/wp\/v2\/product_tag?post=11557"}],"curies":[{"name":"wp","href":"https:\/\/api.w.org\/{rel}","templated":true}]}}