{"id":8034,"date":"2024-04-03T15:05:41","date_gmt":"2024-04-03T13:05:41","guid":{"rendered":"https:\/\/salone.mg\/?page_id=8034"},"modified":"2024-07-16T13:03:29","modified_gmt":"2024-07-16T11:03:29","slug":"politique-de-confidentialite","status":"publish","type":"page","link":"https:\/\/salone.mg\/en\/politique-de-confidentialite\/","title":{"rendered":"Politique de Confidentialit\u00e9"},"content":{"rendered":"<div data-elementor-type=\"wp-page\" data-elementor-id=\"8034\" class=\"elementor elementor-8034\" data-elementor-post-type=\"page\">\n\t\t\t\t<div class=\"elementor-element elementor-element-1848a1a e-flex e-con-boxed e-con e-parent\" data-id=\"1848a1a\" data-element_type=\"container\" data-core-v316-plus=\"true\">\n\t\t\t\t\t<div class=\"e-con-inner\">\n\t\t\t\t<div class=\"elementor-element elementor-element-14e7b1e elementor-widget elementor-widget-text-editor\" data-id=\"14e7b1e\" data-element_type=\"widget\" data-widget_type=\"text-editor.default\">\n\t\t\t\t<div class=\"elementor-widget-container\">\n\t\t\t<style>\/*! elementor - v3.20.0 - 26-03-2024 *\/\n.elementor-widget-text-editor.elementor-drop-cap-view-stacked .elementor-drop-cap{background-color:#69727d;color:#fff}.elementor-widget-text-editor.elementor-drop-cap-view-framed .elementor-drop-cap{color:#69727d;border:3px solid;background-color:transparent}.elementor-widget-text-editor:not(.elementor-drop-cap-view-default) .elementor-drop-cap{margin-top:8px}.elementor-widget-text-editor:not(.elementor-drop-cap-view-default) .elementor-drop-cap-letter{width:1em;height:1em}.elementor-widget-text-editor .elementor-drop-cap{float:left;text-align:center;line-height:1;font-size:50px}.elementor-widget-text-editor .elementor-drop-cap-letter{display:inline-block}<\/style>\t\t\t\t<h1>1. Collecte de vos informations personnelles<\/h1><p>Nous attachons une grande importance \u00e0 la protection de vos donn\u00e9es personnelles. Cette politique de confidentialit\u00e9 des donn\u00e9es explique comment nous collectons, utilisons, divulguons et prot\u00e9geons vos donn\u00e9es personnelles.<\/p><h6>2. Cookies et technologies similaires<\/h6><p>Nous utilisons des cookies et d&rsquo;autres technologies similaires pour am\u00e9liorer votre exp\u00e9rience utilisateur sur notre site web. Vous pouvez contr\u00f4ler l&rsquo;utilisation des cookies dans les param\u00e8tres de votre navigateur.<\/p><h6>3. Divulgation des donn\u00e9es personnelles<\/h6><p>Nous ne divulguons vos donn\u00e9es personnelles \u00e0 des tiers que dans les cas suivants : lorsque cela est n\u00e9cessaire pour fournir un service que vous avez demand\u00e9, lorsque nous y sommes l\u00e9galement tenus, ou lorsque vous avez donn\u00e9 votre consentement.<\/p><h6>4. S\u00e9curit\u00e9 des donn\u00e9es<\/h6><p>Nous mettons en place des mesures de s\u00e9curit\u00e9 pour prot\u00e9ger vos donn\u00e9es personnelles contre tout acc\u00e8s, utilisation ou divulgation non autoris\u00e9s.<\/p><h6>5. Acc\u00e8s et modification de vos donn\u00e9es personnelles<\/h6><p>Vous pouvez acc\u00e9der \u00e0 vos donn\u00e9es personnelles et les modifier \u00e0 tout moment en nous contactant \u00e0 l&rsquo;adresse suivante :web@salone.mg.<\/p><h6>6. Conservation des donn\u00e9es<\/h6><p>Nous conservons vos donn\u00e9es personnelles aussi longtemps que n\u00e9cessaire pour remplir les objectifs d\u00e9crits dans cette politique de confidentialit\u00e9, sauf si une p\u00e9riode de conservation plus longue est requise ou autoris\u00e9e par la loi.<\/p><h6>7. Modifications de notre politique de confidentialit\u00e9<\/h6><p>Nous pouvons mettre \u00e0 jour notre politique de confidentialit\u00e9 de temps \u00e0 autre. Nous vous recommandons de consulter r\u00e9guli\u00e8rement cette page pour vous tenir inform\u00e9 des \u00e9ventuelles modifications.<\/p><h6>8. Nous contacter<\/h6><p>Si vous avez des questions concernant notre politique de confidentialit\u00e9 des donn\u00e9es, vous pouvez nous contacter \u00e0 l&rsquo;adresse suivante : web@salone.mg.<\/p>\t\t\t\t\t\t<\/div>\n\t\t\t\t<\/div>\n\t\t\t\t\t<\/div>\n\t\t\t\t<\/div>\n\t\t\t\t<\/div>","protected":false},"excerpt":{"rendered":"<p>1. Collecte de vos informations personnelles Nous attachons une grande importance \u00e0 la protection de vos donn\u00e9es personnelles. Cette politique de confidentialit\u00e9 des donn\u00e9es explique comment nous collectons, utilisons, divulguons et prot\u00e9geons vos donn\u00e9es personnelles. 2. Cookies et technologies similaires Nous utilisons des cookies et d&rsquo;autres technologies similaires pour am\u00e9liorer votre exp\u00e9rience utilisateur sur notre [&hellip;]<\/p>","protected":false},"author":1,"featured_media":0,"parent":0,"menu_order":0,"comment_status":"closed","ping_status":"closed","template":"","meta":{"_acf_changed":false,"om_disable_all_campaigns":false,"inline_featured_image":false,"_monsterinsights_skip_tracking":false,"_monsterinsights_sitenote_active":false,"_monsterinsights_sitenote_note":"","_monsterinsights_sitenote_category":0,"_uf_show_specific_survey":0,"_uf_disable_surveys":false,"footnotes":""},"class_list":["post-8034","page","type-page","status-publish","hentry"],"acf":[],"yoast_head":"<!-- This site is optimized with the Yoast SEO plugin v24.2 - https:\/\/yoast.com\/wordpress\/plugins\/seo\/ -->\n<title>Politique de Confidentialit\u00e9 - Salone<\/title>\n<meta name=\"robots\" content=\"index, follow, max-snippet:-1, max-image-preview:large, max-video-preview:-1\" \/>\n<link rel=\"canonical\" href=\"https:\/\/salone.mg\/en\/politique-de-confidentialite\/\" \/>\n<meta property=\"og:locale\" content=\"en_US\" \/>\n<meta property=\"og:type\" content=\"article\" \/>\n<meta property=\"og:title\" content=\"Politique de Confidentialit\u00e9 - Salone\" \/>\n<meta property=\"og:description\" content=\"1. Collecte de vos informations personnelles Nous attachons une grande importance \u00e0 la protection de vos donn\u00e9es personnelles. Cette politique de confidentialit\u00e9 des donn\u00e9es explique comment nous collectons, utilisons, divulguons et prot\u00e9geons vos donn\u00e9es personnelles. 2. Cookies et technologies similaires Nous utilisons des cookies et d&rsquo;autres technologies similaires pour am\u00e9liorer votre exp\u00e9rience utilisateur sur notre [&hellip;]\" \/>\n<meta property=\"og:url\" content=\"https:\/\/salone.mg\/en\/politique-de-confidentialite\/\" \/>\n<meta property=\"og:site_name\" content=\"Salone\" \/>\n<meta property=\"article:modified_time\" content=\"2024-07-16T11:03:29+00:00\" \/>\n<meta name=\"twitter:card\" content=\"summary_large_image\" \/>\n<meta name=\"twitter:label1\" content=\"Est. reading time\" \/>\n\t<meta name=\"twitter:data1\" content=\"2 minutes\" \/>\n<script type=\"application\/ld+json\" class=\"yoast-schema-graph\">{\"@context\":\"https:\/\/schema.org\",\"@graph\":[{\"@type\":\"WebPage\",\"@id\":\"https:\/\/salone.mg\/politique-de-confidentialite\/\",\"url\":\"https:\/\/salone.mg\/politique-de-confidentialite\/\",\"name\":\"Politique de Confidentialit\u00e9 - Salone\",\"isPartOf\":{\"@id\":\"https:\/\/salone.mg\/#website\"},\"datePublished\":\"2024-04-03T13:05:41+00:00\",\"dateModified\":\"2024-07-16T11:03:29+00:00\",\"breadcrumb\":{\"@id\":\"https:\/\/salone.mg\/politique-de-confidentialite\/#breadcrumb\"},\"inLanguage\":\"en-US\",\"potentialAction\":[{\"@type\":\"ReadAction\",\"target\":[\"https:\/\/salone.mg\/politique-de-confidentialite\/\"]}]},{\"@type\":\"BreadcrumbList\",\"@id\":\"https:\/\/salone.mg\/politique-de-confidentialite\/#breadcrumb\",\"itemListElement\":[{\"@type\":\"ListItem\",\"position\":1,\"name\":\"Accueil\",\"item\":\"https:\/\/salone.mg\/\"},{\"@type\":\"ListItem\",\"position\":2,\"name\":\"Politique de Confidentialit\u00e9\"}]},{\"@type\":\"WebSite\",\"@id\":\"https:\/\/salone.mg\/#website\",\"url\":\"https:\/\/salone.mg\/\",\"name\":\"Salone\",\"description\":\"L&#039;excellence des saveurs au service de vos papilles\",\"publisher\":{\"@id\":\"https:\/\/salone.mg\/#organization\"},\"potentialAction\":[{\"@type\":\"SearchAction\",\"target\":{\"@type\":\"EntryPoint\",\"urlTemplate\":\"https:\/\/salone.mg\/?s={search_term_string}\"},\"query-input\":{\"@type\":\"PropertyValueSpecification\",\"valueRequired\":true,\"valueName\":\"search_term_string\"}}],\"inLanguage\":\"en-US\"},{\"@type\":\"Organization\",\"@id\":\"https:\/\/salone.mg\/#organization\",\"name\":\"Salone\",\"url\":\"https:\/\/salone.mg\/\",\"logo\":{\"@type\":\"ImageObject\",\"inLanguage\":\"en-US\",\"@id\":\"https:\/\/salone.mg\/#\/schema\/logo\/image\/\",\"url\":\"https:\/\/salone.mg\/wp-content\/uploads\/2024\/03\/logo-nobg-.png\",\"contentUrl\":\"https:\/\/salone.mg\/wp-content\/uploads\/2024\/03\/logo-nobg-.png\",\"width\":363,\"height\":294,\"caption\":\"Salone\"},\"image\":{\"@id\":\"https:\/\/salone.mg\/#\/schema\/logo\/image\/\"}}]}<\/script>\n<!-- \/ Yoast SEO plugin. -->","yoast_head_json":{"title":"Politique de Confidentialit\u00e9 - Salone","robots":{"index":"index","follow":"follow","max-snippet":"max-snippet:-1","max-image-preview":"max-image-preview:large","max-video-preview":"max-video-preview:-1"},"canonical":"https:\/\/salone.mg\/en\/politique-de-confidentialite\/","og_locale":"en_US","og_type":"article","og_title":"Politique de Confidentialit\u00e9 - Salone","og_description":"1. Collecte de vos informations personnelles Nous attachons une grande importance \u00e0 la protection de vos donn\u00e9es personnelles. Cette politique de confidentialit\u00e9 des donn\u00e9es explique comment nous collectons, utilisons, divulguons et prot\u00e9geons vos donn\u00e9es personnelles. 2. Cookies et technologies similaires Nous utilisons des cookies et d&rsquo;autres technologies similaires pour am\u00e9liorer votre exp\u00e9rience utilisateur sur notre [&hellip;]","og_url":"https:\/\/salone.mg\/en\/politique-de-confidentialite\/","og_site_name":"Salone","article_modified_time":"2024-07-16T11:03:29+00:00","twitter_card":"summary_large_image","twitter_misc":{"Est. reading time":"2 minutes"},"schema":{"@context":"https:\/\/schema.org","@graph":[{"@type":"WebPage","@id":"https:\/\/salone.mg\/politique-de-confidentialite\/","url":"https:\/\/salone.mg\/politique-de-confidentialite\/","name":"Politique de Confidentialit\u00e9 - Salone","isPartOf":{"@id":"https:\/\/salone.mg\/#website"},"datePublished":"2024-04-03T13:05:41+00:00","dateModified":"2024-07-16T11:03:29+00:00","breadcrumb":{"@id":"https:\/\/salone.mg\/politique-de-confidentialite\/#breadcrumb"},"inLanguage":"en-US","potentialAction":[{"@type":"ReadAction","target":["https:\/\/salone.mg\/politique-de-confidentialite\/"]}]},{"@type":"BreadcrumbList","@id":"https:\/\/salone.mg\/politique-de-confidentialite\/#breadcrumb","itemListElement":[{"@type":"ListItem","position":1,"name":"Accueil","item":"https:\/\/salone.mg\/"},{"@type":"ListItem","position":2,"name":"Politique de Confidentialit\u00e9"}]},{"@type":"WebSite","@id":"https:\/\/salone.mg\/#website","url":"https:\/\/salone.mg\/","name":"Salone","description":"L&#039;excellence des saveurs au service de vos papilles","publisher":{"@id":"https:\/\/salone.mg\/#organization"},"potentialAction":[{"@type":"SearchAction","target":{"@type":"EntryPoint","urlTemplate":"https:\/\/salone.mg\/?s={search_term_string}"},"query-input":{"@type":"PropertyValueSpecification","valueRequired":true,"valueName":"search_term_string"}}],"inLanguage":"en-US"},{"@type":"Organization","@id":"https:\/\/salone.mg\/#organization","name":"Salone","url":"https:\/\/salone.mg\/","logo":{"@type":"ImageObject","inLanguage":"en-US","@id":"https:\/\/salone.mg\/#\/schema\/logo\/image\/","url":"https:\/\/salone.mg\/wp-content\/uploads\/2024\/03\/logo-nobg-.png","contentUrl":"https:\/\/salone.mg\/wp-content\/uploads\/2024\/03\/logo-nobg-.png","width":363,"height":294,"caption":"Salone"},"image":{"@id":"https:\/\/salone.mg\/#\/schema\/logo\/image\/"}}]}},"jetpack_sharing_enabled":true,"_links":{"self":[{"href":"https:\/\/salone.mg\/en\/wp-json\/wp\/v2\/pages\/8034","targetHints":{"allow":["GET"]}}],"collection":[{"href":"https:\/\/salone.mg\/en\/wp-json\/wp\/v2\/pages"}],"about":[{"href":"https:\/\/salone.mg\/en\/wp-json\/wp\/v2\/types\/page"}],"author":[{"embeddable":true,"href":"https:\/\/salone.mg\/en\/wp-json\/wp\/v2\/users\/1"}],"replies":[{"embeddable":true,"href":"https:\/\/salone.mg\/en\/wp-json\/wp\/v2\/comments?post=8034"}],"version-history":[{"count":0,"href":"https:\/\/salone.mg\/en\/wp-json\/wp\/v2\/pages\/8034\/revisions"}],"wp:attachment":[{"href":"https:\/\/salone.mg\/en\/wp-json\/wp\/v2\/media?parent=8034"}],"curies":[{"name":"wp","href":"https:\/\/api.w.org\/{rel}","templated":true}]}}