{"id":8018,"date":"2024-04-03T13:56:06","date_gmt":"2024-04-03T11:56:06","guid":{"rendered":"https:\/\/salone.mg\/?page_id=8018"},"modified":"2024-08-16T07:45:56","modified_gmt":"2024-08-16T05:45:56","slug":"mentions-legales","status":"publish","type":"page","link":"https:\/\/salone.mg\/en\/mentions-legales\/","title":{"rendered":"MENTIONS L\u00c9GALES"},"content":{"rendered":"<div data-elementor-type=\"wp-page\" data-elementor-id=\"8018\" class=\"elementor elementor-8018\" data-elementor-post-type=\"page\">\n\t\t\t\t<div class=\"elementor-element elementor-element-1848a1a e-flex e-con-boxed e-con e-parent\" data-id=\"1848a1a\" data-element_type=\"container\" data-core-v316-plus=\"true\">\n\t\t\t\t\t<div class=\"e-con-inner\">\n\t\t\t\t<div class=\"elementor-element elementor-element-14e7b1e elementor-widget elementor-widget-text-editor\" data-id=\"14e7b1e\" data-element_type=\"widget\" data-widget_type=\"text-editor.default\">\n\t\t\t\t<div class=\"elementor-widget-container\">\n\t\t\t<style>\/*! elementor - v3.20.0 - 26-03-2024 *\/\n.elementor-widget-text-editor.elementor-drop-cap-view-stacked .elementor-drop-cap{background-color:#69727d;color:#fff}.elementor-widget-text-editor.elementor-drop-cap-view-framed .elementor-drop-cap{color:#69727d;border:3px solid;background-color:transparent}.elementor-widget-text-editor:not(.elementor-drop-cap-view-default) .elementor-drop-cap{margin-top:8px}.elementor-widget-text-editor:not(.elementor-drop-cap-view-default) .elementor-drop-cap-letter{width:1em;height:1em}.elementor-widget-text-editor .elementor-drop-cap{float:left;text-align:center;line-height:1;font-size:50px}.elementor-widget-text-editor .elementor-drop-cap-letter{display:inline-block}<\/style>\t\t\t\t<h1><b>MENTIONS L\u00c9GALES<\/b><\/h1><p>Merci de lire avec attention les diff\u00e9rentes modalit\u00e9s d\u2019utilisation du pr\u00e9sent site avant d\u2019y parcourir ses pages. En vous connectant sur ce site, vous acceptez sans r\u00e9serve les pr\u00e9sentes modalit\u00e9s.<\/p><p><b>INFORMATIONS SUR LE SITE<\/b><\/p><p>Nom de l&rsquo;entreprise : Salone<\/p><p>Adresse du si\u00e8ge social : Zone Forello Tanjombato Antananarivo, 102<\/p><p>Num\u00e9ro de t\u00e9l\u00e9phone : 020 22 462 26<\/p><p>Adresse e-mail : web@salone.mg<\/p><p>H\u00e9bergeur du site : Simafri Madagascar<\/p><p>Adresse Postale de l\u2019h\u00e9bergeur : Lot 95 Belle-Vue Ambatobe<br \/>101 Antananarivo<br \/>Madagascar<\/p><p><b>PROPRI\u00c9T\u00c9 INTELLECTUELLE<\/b><\/p><p>L&rsquo;ensemble du contenu du site internet, notamment les textes, images, vid\u00e9os, logos, graphismes, dessins, marques, logiciels, bases de donn\u00e9es, est la propri\u00e9t\u00e9 exclusive de l\u2019entreprise Salone. Toute reproduction, repr\u00e9sentation, diffusion, modification, alt\u00e9ration, totale ou partielle, du contenu du site internet salone.mg, sans l&rsquo;autorisation expresse et pr\u00e9alable, est strictement interdite et constitue un d\u00e9lit de contrefa\u00e7on.<\/p><p><b>DESCRIPTION DES SERVICES FOURNIS<\/b><\/p><p>On s\u2019efforce de fournir sur ce site des informations aussi pr\u00e9cises que possible. Toutefois, il ne pourra \u00eatre tenu responsable des omissions, des inexactitudes et des carences dans la mise \u00e0 jour.<\/p><p><b>MISE \u00c0 JOUR<\/b><\/p><p>Les pr\u00e9sentes mentions l\u00e9gales peuvent \u00eatre modifi\u00e9es \u00e0 tout moment par l&rsquo;entreprise Salone. Les utilisateurs du site internet sont invit\u00e9s \u00e0 les consulter r\u00e9guli\u00e8rement.<\/p>\t\t\t\t\t\t<\/div>\n\t\t\t\t<\/div>\n\t\t\t\t\t<\/div>\n\t\t\t\t<\/div>\n\t\t\t\t<\/div>","protected":false},"excerpt":{"rendered":"<p>MENTIONS L\u00c9GALES Merci de lire avec attention les diff\u00e9rentes modalit\u00e9s d\u2019utilisation du pr\u00e9sent site avant d\u2019y parcourir ses pages. En vous connectant sur ce site, vous acceptez sans r\u00e9serve les pr\u00e9sentes modalit\u00e9s. INFORMATIONS SUR LE SITE Nom de l&rsquo;entreprise : Salone Adresse du si\u00e8ge social : Zone Forello Tanjombato Antananarivo, 102 Num\u00e9ro de t\u00e9l\u00e9phone : [&hellip;]<\/p>\n","protected":false},"author":1,"featured_media":0,"parent":0,"menu_order":0,"comment_status":"closed","ping_status":"closed","template":"","meta":{"_acf_changed":false,"om_disable_all_campaigns":false,"inline_featured_image":false,"_monsterinsights_skip_tracking":false,"_monsterinsights_sitenote_active":false,"_monsterinsights_sitenote_note":"","_monsterinsights_sitenote_category":0,"_uf_show_specific_survey":0,"_uf_disable_surveys":false,"footnotes":""},"class_list":["post-8018","page","type-page","status-publish","hentry"],"acf":[],"yoast_head":"<!-- This site is optimized with the Yoast SEO plugin v27.4 - https:\/\/yoast.com\/product\/yoast-seo-wordpress\/ -->\n<title>Mentions l\u00e9gales \u2013 informations et conformit\u00e9 sur notre site<\/title>\n<meta name=\"description\" content=\"Consultez nos mentions l\u00e9gales pour des d\u00e9tails sur la conformit\u00e9 et les informations l\u00e9gales. D\u00e9couvrez toutes nos obligations l\u00e9gales.\" \/>\n<meta name=\"robots\" content=\"index, follow, max-snippet:-1, max-image-preview:large, max-video-preview:-1\" \/>\n<link rel=\"canonical\" href=\"https:\/\/salone.mg\/en\/mentions-legales\/\" \/>\n<meta property=\"og:locale\" content=\"en_US\" \/>\n<meta property=\"og:type\" content=\"article\" \/>\n<meta property=\"og:title\" content=\"Mentions l\u00e9gales \u2013 informations et conformit\u00e9 sur notre site\" \/>\n<meta property=\"og:description\" content=\"Consultez nos mentions l\u00e9gales pour des d\u00e9tails sur la conformit\u00e9 et les informations l\u00e9gales. D\u00e9couvrez toutes nos obligations l\u00e9gales.\" \/>\n<meta property=\"og:url\" content=\"https:\/\/salone.mg\/en\/mentions-legales\/\" \/>\n<meta property=\"og:site_name\" content=\"Salone\" \/>\n<meta property=\"article:modified_time\" content=\"2024-08-16T05:45:56+00:00\" \/>\n<meta name=\"twitter:card\" content=\"summary_large_image\" \/>\n<meta name=\"twitter:label1\" content=\"Est. reading time\" \/>\n\t<meta name=\"twitter:data1\" content=\"1 minute\" \/>\n<script type=\"application\/ld+json\" class=\"yoast-schema-graph\">{\"@context\":\"https:\\\/\\\/schema.org\",\"@graph\":[{\"@type\":\"WebPage\",\"@id\":\"https:\\\/\\\/salone.mg\\\/mentions-legales\\\/\",\"url\":\"https:\\\/\\\/salone.mg\\\/mentions-legales\\\/\",\"name\":\"Mentions l\u00e9gales \u2013 informations et conformit\u00e9 sur notre site\",\"isPartOf\":{\"@id\":\"https:\\\/\\\/salone.mg\\\/#website\"},\"datePublished\":\"2024-04-03T11:56:06+00:00\",\"dateModified\":\"2024-08-16T05:45:56+00:00\",\"description\":\"Consultez nos mentions l\u00e9gales pour des d\u00e9tails sur la conformit\u00e9 et les informations l\u00e9gales. D\u00e9couvrez toutes nos obligations l\u00e9gales.\",\"breadcrumb\":{\"@id\":\"https:\\\/\\\/salone.mg\\\/mentions-legales\\\/#breadcrumb\"},\"inLanguage\":\"en-US\",\"potentialAction\":[{\"@type\":\"ReadAction\",\"target\":[\"https:\\\/\\\/salone.mg\\\/mentions-legales\\\/\"]}]},{\"@type\":\"BreadcrumbList\",\"@id\":\"https:\\\/\\\/salone.mg\\\/mentions-legales\\\/#breadcrumb\",\"itemListElement\":[{\"@type\":\"ListItem\",\"position\":1,\"name\":\"Accueil\",\"item\":\"https:\\\/\\\/salone.mg\\\/\"},{\"@type\":\"ListItem\",\"position\":2,\"name\":\"MENTIONS L\u00c9GALES\"}]},{\"@type\":\"WebSite\",\"@id\":\"https:\\\/\\\/salone.mg\\\/#website\",\"url\":\"https:\\\/\\\/salone.mg\\\/\",\"name\":\"Salone\",\"description\":\"L&#039;excellence des saveurs au service de vos papilles\",\"publisher\":{\"@id\":\"https:\\\/\\\/salone.mg\\\/#organization\"},\"potentialAction\":[{\"@type\":\"SearchAction\",\"target\":{\"@type\":\"EntryPoint\",\"urlTemplate\":\"https:\\\/\\\/salone.mg\\\/?s={search_term_string}\"},\"query-input\":{\"@type\":\"PropertyValueSpecification\",\"valueRequired\":true,\"valueName\":\"search_term_string\"}}],\"inLanguage\":\"en-US\"},{\"@type\":\"Organization\",\"@id\":\"https:\\\/\\\/salone.mg\\\/#organization\",\"name\":\"Salone\",\"url\":\"https:\\\/\\\/salone.mg\\\/\",\"logo\":{\"@type\":\"ImageObject\",\"inLanguage\":\"en-US\",\"@id\":\"https:\\\/\\\/salone.mg\\\/#\\\/schema\\\/logo\\\/image\\\/\",\"url\":\"https:\\\/\\\/salone.mg\\\/wp-content\\\/uploads\\\/2024\\\/03\\\/logo-nobg-.png\",\"contentUrl\":\"https:\\\/\\\/salone.mg\\\/wp-content\\\/uploads\\\/2024\\\/03\\\/logo-nobg-.png\",\"width\":363,\"height\":294,\"caption\":\"Salone\"},\"image\":{\"@id\":\"https:\\\/\\\/salone.mg\\\/#\\\/schema\\\/logo\\\/image\\\/\"}}]}<\/script>\n<!-- \/ Yoast SEO plugin. -->","yoast_head_json":{"title":"Mentions l\u00e9gales \u2013 informations et conformit\u00e9 sur notre site","description":"Consultez nos mentions l\u00e9gales pour des d\u00e9tails sur la conformit\u00e9 et les informations l\u00e9gales. D\u00e9couvrez toutes nos obligations l\u00e9gales.","robots":{"index":"index","follow":"follow","max-snippet":"max-snippet:-1","max-image-preview":"max-image-preview:large","max-video-preview":"max-video-preview:-1"},"canonical":"https:\/\/salone.mg\/en\/mentions-legales\/","og_locale":"en_US","og_type":"article","og_title":"Mentions l\u00e9gales \u2013 informations et conformit\u00e9 sur notre site","og_description":"Consultez nos mentions l\u00e9gales pour des d\u00e9tails sur la conformit\u00e9 et les informations l\u00e9gales. D\u00e9couvrez toutes nos obligations l\u00e9gales.","og_url":"https:\/\/salone.mg\/en\/mentions-legales\/","og_site_name":"Salone","article_modified_time":"2024-08-16T05:45:56+00:00","twitter_card":"summary_large_image","twitter_misc":{"Est. reading time":"1 minute"},"schema":{"@context":"https:\/\/schema.org","@graph":[{"@type":"WebPage","@id":"https:\/\/salone.mg\/mentions-legales\/","url":"https:\/\/salone.mg\/mentions-legales\/","name":"Mentions l\u00e9gales \u2013 informations et conformit\u00e9 sur notre site","isPartOf":{"@id":"https:\/\/salone.mg\/#website"},"datePublished":"2024-04-03T11:56:06+00:00","dateModified":"2024-08-16T05:45:56+00:00","description":"Consultez nos mentions l\u00e9gales pour des d\u00e9tails sur la conformit\u00e9 et les informations l\u00e9gales. D\u00e9couvrez toutes nos obligations l\u00e9gales.","breadcrumb":{"@id":"https:\/\/salone.mg\/mentions-legales\/#breadcrumb"},"inLanguage":"en-US","potentialAction":[{"@type":"ReadAction","target":["https:\/\/salone.mg\/mentions-legales\/"]}]},{"@type":"BreadcrumbList","@id":"https:\/\/salone.mg\/mentions-legales\/#breadcrumb","itemListElement":[{"@type":"ListItem","position":1,"name":"Accueil","item":"https:\/\/salone.mg\/"},{"@type":"ListItem","position":2,"name":"MENTIONS L\u00c9GALES"}]},{"@type":"WebSite","@id":"https:\/\/salone.mg\/#website","url":"https:\/\/salone.mg\/","name":"Salone","description":"L&#039;excellence des saveurs au service de vos papilles","publisher":{"@id":"https:\/\/salone.mg\/#organization"},"potentialAction":[{"@type":"SearchAction","target":{"@type":"EntryPoint","urlTemplate":"https:\/\/salone.mg\/?s={search_term_string}"},"query-input":{"@type":"PropertyValueSpecification","valueRequired":true,"valueName":"search_term_string"}}],"inLanguage":"en-US"},{"@type":"Organization","@id":"https:\/\/salone.mg\/#organization","name":"Salone","url":"https:\/\/salone.mg\/","logo":{"@type":"ImageObject","inLanguage":"en-US","@id":"https:\/\/salone.mg\/#\/schema\/logo\/image\/","url":"https:\/\/salone.mg\/wp-content\/uploads\/2024\/03\/logo-nobg-.png","contentUrl":"https:\/\/salone.mg\/wp-content\/uploads\/2024\/03\/logo-nobg-.png","width":363,"height":294,"caption":"Salone"},"image":{"@id":"https:\/\/salone.mg\/#\/schema\/logo\/image\/"}}]}},"jetpack_sharing_enabled":true,"_links":{"self":[{"href":"https:\/\/salone.mg\/en\/wp-json\/wp\/v2\/pages\/8018","targetHints":{"allow":["GET"]}}],"collection":[{"href":"https:\/\/salone.mg\/en\/wp-json\/wp\/v2\/pages"}],"about":[{"href":"https:\/\/salone.mg\/en\/wp-json\/wp\/v2\/types\/page"}],"author":[{"embeddable":true,"href":"https:\/\/salone.mg\/en\/wp-json\/wp\/v2\/users\/1"}],"replies":[{"embeddable":true,"href":"https:\/\/salone.mg\/en\/wp-json\/wp\/v2\/comments?post=8018"}],"version-history":[{"count":4,"href":"https:\/\/salone.mg\/en\/wp-json\/wp\/v2\/pages\/8018\/revisions"}],"predecessor-version":[{"id":9954,"href":"https:\/\/salone.mg\/en\/wp-json\/wp\/v2\/pages\/8018\/revisions\/9954"}],"wp:attachment":[{"href":"https:\/\/salone.mg\/en\/wp-json\/wp\/v2\/media?parent=8018"}],"curies":[{"name":"wp","href":"https:\/\/api.w.org\/{rel}","templated":true}]}}